{"id":23,"date":"2022-06-09T06:17:39","date_gmt":"2022-06-09T06:17:39","guid":{"rendered":"https:\/\/koguddev.emu.ee\/zoomeedikum\/?page_id=23"},"modified":"2024-04-29T10:27:22","modified_gmt":"2024-04-29T07:27:22","slug":"esileht","status":"publish","type":"page","link":"https:\/\/kogud.emu.ee\/zoomeedikum\/","title":{"rendered":"Esileht"},"content":{"rendered":"\n<p>Zoomeedikumi kogu jaguneb museaalseks osaks, kus on v\u00e4lja pandud valik anatoomia, patoloogilise anatoomia ja parasitoloogia ning ortopeedia ja rautuse museaale. Kogu l\u00e4tteks on loomaarstide koolitamiseks vajalikud \u00f5ppepreparaadid, kuid kollektsioon t\u00e4ieneb nii sihip\u00e4raselt hangitud kui teadust\u00f6\u00f6 ning loomakliiniku ravit\u00f6\u00f6 k\u00e4igus kogunenud materjalidega.<br>Lisaks arvukatele naturaalpreparaatidele on kogunenud hulgaliselt ajaloolise taustaga esemeid. Nii on annetatud muuseumile instrumente, dokumente, k\u00e4sikirju, fotosid, jooniseid, samuti erialast kirjandust alates XIX sajandi teisest poolest. <\/p>\n\n\n\n<h2 class=\"wp-block-heading\">Kogu struktuur<\/h2>\n\n\n\n<p><strong>Normaalse anatoomia<\/strong> alakogu p\u00f5hiosa moodustavad selgroogsete, eriti imetajate ja lindude skeletid ning koljud, koduloomade veresoonte ja n\u00e4rvide topograafilis-anatoomilised preparaadid, koduloomade siseelundite ja veresoonte korrosioonpreparaadid, v\u00e4hene arv mulaa\u017ee jm. Anatoomia alakogus leidub ka \u00fcksikuid subfossiilseid imetajaluid ja nende fragmente.<br><strong>Patoanatoomia ja parasitoloogia <\/strong>alakogu sisaldab makro- ja mikropreparaate haiguslike, sh t\u00e4nap\u00e4eval Eestis mitteesinevate nakkushaiguste puhuste muutustega (veiste katk, malleus jt), v\u00e4\u00e4rarendeid ning imetajate, lindude ja kalade parasiite.<br><strong>Ortopeedia <\/strong>alakogu moodustavad terved ja haiguslike muutustega kabjad ning s\u00f5rad; hobuse kabja- ja veise s\u00f5rarauad, sookingad ning rautustarvikud.<\/p>\n\n\n\n<h2 class=\"wp-block-heading\">Kujunemislugu<\/h2>\n\n\n\n<p>Zoomeedikumi kogu sai alguse Vilniuse Medikokirurgia Akadeemia likvideerimise j\u00e4rel 1843. aastal Tartu \u00fclikoolile kingitud preparaatidest, mis anti hiljem \u00fcle 1848. aastal asutatud Tartu Veterinaariakoolile. Toonaste preparaatide hilisem saatus pole teada. Edaspidi on kogu pidevalt t\u00e4iendatud. 1918. aastal evakueeriti v\u00e4\u00e4rtuslik osa Saraatovisse. Palju preparaate h\u00e4vis Teise maailmas\u00f5ja ajal.<\/p>\n\n\n\n<h4 class=\"wp-block-heading\"><strong>Anatoomia alakogu<\/strong><\/h4>\n\n\n\n<p>Kogu sai alguse Tartu Veterinaariakooli ja -instituudi zootoomia (koduloomade anatoomia), zooloogia ja v\u00f5rdleva anatoomia \u00f5ppevahenditest. Vanimad dateeritud s\u00e4ilikud p\u00e4rinevad 1853. aastast, nimelt inimese k\u00f5rva mulaa\u017e ning akadeemik Alexander Theodor v. Middendorfi (1815\u20131894) poolt Tartu Veterinaariakoolile kingitud hobuse pronksist skelett. Osa naturaalskelettidest (lamav hobune, eesti maat\u00f5ugu veis, l\u00f5vi jt) ning enamik imetajakoljusid on muretsetud enne 1917. aastat. Suure osa kollektsioonist koostas prof Ludvigs Kundzi\u0146\u0161 (1855\u20131940) aastatel 1887\u20131916. Valmispreparaadid osteti enamasti Ida- ja L\u00e4\u00e4ne-Euroopa zookauplustest, kuid ka Napoli zooloogiajaamast ja Berliini Akvaariumist. Preparaate valmistati ka Eestis, nt Emaj\u00f5est p\u00fc\u00fctud s\u00e4ga peast.<\/p>\n\n\n<div class=\"wp-block-image\">\n<figure class=\"aligncenter size-large is-resized\"><img loading=\"lazy\" decoding=\"async\" width=\"1024\" height=\"918\" src=\"https:\/\/kogud.emu.ee\/zoomeedikum\/wp-content\/uploads\/sites\/3\/2024\/02\/anamuuseumi-pilt-1024x918.jpg\" alt=\"TVI anatoomia muuseum 1890-ndate aastate l\u00f5pu paiku\" class=\"wp-image-764\" style=\"width:579px;height:auto\" srcset=\"https:\/\/kogud.emu.ee\/zoomeedikum\/wp-content\/uploads\/sites\/3\/2024\/02\/anamuuseumi-pilt-1024x918.jpg 1024w, https:\/\/kogud.emu.ee\/zoomeedikum\/wp-content\/uploads\/sites\/3\/2024\/02\/anamuuseumi-pilt-300x269.jpg 300w, https:\/\/kogud.emu.ee\/zoomeedikum\/wp-content\/uploads\/sites\/3\/2024\/02\/anamuuseumi-pilt-768x688.jpg 768w, https:\/\/kogud.emu.ee\/zoomeedikum\/wp-content\/uploads\/sites\/3\/2024\/02\/anamuuseumi-pilt.jpg 1125w\" sizes=\"auto, (max-width: 1024px) 100vw, 1024px\" \/><figcaption class=\"wp-element-caption\">TVI anatoomia muuseum 1890-ndate aastate l\u00f5pu paiku<\/figcaption><\/figure>\n<\/div>\n\n\n<p>Teise maailma s\u00f5ja j\u00e4rgsel perioodil monteeriti paljud skeletid dots Paul Saksa juhendamisel. Luustike ja koljupreparaatide valmistamist j\u00e4tkatakse senini. Veresoonte ja n\u00e4rvide topopreparaadid on teinud peamiselt  vanemlaborant Amanda Sunberg aastail 1952\u20131969. Osa s\u00e4ilikuid on valmistanud \u00fcli\u00f5pilased. 1980\u20131990ndatel aastatel selgitati dots Enn Ernitsa juhendamisel osa muuseumipreparaatide p\u00e4ritolu ning t\u00e4psustati ja ajakohastati nende nimetusi. Valmistati anatoomia ajaloo stendid (1996), mis kajastavad morfoloogia arengut kiviajast alates.<br>Viimastel aastak\u00fcmnetel on kogu t\u00e4ienenud Tallinna Loomaaia abiga, n\u00e4iteks on valmistatud teravmokkninasarvik Murray, amuuri tiiger Bronto, lumeleopard Olivia ja \u0161impans Pino skeletid.<\/p>\n\n\n<div class=\"wp-block-image\">\n<figure class=\"aligncenter size-large is-resized\"><img loading=\"lazy\" decoding=\"async\" width=\"1024\" height=\"590\" src=\"https:\/\/kogud.emu.ee\/zoomeedikum\/wp-content\/uploads\/sites\/3\/2024\/02\/anamuuseum-praegu-e1708510642170-1024x590.jpg\" alt=\"\" class=\"wp-image-767\" style=\"width:639px;height:auto\" srcset=\"https:\/\/kogud.emu.ee\/zoomeedikum\/wp-content\/uploads\/sites\/3\/2024\/02\/anamuuseum-praegu-e1708510642170-1024x590.jpg 1024w, https:\/\/kogud.emu.ee\/zoomeedikum\/wp-content\/uploads\/sites\/3\/2024\/02\/anamuuseum-praegu-e1708510642170-300x173.jpg 300w, https:\/\/kogud.emu.ee\/zoomeedikum\/wp-content\/uploads\/sites\/3\/2024\/02\/anamuuseum-praegu-e1708510642170-768x442.jpg 768w, https:\/\/kogud.emu.ee\/zoomeedikum\/wp-content\/uploads\/sites\/3\/2024\/02\/anamuuseum-praegu-e1708510642170.jpg 1387w\" sizes=\"auto, (max-width: 1024px) 100vw, 1024px\" \/><figcaption class=\"wp-element-caption\">Anatoomiamuuseum koliti 2000. algusaastail Zoomeedikumi <\/figcaption><\/figure>\n<\/div>\n\n\n<h4 class=\"wp-block-heading\"><strong>Patoloogilise anatoomia<\/strong> ja parasitoloogia alakogu<\/h4>\n\n\n\n<p>Patoanatoomiliste p\u00fcsipreparaatide valmistamine algas arvatavasti juba Tartu Veterinaariakooli asutamise j\u00e4rel, alates 1848.aastast. Sel ajal levis p\u00f5llumajandusloomade seas laialt ka selliseid haigusi, mis on t\u00e4nap\u00e4evaks likvideeritud v\u00f5i esinevad v\u00e4ga harva (malleus e tatitaud, enzootiline l\u00fcmfangiit, veiste katk, n\u00f5lg, veiste kontagioosne pleuropneumoonia, tuberkuloos jmt).   Konserveeritud lahanguleide kasutati haiguste diagnoosimiseks.<br>Aastal 1865 asus anatoomia prosektori kohale Ein\u0161ens Zemmers, kes t\u00f6\u00f6tades patoloogilise anatoomia professorina omandas \u00fclemaailmse kuulsuse just siberi katku e antraksei uurimisega. Sellekohaseid preparaate aga leidub kogus \u00fcksikuid, kuna siberi katku puhul on looma lahang keelatud. Toonastest levinumatest nakkustest on aga s\u00e4ilinud malleuse e tatitaudi ja tuberkuloosi kahjustustega elundite preparaadid.<br>1870-ndatel aastatel oli loomaarstil rohkelt tegemist ka veiste katkuga, mida uurisid Peter Jessen, Cazimir Raupach jt. Muuseumis s\u00e4ilitatakse p\u00fcsipreparaate veiste katku puhuste muutustega elundites: kahjustused l\u00fcmfis\u00f5lmedes, mandlites, p\u00f5rnas, far\u00fcngiit, verevalumid suulimaskestas jm.<br>Oma panuse patoloogilise anatoomia preparaatide valmistamisel on andnud professor Ernests Paukulis, Ernst Schr\u00f6der, hulga preparaate on valminud Johann Waldmann ja mitmed teised sel alal t\u00f6\u00f6tanud \u00f5ppej\u00f5ud.<br>Kuigi leidub piisavalt elu ajal looma kimbutavaid haigusi, on mitmed organismid juba enne oma ilmaletulekut m\u00e4\u00e4ratud esindama v\u00e4\u00e4rarendeid e soerdeid: k\u00f5ikv\u00f5imalikes suundades k\u00f5verdunud l\u00fclisambaga vasikad, kahen\u00e4olised p\u00f5rsad ja vasikad, \u00fchesilmaline \u00fclal\u00f5uatu varsapea, paljuvarbaline seajalg jne.<br>Suure panuse p\u00fcsipreparaatidega muuseumi t\u00e4iendamisel andis 1930. aastatest alates patoloogilise anatoomia alal t\u00f6\u00f6tanud professor Vassil Ridala. Tema juhendamisel on lisandunud preparaate parasiitidest, sigade punataudist, eba\u00f5igest s\u00f6\u00f6tmisest v\u00f5i lohakusest tingitud patoloogiliste muutustega, kasvajad, samuti suur hulk konkremente, pulstikuid.<br>Muuseumi peamine v\u00e4\u00e4rtus ongi ajalooline, kuna selline s\u00e4ilitamisviis v\u00f5imaldas haiguspilti v\u00f5rdlusmaterjalina kasutada. Viimastel aastak\u00fcmnetel on lahanguleidude talletamine naturaalsel kujul asendanud nende j\u00e4\u00e4dvustamisega peamiselt foto- ja videotehnika abil.<br>1990ndatel aastatel renoveeris, t\u00e4iendas ja kataloogis patoanatoomia kogu preparaate toonase loomaarstiteaduskonna veterinaarmeditsiini muuseumi juhataja Velta Lokk.<\/p>\n\n\n\n<h4 class=\"wp-block-heading\">Ortopeedia ja rautuse kogu<\/h4>\n\n\n\n<p>Kogu peamised s\u00e4ilikud tutvustavad hobusekapjade haiguslikke muutusi ning kabjaraudu, samuti traumade ja haiguste tagaj\u00e4rjel moondunud luude preparaate. <\/p>\n\n\n\n<p>Ortopeediakogu loodi Tartu Veterinaariakooli algusperioodil XIX sajandi keskpaiku. Esimesed preparaadid (\u00fcle 200 hobusekabja ja -raua) saadi Vilniuse Medikokirurgilise Akadeemia ja Kaasani \u00fclikooli veterinaaria kateedri likvideerimisel.<br>Tartu Veterinaariakooli esimene direktor prof Peter Jesseni (1801\u20131875 ettev\u00f5tmisel sepistas kooli \u00f5ppesepa abi Carl Friedrich Arndt rautusvahendite n\u00e4idiskogu. See l\u00e4ks maksma 28 h\u00f5berubla ning sisaldas 38 erinevat kabjarauda, krihviv\u00f5tme, kabjatangid ja 18 erinevat naela. Samaaegselt avaldas P. Jessen 1853. aastal asjaomase kogu kohta bro\u0161\u00fc\u00fcri tuntud Tartu kunstniku Friedrich Schlateri (1804\u20131870) litograafiatega. Kahjuks pole tsaariaegse kogu kujunemise ja s\u00e4ilimise kohta rohkem andmeid.<\/p>\n\n\n<div class=\"wp-block-image\">\n<figure class=\"aligncenter size-large is-resized\"><img loading=\"lazy\" decoding=\"async\" width=\"1024\" height=\"648\" src=\"https:\/\/kogud.emu.ee\/zoomeedikum\/wp-content\/uploads\/sites\/3\/2024\/02\/Sare-1024x648.jpg\" alt=\"Professor Rudolf S\u00e4re ortopeediamuuseumis\" class=\"wp-image-800\" style=\"width:588px;height:auto\" srcset=\"https:\/\/kogud.emu.ee\/zoomeedikum\/wp-content\/uploads\/sites\/3\/2024\/02\/Sare-1024x648.jpg 1024w, https:\/\/kogud.emu.ee\/zoomeedikum\/wp-content\/uploads\/sites\/3\/2024\/02\/Sare-300x190.jpg 300w, https:\/\/kogud.emu.ee\/zoomeedikum\/wp-content\/uploads\/sites\/3\/2024\/02\/Sare-768x486.jpg 768w, https:\/\/kogud.emu.ee\/zoomeedikum\/wp-content\/uploads\/sites\/3\/2024\/02\/Sare.jpg 1319w\" sizes=\"auto, (max-width: 1024px) 100vw, 1024px\" \/><figcaption class=\"wp-element-caption\">Professor Rudolf S\u00e4re ortopeediamuuseumis<\/figcaption><\/figure>\n<\/div>\n\n\n<p>XX sajandil t\u00e4iendas ja hooldas ortopeedia ja rautuse kogu prof Rudolf S\u00e4re (1909\u20131985), kelle eestv\u00f5ttel kujundati kogu v\u00e4ljapanek Vene tn 38 \u00f5ppehoonesse. Professori koostatud kirurgia ja kabjahaiguste \u00f5pikud olid toona \u00f5ppet\u00f6\u00f6s asendamatud.  Professor S\u00e4re t\u00f6\u00f6d j\u00e4tkasid alates 80. aastatest tolleaegse kirurgai ja s\u00fcnnitusabi kateedri \u00f5ppej\u00f5ud Mihkel Jalakas ja Mait Klaassen.<br>Aastal 1992 toodi nn kabjamuuseum Zoomeedikumi, mille praegustes ruumides hakati seda eksponeerima 2004. aastal.<br>Meditsiinis tuntakse ortopeedia m\u00f5iste all kogu tugi- ja liikumiselundite (l\u00fclisamba, vaagna, j\u00e4semete) vigastusi, v\u00e4\u00e4rasendeid ja talitlush\u00e4ireid ning nende ravi.<br>Zoomeedikumi ortopeediamuuseum koondab traditsiooniliselt peamiselt kabjahaiguste, hobuseraudade ja rautustarvikute n\u00e4idiseid, v\u00e4hem leidub preaparaate j\u00e4semete \u00fcldistest haiguslikest muutustest ja teistest tugis\u00fcsteemi patoloogiatest.<br>Kogu peamine v\u00e4\u00e4rtus on tema ajalooline taust. Tartu veterinaariakooli rajamise \u00fcheks motiiviks 19. sajandi keskel oli toonase tsaariarmee vajadus hobusearstide j\u00e4rele. Kooli esimese saja aasta jooksul moodustasid loomakliiniku patsientidest enamuse hobused, n\u00e4iteks 1910. aastal raviti kliinikus kokku 7074 looma, kellest \u00fcle 4200 olid hobused.<br>Kliiniku esimene patsient oli samuti hobune, 1848. oktoobrikuus raviti terveks \u00fcheaastase t\u00e4kks\u00e4lu parema tagajala vigastus.<br>Praegusel ajal ei leidu t\u00e4nu hobuste v\u00e4iksemale t\u00f6\u00f6koormusele ning nende hooldamise ja raviv\u00f5imaluste edenemisele hobusekapjadel nii ohtralt haiguslikke muutusi ning erinevaid kabjaraudu saab hankida ka sepikoja teenuseta. R\u00e4\u00e4kimata laiast valikust lisatarvikutest, mis rautusel hobuse seisuvigu parandavad ning jalahaigusi aitavad ennetada. Seet\u00f5ttu on lisandunud viimastel aastak\u00fcmnetel kogusse vaid \u00fcksikud eksponaadid.<br>Kogu s\u00e4ilikute kirjete koostamisel on aluseks Rudolf S\u00e4re ja Mihkel Jalaka koostatud nimekiri. Kahjuks puuduvad kirjetel p\u00e4ritolu kohta andmed, kuna kogu on leidnud kasutust peamiselt loomaarstide \u00f5ppet\u00f6\u00f6s. Ortopeedia ja hobuserautuse kursus oli veterinaariakooli algusaastatel \u00fcpris t\u00e4htis \u00f5ppeaine, selle raames harjutati sepikojas 5.\u20138. semestril 24 tundi n\u00e4dalas, m\u00f6\u00f6dunud sajandi 30. aastatel kokku kolmel semestril 5\u20266 tundi n\u00e4dalas. Veel 50 aastat tagasi pidi iga \u00fcli\u00f5pilane nimetatud \u00f5ppeaines arvestuse saamiseks suutma sepistada ka hobuseraua.<br>Kogu ajaloolise tausta t\u00f5ttu on selgitavad tekstid koostatud Rudolf S\u00e4re raamatute p\u00f5hja ning s\u00e4ilitatud on professori toonane terminoloogia ja s\u00f5nakasutus.<br>Kogu s\u00e4ilikuid inventeerisid ja dokumenteerisid Silva Tedrema ja Eha J\u00e4rv. Inglisekeelsed nimetused lisas Maa\u00fclikooli hobuste kliiniku arst Reet Herm. Kogu pildistas ja seadis veebilehele Eha J\u00e4rv.<\/p>\n\n\n\n<p><strong>Allikad<\/strong><\/p>\n\n\n\n<ul class=\"wp-block-list\">\n<li>Ernits, E. Eesti Maa\u00fclikooli Zoomeedikumi kogud. Kujunemislugu ja \u00fclevaade. Tartu: Eesti Maa\u00fclikool, 2009.<\/li>\n\n\n\n<li>Eesti P\u00f5llumajandus\u00fclikooli loomaarstiteaduskond: 1848\u20131998 \/ Koostanud E. Ernits. Tartu: O\u00dc Farmax, 1998.<\/li>\n\n\n\n<li>175 aastat loomaarsti\u00f5pet ja -teadust Eestis. Eesti Maa\u00fclikooli veterinaarmeditsiini ja loomakasvatuse instituut 1848\u20132023. Koostanud Enn Ernits ja Tarmo Niine. Tartu: Eesti Maa\u00fclikool, 2023.<\/li>\n\n\n\n<li>Lokk, V. 1996. Patoloogilise anatoomia muuseumist. \u2013 Eesti Loomaarstlik Ringvaade, 1996(6), lk 249\u2013252.<\/li>\n\n\n\n<li>R\u00e4ngel, A. \/Loomaarst A. R\u00e4ngel\/. Hobuserautamine ja kabja tervishoid. Autori kirjastus, Valhas, 1937.<\/li>\n\n\n\n<li>S\u00e4re, R. <a href=\"https:\/\/kogud.emu.ee\/zoomeedikum\/wp-content\/uploads\/sites\/3\/2024\/04\/Hobuserautamine.pdf\" data-type=\"link\" data-id=\"https:\/\/kogud.emu.ee\/zoomeedikum\/wp-content\/uploads\/sites\/3\/2024\/04\/Hobuserautamine.pdf\">Hobuserautamine<\/a>. Tartu: RK Teaduslik kirjandus, 1941.<\/li>\n\n\n\n<li>S\u00e4re, R. Kabja ja s\u00f5ratervishoid. Hobuserautamine. Tallinn: Valgus, 1956.<\/li>\n\n\n\n<li>S\u00e4re, R. Veterinaarkirurgia. Tallinn: Valgus, 1975.<\/li>\n<\/ul>\n","protected":false},"excerpt":{"rendered":"<p>Zoomeedikumi kogu jaguneb museaalseks osaks, kus on v\u00e4lja pandud valik anatoomia, patoloogilise anatoomia ja parasitoloogia ning ortopeedia ja rautuse museaale. Kogu l\u00e4tteks on loomaarstide koolitamiseks vajalikud \u00f5ppepreparaadid, kuid kollektsioon t\u00e4ieneb nii sihip\u00e4raselt hangitud kui teadust\u00f6\u00f6 ning loomakliiniku ravit\u00f6\u00f6 k\u00e4igus kogunenud materjalidega.Lisaks arvukatele naturaalpreparaatidele on kogunenud hulgaliselt ajaloolise taustaga esemeid. Nii on annetatud muuseumile instrumente, dokumente, [&hellip;]<\/p>\n","protected":false},"author":1,"featured_media":0,"parent":0,"menu_order":0,"comment_status":"closed","ping_status":"closed","template":"","meta":{"ocean_post_layout":"","ocean_both_sidebars_style":"","ocean_both_sidebars_content_width":0,"ocean_both_sidebars_sidebars_width":0,"ocean_sidebar":"","ocean_second_sidebar":"","ocean_disable_margins":"enable","ocean_add_body_class":"","ocean_shortcode_before_top_bar":"","ocean_shortcode_after_top_bar":"","ocean_shortcode_before_header":"","ocean_shortcode_after_header":"","ocean_has_shortcode":"","ocean_shortcode_after_title":"","ocean_shortcode_before_footer_widgets":"","ocean_shortcode_after_footer_widgets":"","ocean_shortcode_before_footer_bottom":"","ocean_shortcode_after_footer_bottom":"","ocean_display_top_bar":"default","ocean_display_header":"default","ocean_header_style":"","ocean_center_header_left_menu":"","ocean_custom_header_template":"","ocean_custom_logo":0,"ocean_custom_retina_logo":0,"ocean_custom_logo_max_width":0,"ocean_custom_logo_tablet_max_width":0,"ocean_custom_logo_mobile_max_width":0,"ocean_custom_logo_max_height":0,"ocean_custom_logo_tablet_max_height":0,"ocean_custom_logo_mobile_max_height":0,"ocean_header_custom_menu":"","ocean_menu_typo_font_family":"","ocean_menu_typo_font_subset":"","ocean_menu_typo_font_size":0,"ocean_menu_typo_font_size_tablet":0,"ocean_menu_typo_font_size_mobile":0,"ocean_menu_typo_font_size_unit":"px","ocean_menu_typo_font_weight":"","ocean_menu_typo_font_weight_tablet":"","ocean_menu_typo_font_weight_mobile":"","ocean_menu_typo_transform":"","ocean_menu_typo_transform_tablet":"","ocean_menu_typo_transform_mobile":"","ocean_menu_typo_line_height":0,"ocean_menu_typo_line_height_tablet":0,"ocean_menu_typo_line_height_mobile":0,"ocean_menu_typo_line_height_unit":"","ocean_menu_typo_spacing":0,"ocean_menu_typo_spacing_tablet":0,"ocean_menu_typo_spacing_mobile":0,"ocean_menu_typo_spacing_unit":"","ocean_menu_link_color":"","ocean_menu_link_color_hover":"","ocean_menu_link_color_active":"","ocean_menu_link_background":"","ocean_menu_link_hover_background":"","ocean_menu_link_active_background":"","ocean_menu_social_links_bg":"","ocean_menu_social_hover_links_bg":"","ocean_menu_social_links_color":"","ocean_menu_social_hover_links_color":"","ocean_disable_title":"default","ocean_disable_heading":"default","ocean_post_title":"","ocean_post_subheading":"","ocean_post_title_style":"","ocean_post_title_background_color":"","ocean_post_title_background":0,"ocean_post_title_bg_image_position":"","ocean_post_title_bg_image_attachment":"","ocean_post_title_bg_image_repeat":"","ocean_post_title_bg_image_size":"","ocean_post_title_height":0,"ocean_post_title_bg_overlay":0.5,"ocean_post_title_bg_overlay_color":"","ocean_disable_breadcrumbs":"default","ocean_breadcrumbs_color":"","ocean_breadcrumbs_separator_color":"","ocean_breadcrumbs_links_color":"","ocean_breadcrumbs_links_hover_color":"","ocean_display_footer_widgets":"default","ocean_display_footer_bottom":"default","ocean_custom_footer_template":"","footnotes":""},"class_list":["post-23","page","type-page","status-publish","hentry","entry"],"_links":{"self":[{"href":"https:\/\/kogud.emu.ee\/zoomeedikum\/wp-json\/wp\/v2\/pages\/23","targetHints":{"allow":["GET"]}}],"collection":[{"href":"https:\/\/kogud.emu.ee\/zoomeedikum\/wp-json\/wp\/v2\/pages"}],"about":[{"href":"https:\/\/kogud.emu.ee\/zoomeedikum\/wp-json\/wp\/v2\/types\/page"}],"author":[{"embeddable":true,"href":"https:\/\/kogud.emu.ee\/zoomeedikum\/wp-json\/wp\/v2\/users\/1"}],"replies":[{"embeddable":true,"href":"https:\/\/kogud.emu.ee\/zoomeedikum\/wp-json\/wp\/v2\/comments?post=23"}],"version-history":[{"count":34,"href":"https:\/\/kogud.emu.ee\/zoomeedikum\/wp-json\/wp\/v2\/pages\/23\/revisions"}],"predecessor-version":[{"id":1241,"href":"https:\/\/kogud.emu.ee\/zoomeedikum\/wp-json\/wp\/v2\/pages\/23\/revisions\/1241"}],"wp:attachment":[{"href":"https:\/\/kogud.emu.ee\/zoomeedikum\/wp-json\/wp\/v2\/media?parent=23"}],"curies":[{"name":"wp","href":"https:\/\/api.w.org\/{rel}","templated":true}]}}