{"id":6,"date":"2022-08-17T06:51:16","date_gmt":"2022-08-17T03:51:16","guid":{"rendered":"https:\/\/koguddev.emu.ee\/taimed\/?page_id=6"},"modified":"2024-03-01T14:44:00","modified_gmt":"2024-03-01T12:44:00","slug":"taa","status":"publish","type":"page","link":"https:\/\/kogud.emu.ee\/taa\/","title":{"rendered":"Esileht"},"content":{"rendered":"\n<h2 class=\"wp-block-heading has-text-align-center has-background\" style=\"background-color:#deedc8\"><strong>EESTI MAA\u00dcLIKOOLI HERBAARIUM &#8211; TAA<\/strong><\/h2>\n\n\n\n<p><\/p>\n\n\n<div class=\"wp-block-image\">\n<figure class=\"aligncenter size-full is-resized\"><img loading=\"lazy\" decoding=\"async\" width=\"2560\" height=\"1920\" src=\"https:\/\/koguddev.emu.ee\/taa\/wp-content\/uploads\/sites\/7\/2024\/01\/DSC00006-scaled.jpg\" alt=\"\" class=\"wp-image-236\" style=\"width:699px;height:auto\" srcset=\"https:\/\/kogud.emu.ee\/taa\/wp-content\/uploads\/sites\/7\/2024\/01\/DSC00006-scaled.jpg 2560w, https:\/\/kogud.emu.ee\/taa\/wp-content\/uploads\/sites\/7\/2024\/01\/DSC00006-300x225.jpg 300w, https:\/\/kogud.emu.ee\/taa\/wp-content\/uploads\/sites\/7\/2024\/01\/DSC00006-1024x768.jpg 1024w, https:\/\/kogud.emu.ee\/taa\/wp-content\/uploads\/sites\/7\/2024\/01\/DSC00006-768x576.jpg 768w, https:\/\/kogud.emu.ee\/taa\/wp-content\/uploads\/sites\/7\/2024\/01\/DSC00006-1536x1152.jpg 1536w, https:\/\/kogud.emu.ee\/taa\/wp-content\/uploads\/sites\/7\/2024\/01\/DSC00006-2048x1536.jpg 2048w\" sizes=\"auto, (max-width: 2560px) 100vw, 2560px\" \/><\/figure>\n<\/div>\n\n\n<p><\/p>\n\n\n\n<p><\/p>\n\n\n<style>.kb-row-layout-wrap.wp-block-kadence-rowlayout.kb-row-layout-id6_f3f8ef-6b{margin-bottom:0px;}.kb-row-layout-id6_f3f8ef-6b > .kt-row-column-wrap{align-content:center;}:where(.kb-row-layout-id6_f3f8ef-6b > .kt-row-column-wrap) > .wp-block-kadence-column{justify-content:center;}.kb-row-layout-id6_f3f8ef-6b > .kt-row-column-wrap{column-gap:var(--global-kb-gap-md, 2rem);row-gap:var(--global-kb-gap-md, 2rem);padding-top:var(--global-kb-spacing-sm, 1.5rem);padding-bottom:var(--global-kb-spacing-sm, 1.5rem);}.kb-row-layout-id6_f3f8ef-6b > .kt-row-column-wrap > div:not(.added-for-specificity){grid-column:initial;}.kb-row-layout-id6_f3f8ef-6b > .kt-row-column-wrap{grid-template-columns:repeat(3, minmax(0, 1fr));}.kb-row-layout-id6_f3f8ef-6b > .kt-row-layout-overlay{opacity:0.30;}@media all and (max-width: 1024px){.kb-row-layout-id6_f3f8ef-6b > .kt-row-column-wrap > div:not(.added-for-specificity){grid-column:initial;}}@media all and (max-width: 1024px){.kb-row-layout-id6_f3f8ef-6b > .kt-row-column-wrap{grid-template-columns:repeat(3, minmax(0, 1fr));}}@media all and (max-width: 767px){.kb-row-layout-id6_f3f8ef-6b > .kt-row-column-wrap > div:not(.added-for-specificity){grid-column:initial;}.kb-row-layout-id6_f3f8ef-6b > .kt-row-column-wrap{grid-template-columns:minmax(0, 1fr);}}<\/style><div class=\"kb-row-layout-wrap kb-row-layout-id6_f3f8ef-6b alignnone wp-block-kadence-rowlayout\"><div class=\"kt-row-column-wrap kt-has-3-columns kt-row-layout-equal kt-tab-layout-inherit kt-mobile-layout-row kt-row-valign-middle\">\n<style>.kadence-column6_bef57b-13 > .kt-inside-inner-col,.kadence-column6_bef57b-13 > .kt-inside-inner-col:before{border-top-left-radius:0px;border-top-right-radius:0px;border-bottom-right-radius:0px;border-bottom-left-radius:0px;}.kadence-column6_bef57b-13 > .kt-inside-inner-col{column-gap:var(--global-kb-gap-sm, 1rem);}.kadence-column6_bef57b-13 > .kt-inside-inner-col{flex-direction:column;}.kadence-column6_bef57b-13 > .kt-inside-inner-col > .aligncenter{width:100%;}.kadence-column6_bef57b-13 > .kt-inside-inner-col:before{opacity:0.3;}.kadence-column6_bef57b-13{position:relative;}@media all and (max-width: 1024px){.kadence-column6_bef57b-13 > .kt-inside-inner-col{flex-direction:column;justify-content:center;}}@media all and (max-width: 767px){.kadence-column6_bef57b-13 > .kt-inside-inner-col{flex-direction:column;justify-content:center;}}<\/style>\n<div class=\"wp-block-kadence-column kadence-column6_bef57b-13\"><div class=\"kt-inside-inner-col\"><style>.wp-block-kadence-advancedheading.kt-adv-heading6_ef0f51-b9, .wp-block-kadence-advancedheading.kt-adv-heading6_ef0f51-b9[data-kb-block=\"kb-adv-heading6_ef0f51-b9\"]{font-size:var(--global-kb-font-size-lg, 2rem);font-style:normal;}.wp-block-kadence-advancedheading.kt-adv-heading6_ef0f51-b9 mark.kt-highlight, .wp-block-kadence-advancedheading.kt-adv-heading6_ef0f51-b9[data-kb-block=\"kb-adv-heading6_ef0f51-b9\"] mark.kt-highlight{font-style:normal;color:#f76a0c;-webkit-box-decoration-break:clone;box-decoration-break:clone;padding-top:0px;padding-right:0px;padding-bottom:0px;padding-left:0px;}<\/style>\n<p class=\"kt-adv-heading6_ef0f51-b9 wp-block-kadence-advancedheading\" data-kb-block=\"kb-adv-heading6_ef0f51-b9\"><strong>183 000 soontaime<\/strong><\/p>\n<\/div><\/div>\n\n\n<style>.kadence-column6_106abf-2e > .kt-inside-inner-col,.kadence-column6_106abf-2e > .kt-inside-inner-col:before{border-top-left-radius:0px;border-top-right-radius:0px;border-bottom-right-radius:0px;border-bottom-left-radius:0px;}.kadence-column6_106abf-2e > .kt-inside-inner-col{column-gap:var(--global-kb-gap-sm, 1rem);}.kadence-column6_106abf-2e > .kt-inside-inner-col{flex-direction:column;}.kadence-column6_106abf-2e > .kt-inside-inner-col > .aligncenter{width:100%;}.kadence-column6_106abf-2e > .kt-inside-inner-col:before{opacity:0.3;}.kadence-column6_106abf-2e{position:relative;}@media all and (max-width: 1024px){.kadence-column6_106abf-2e > .kt-inside-inner-col{flex-direction:column;justify-content:center;}}@media all and (max-width: 767px){.kadence-column6_106abf-2e > .kt-inside-inner-col{flex-direction:column;justify-content:center;}}<\/style>\n<div class=\"wp-block-kadence-column kadence-column6_106abf-2e\"><div class=\"kt-inside-inner-col\"><style>.wp-block-kadence-advancedheading.kt-adv-heading6_b3686e-a3, .wp-block-kadence-advancedheading.kt-adv-heading6_b3686e-a3[data-kb-block=\"kb-adv-heading6_b3686e-a3\"]{font-size:var(--global-kb-font-size-lg, 2rem);font-style:normal;}.wp-block-kadence-advancedheading.kt-adv-heading6_b3686e-a3 mark.kt-highlight, .wp-block-kadence-advancedheading.kt-adv-heading6_b3686e-a3[data-kb-block=\"kb-adv-heading6_b3686e-a3\"] mark.kt-highlight{font-style:normal;color:#f76a0c;-webkit-box-decoration-break:clone;box-decoration-break:clone;padding-top:0px;padding-right:0px;padding-bottom:0px;padding-left:0px;}<\/style>\n<p class=\"kt-adv-heading6_b3686e-a3 wp-block-kadence-advancedheading\" data-kb-block=\"kb-adv-heading6_b3686e-a3\"><strong>37 000 sammalt<\/strong><\/p>\n<\/div><\/div>\n\n\n<style>.kadence-column6_bed7ec-28 > .kt-inside-inner-col,.kadence-column6_bed7ec-28 > .kt-inside-inner-col:before{border-top-left-radius:0px;border-top-right-radius:0px;border-bottom-right-radius:0px;border-bottom-left-radius:0px;}.kadence-column6_bed7ec-28 > .kt-inside-inner-col{column-gap:var(--global-kb-gap-sm, 1rem);}.kadence-column6_bed7ec-28 > .kt-inside-inner-col{flex-direction:column;}.kadence-column6_bed7ec-28 > .kt-inside-inner-col > .aligncenter{width:100%;}.kadence-column6_bed7ec-28 > .kt-inside-inner-col:before{opacity:0.3;}.kadence-column6_bed7ec-28{position:relative;}@media all and (max-width: 1024px){.kadence-column6_bed7ec-28 > .kt-inside-inner-col{flex-direction:column;justify-content:center;}}@media all and (max-width: 767px){.kadence-column6_bed7ec-28 > .kt-inside-inner-col{flex-direction:column;justify-content:center;}}<\/style>\n<div class=\"wp-block-kadence-column kadence-column6_bed7ec-28\"><div class=\"kt-inside-inner-col\"><style>.wp-block-kadence-advancedheading.kt-adv-heading6_d4341b-bc, .wp-block-kadence-advancedheading.kt-adv-heading6_d4341b-bc[data-kb-block=\"kb-adv-heading6_d4341b-bc\"]{font-size:var(--global-kb-font-size-lg, 2rem);font-style:normal;}.wp-block-kadence-advancedheading.kt-adv-heading6_d4341b-bc mark.kt-highlight, .wp-block-kadence-advancedheading.kt-adv-heading6_d4341b-bc[data-kb-block=\"kb-adv-heading6_d4341b-bc\"] mark.kt-highlight{font-style:normal;color:#f76a0c;-webkit-box-decoration-break:clone;box-decoration-break:clone;padding-top:0px;padding-right:0px;padding-bottom:0px;padding-left:0px;}<\/style>\n<p class=\"kt-adv-heading6_d4341b-bc wp-block-kadence-advancedheading\" data-kb-block=\"kb-adv-heading6_d4341b-bc\"><strong>85% digiteeritud<\/strong><\/p>\n<\/div><\/div>\n\n<\/div><\/div>\n\n\n<p><\/p>\n\n\n\n<p><\/p>\n\n\n\n<p>Eesti maa\u00fclikooli p\u00f5llumajandus- ja keskkonnainstituudi soon- ja sammaltaimede herbaarium, rahvusvahelise akron\u00fc\u00fcmiga TAA, on Eesti suuruselt teine botaaniline kollektsioon.<\/p>\n\n\n\n<p class=\"gb-headline gb-headline-40034ad3 gb-headline-text\">Herbaariumi p\u00f5hir\u00f5hk on Eestis leiduvate taksonite t\u00f5endeksemplaride kogumisel ja s\u00e4ilitamisel.  Herbaarium on olulise v\u00e4\u00e4rtusega nii kohalikele kui rahvusvahelistele teadusringkondadele sisaldades \u00fcle 220 000 soontaime ja sambla eksemplari. Suurema osa moodustavad soontaimed (ligi 183 000 isendit) ning sellest omakorda suurema osa moodustab Eesti materjal. Kollektsioonis on 1300 seemnen\u00e4idist ligi 700 taksoni kohta. Samuti on olemas \u00f5ppeherbaarium umbes 1300 herbaarlehega.<\/p>\n\n\n\n<p class=\"gb-headline gb-headline-1450f8b2 gb-headline-text\">Lisaks taimede mitmekesisuse, leviku ja \u00f6koloogia dokumenteerimisele on herbaarium hindamatu varasalv erinevate molekulaarsete, biokeemiliste ja geneetiliste uuringute tarvis. Herbaarium s\u00e4ilitab geneetilist informatsiooni erinevatest ajaj\u00e4rkudest.<\/p>\n\n\n\n<p>Kollektsioonis s\u00e4ilitatakse mitmesugustes teadusartiklites viidatud botaanilist t\u00f5endusmaterjali.<\/p>\n\n\n\n<div class=\"wp-block-group is-nowrap is-layout-flex wp-container-core-group-is-layout-ad2f72ca wp-block-group-is-layout-flex\">\n<figure class=\"wp-block-image is-resized\"><a href=\"https:\/\/kogud.emu.ee\/images\/herb1.jpg\"><img decoding=\"async\" src=\"https:\/\/kogud.emu.ee\/images\/herb1.jpg\" alt=\"\" style=\"width:723px;height:auto\" \/><\/a><\/figure>\n\n\n\n<figure class=\"wp-block-image is-resized\"><a href=\"https:\/\/kogud.emu.ee\/images\/herb2.jpg\"><img decoding=\"async\" src=\"https:\/\/kogud.emu.ee\/images\/herb2.jpg\" alt=\"\" style=\"width:318px;height:auto\" \/><\/a><\/figure>\n<\/div>\n\n\n\n<p><\/p>\n\n\n\n<h4 class=\"wp-block-heading\" id=\"sisaldab\"><\/h4>\n\n\n\n<hr class=\"wp-block-separator has-alpha-channel-opacity\" \/>\n\n\n\n<h1 class=\"wp-block-heading has-background\" style=\"background-color:#deedc8\"><strong>Kasutamise ja laenutamise reeglid<\/strong><\/h1>\n\n\n\n<p><strong>Herbaariumis k\u00e4itumise reeglid<\/strong><\/p>\n\n\n\n<ol class=\"wp-block-list\">\n<li>Herbaariumis ei tohi olla toiduaineid ega jooke. S\u00f6\u00f6miseks ja joomiseks v\u00f5ib kasutada osakonna seminariruumi (ruum 218).<\/li>\n\n\n\n<li>Herbaarmaterjali v\u00f5tab kasutamiseks kapist v\u00e4lja ja paneb kappi tagasi kuraator, kui pole personaalselt kokku lepitud teistmoodi.<\/li>\n\n\n\n<li>V\u00e4ljastpoolt p\u00e4rit materjali v\u00f5ib herbaariumisse tuua p\u00e4rast 72 tunnist s\u00fcgavk\u00fclmutamist ning kokkuleppel kuraatoriga. Samuti tuleb enne tagastamist s\u00fcgavk\u00fclmutada herbaareksemplarid, mis on olnud kasutuses teistes ruumides.<\/li>\n\n\n\n<li>Herbaariumiga tuleb k\u00e4ituda hoolivalt. Kapist v\u00e4ljav\u00f5etud herbaarlehti ei tohi j\u00e4tta lauale vedelema vaid tuleb kohe peale kasutamist panna \u00f5igesse kohta tagasi. Herbaarlehti ei tohi keerata tagurpidi ega painutada.<\/li>\n\n\n\n<li>Herbaariumi iga kasutamine ja k\u00fclastus registreeritakse vastavas raamatus.<\/li>\n<\/ol>\n\n\n\n<p><strong>Laenu tingimused<\/strong><\/p>\n\n\n\n<ol class=\"wp-block-list\">\n<li>Materjali laenutatakse v\u00e4lja tunnustatud teadusasutustele v\u00f5i eraisikutele. Uurimismaterjali kasutamine kommertseesm\u00e4rkidel eeldab erikokkulepet.<\/li>\n\n\n\n<li>Laenu pikkus on maksimaalselt 12 kuud alates laenu k\u00e4ttesaamise hetkest. Laenatud materjal tuleb tagastada esimesel v\u00f5imalusel p\u00e4rast sellega t\u00f6\u00f6tamise l\u00f5petamist. Vajadusel on v\u00f5imalik laenu pikendada kuni kuueks kuuks sellekohase kirjaliku palve alusel. V\u00f5imalik on ka deponeerimine.<\/li>\n\n\n\n<li>Kui planeeritav uurimus eeldab eksemplarist proovide v\u00f5tmist (mikroskopeerimiseks, DNA sekventsiks) on selleks vajalik eriluba. Otsused selleks tehakse konkreetsetest asjaoludest l\u00e4htuvalt.<\/li>\n\n\n\n<li>Kui laenatud materjalist on tehtud fotosid, jooniseid v\u00f5i anal\u00fc\u00fcse (DNA, TLC jm), palume lisada laenu tagastamisel materjalile nende asukoht ja ID numbrid vastavas andmebaasis.<\/li>\n\n\n\n<li>Laenatud materjali ei tohi edasi laenata.<\/li>\n\n\n\n<li>Laenatud materjali kasutus tuleb dokumenteerida. Tagastatud materjal tuleb varustada loetavate etikettidega millel on andmed uurija, kasutusaja, uurimisasutuse ja liigim\u00e4\u00e4rangu kohta (det., rev., conf., vid.) v\u00f5i uuringu valdkonna kohta (n\u00e4it. molekulaarse f\u00fclogeneesi uuringud).<\/li>\n\n\n\n<li>Taimede t\u00fc\u00fcpmaterjalid saadetakse eelistatult skaneeritud pildina. Erandkorras v\u00f5ib taimede t\u00fc\u00fcpmaterjale v\u00e4lja laenata maksimaalselt \u00fcheks kuuks. T\u00fc\u00fcpmaterjalist ei tohi ilma loata v\u00f5tta mingisuguseid t\u00fckikesi.<\/li>\n\n\n\n<li>Laenu saaja v\u00f5tab vastutuse materjali s\u00e4ilimise ja tagastamise \u00fcle. Laenatud materjaliga tuleb hoolikalt \u00fcmber k\u00e4ia, materjali tuleb hoida vastavalt herbaariumi s\u00e4ilitamisn\u00f5uetele, v\u00e4ltida kahjurite ligip\u00e4\u00e4su ning materjali mehaanilist kahjustamist.<\/li>\n\n\n\n<li>Kui laenatud materjali alusel kirjeldatakse uus liik (sp.nov.) tagastab liigi kirjeldaja holot\u00fc\u00fcbi ja pooled parat\u00fc\u00fcbid.<\/li>\n\n\n\n<li>Laenu andnud kogu tuleb \u00e4ra m\u00e4rkida k\u00f5igis publikatsioonides, mis on seotud laenatud materjali kasutamisega. Kasutatud materjal peab publikatsioonis olema viidatud kollektsiooni korrektse akron\u00fc\u00fcmiga (TAA(B)).Laenuandja on t\u00e4nulik vastavate publikatsioonide viidete v\u00f5i digikoopiate eest.<\/li>\n<\/ol>\n\n\n\n<p><strong>Herbaariumi kasutamiseks palun p\u00f6\u00f6rduda kuraatorite poole<\/strong>: Toomas Kukk (tomkukk@gmail.com), Thea Kull (thea.kull@emu.ee), Mare Leis (mare.leis@emu.ee).<\/p>\n","protected":false},"excerpt":{"rendered":"<p>EESTI MAA\u00dcLIKOOLI HERBAARIUM &#8211; TAA 183 000 soontaime 37 000 sammalt 85% digiteeritud Eesti maa\u00fclikooli p\u00f5llumajandus- ja keskkonnainstituudi soon- ja sammaltaimede herbaarium, rahvusvahelise akron\u00fc\u00fcmiga TAA, on Eesti suuruselt teine botaaniline kollektsioon. Herbaariumi p\u00f5hir\u00f5hk on Eestis leiduvate taksonite t\u00f5endeksemplaride kogumisel ja s\u00e4ilitamisel. Herbaarium on olulise v\u00e4\u00e4rtusega nii kohalikele kui rahvusvahelistele teadusringkondadele sisaldades \u00fcle 220 000 soontaime &#8230; <\/p>\n<p class=\"read-more-container\"><a title=\"Esileht\" class=\"read-more button\" href=\"https:\/\/kogud.emu.ee\/taa\/#more-6\" aria-label=\"Read more about Esileht\">Read more<\/a><\/p>\n","protected":false},"author":1,"featured_media":0,"parent":0,"menu_order":0,"comment_status":"closed","ping_status":"closed","template":"","meta":{"footnotes":""},"class_list":{"0":"post-6","1":"page","2":"type-page","3":"status-publish","5":"no-featured-image-padding"},"_links":{"self":[{"href":"https:\/\/kogud.emu.ee\/taa\/wp-json\/wp\/v2\/pages\/6","targetHints":{"allow":["GET"]}}],"collection":[{"href":"https:\/\/kogud.emu.ee\/taa\/wp-json\/wp\/v2\/pages"}],"about":[{"href":"https:\/\/kogud.emu.ee\/taa\/wp-json\/wp\/v2\/types\/page"}],"author":[{"embeddable":true,"href":"https:\/\/kogud.emu.ee\/taa\/wp-json\/wp\/v2\/users\/1"}],"replies":[{"embeddable":true,"href":"https:\/\/kogud.emu.ee\/taa\/wp-json\/wp\/v2\/comments?post=6"}],"version-history":[{"count":48,"href":"https:\/\/kogud.emu.ee\/taa\/wp-json\/wp\/v2\/pages\/6\/revisions"}],"predecessor-version":[{"id":697,"href":"https:\/\/kogud.emu.ee\/taa\/wp-json\/wp\/v2\/pages\/6\/revisions\/697"}],"wp:attachment":[{"href":"https:\/\/kogud.emu.ee\/taa\/wp-json\/wp\/v2\/media?parent=6"}],"curies":[{"name":"wp","href":"https:\/\/api.w.org\/{rel}","templated":true}]}}