{"id":503,"date":"2024-02-08T16:47:43","date_gmt":"2024-02-08T14:47:43","guid":{"rendered":"https:\/\/koguddev.emu.ee\/taa\/?page_id=503"},"modified":"2024-02-14T13:12:59","modified_gmt":"2024-02-14T11:12:59","slug":"publications","status":"publish","type":"page","link":"https:\/\/kogud.emu.ee\/taa\/en\/publications\/","title":{"rendered":"Publications"},"content":{"rendered":"\n<p><strong>Using herbarium specimens to test for effects of climate change on the time of flowering<\/strong>. 2024. Kull, Thea; Langerpaur, K\u00e4tlin; Kull, Tiiu. Bauhinia &#8211; Zeitschrift der Basler Botanischen Gesellschaft, 29, 123\u2212124. <a href=\"https:\/\/eterna.unibas.ch\/bauhinia\/article\/view\/1365\" data-type=\"link\" data-id=\"https:\/\/eterna.unibas.ch\/bauhinia\/article\/view\/1365\" target=\"_blank\" rel=\"noopener\">DOI: 10.12685\/bauhinia.1365<\/a><\/p>\n\n\n\n<p><strong>Botanical heritage of Karl Ernst von Baer and his herbarium from the 19th century.<\/strong> 2024. Kull, Thea; Tammiksaar, Erki. Botany Letters, 1\u221210.\u00a0<a href=\"https:\/\/www.tandfonline.com\/doi\/full\/10.1080\/23818107.2024.2303758\" target=\"_blank\" rel=\"noopener\">DOI: 10.1080\/23818107.2024.2303758<\/a><\/p>\n\n\n\n<p><strong>Movement of avian predators points to biodiversity hotspots in agricultural landscape<\/strong>. 2024. Mirski, Pawe\u0142; Grosberg, Jaan; Kull, Thea; Mellov, Pelle; T\u00f5nisalu, Grete; V\u00e4li, Vivika; V\u00e4li, \u00dclo. Royal Society Open Science, 11 (1), 231543.\u00a0<a href=\"https:\/\/royalsocietypublishing.org\/doi\/10.1098\/rsos.231543\" target=\"_blank\" rel=\"noopener\">DOI: 10.1098\/rsos.231543<\/a><\/p>\n\n\n\n<p><strong>Multiscale pollen-based reconstructions of anthropogenic land-cover change in Karula Upland, south Estonia.<\/strong> 2024. V\u00e4li, Vivika; Vassiljev, J\u00fcri; Alliksaar, Tiiu; Blaus, Ansis; Kama, Pikne; Kihno, Kersti; P\u00f5ldmaa, Maret; Saarse, Leili; Tomson, Pille; Poska, Anneli. Journal of Archaeological Science, 163, 105940.\u00a0<a href=\"https:\/\/www.sciencedirect.com\/science\/article\/pii\/S0305440324000062?via%3Dihub\" target=\"_blank\" rel=\"noopener\">DOI: 10.1016\/j.jas.2024.105940<\/a><\/p>\n","protected":false},"excerpt":{"rendered":"<p>Using herbarium specimens to test for effects of climate change on the time of flowering. 2024. Kull, Thea; Langerpaur, K\u00e4tlin; Kull, Tiiu. Bauhinia &#8211; Zeitschrift der Basler Botanischen Gesellschaft, 29, 123\u2212124. DOI: 10.12685\/bauhinia.1365 Botanical heritage of Karl Ernst von Baer and his herbarium from the 19th century. 2024. Kull, Thea; Tammiksaar, Erki. Botany Letters, 1\u221210.\u00a0DOI: &#8230; <\/p>\n<p class=\"read-more-container\"><a title=\"Publications\" class=\"read-more button\" href=\"https:\/\/kogud.emu.ee\/taa\/en\/publications\/#more-503\" aria-label=\"Read more about Publications\">Read more<\/a><\/p>\n","protected":false},"author":1,"featured_media":0,"parent":0,"menu_order":0,"comment_status":"closed","ping_status":"closed","template":"","meta":{"footnotes":""},"class_list":{"0":"post-503","1":"page","2":"type-page","3":"status-publish","5":"no-featured-image-padding"},"_links":{"self":[{"href":"https:\/\/kogud.emu.ee\/taa\/wp-json\/wp\/v2\/pages\/503","targetHints":{"allow":["GET"]}}],"collection":[{"href":"https:\/\/kogud.emu.ee\/taa\/wp-json\/wp\/v2\/pages"}],"about":[{"href":"https:\/\/kogud.emu.ee\/taa\/wp-json\/wp\/v2\/types\/page"}],"author":[{"embeddable":true,"href":"https:\/\/kogud.emu.ee\/taa\/wp-json\/wp\/v2\/users\/1"}],"replies":[{"embeddable":true,"href":"https:\/\/kogud.emu.ee\/taa\/wp-json\/wp\/v2\/comments?post=503"}],"version-history":[{"count":3,"href":"https:\/\/kogud.emu.ee\/taa\/wp-json\/wp\/v2\/pages\/503\/revisions"}],"predecessor-version":[{"id":662,"href":"https:\/\/kogud.emu.ee\/taa\/wp-json\/wp\/v2\/pages\/503\/revisions\/662"}],"wp:attachment":[{"href":"https:\/\/kogud.emu.ee\/taa\/wp-json\/wp\/v2\/media?parent=503"}],"curies":[{"name":"wp","href":"https:\/\/api.w.org\/{rel}","templated":true}]}}