{"id":131,"date":"2023-09-04T10:11:45","date_gmt":"2023-09-04T07:11:45","guid":{"rendered":"https:\/\/koguddev.emu.ee\/taa\/?page_id=131"},"modified":"2024-02-12T16:06:04","modified_gmt":"2024-02-12T14:06:04","slug":"seemnekogu","status":"publish","type":"page","link":"https:\/\/kogud.emu.ee\/taa\/seemnekogu\/","title":{"rendered":"Seemnekogu"},"content":{"rendered":"\n<p>Soontaimede kogu sisaldab seemnete kollektsiooni ligi 700 taksonist. Seemned s\u00e4ilitatakse klaasist anumates v\u00f5i plastikkottides toatemperatuuril. <\/p>\n\n\n\n<p>Seemne kollektsioon pole digiteeritud ja on k\u00e4ttesaadav ainult koha peal.<\/p>\n\n\n\n<p>Eraldi s\u00e4ilitatakse Eesti looduslike orhideede seemneid, mis paiknevad k\u00fclmikus \u2013 80 kraadi juures.<\/p>\n\n\n<style>.kb-row-layout-wrap.wp-block-kadence-rowlayout.kb-row-layout-id131_3f5f26-ed{margin-bottom:0px;}.kb-row-layout-id131_3f5f26-ed > .kt-row-column-wrap{align-content:start;}:where(.kb-row-layout-id131_3f5f26-ed > .kt-row-column-wrap) > .wp-block-kadence-column{justify-content:start;}.kb-row-layout-id131_3f5f26-ed > .kt-row-column-wrap{column-gap:var(--global-kb-gap-md, 2rem);row-gap:var(--global-kb-gap-md, 2rem);padding-top:var(--global-kb-spacing-sm, 1.5rem);padding-bottom:var(--global-kb-spacing-sm, 1.5rem);grid-template-columns:repeat(2, minmax(0, 1fr));}.kb-row-layout-id131_3f5f26-ed > .kt-row-layout-overlay{opacity:0.30;}@media all and (max-width: 1024px){.kb-row-layout-id131_3f5f26-ed > .kt-row-column-wrap{grid-template-columns:repeat(2, minmax(0, 1fr));}}@media all and (max-width: 767px){.kb-row-layout-id131_3f5f26-ed > .kt-row-column-wrap{grid-template-columns:minmax(0, 1fr);}}<\/style><div class=\"kb-row-layout-wrap kb-row-layout-id131_3f5f26-ed alignnone wp-block-kadence-rowlayout\"><div class=\"kt-row-column-wrap kt-has-2-columns kt-row-layout-equal kt-tab-layout-inherit kt-mobile-layout-row kt-row-valign-top\">\n<style>.kadence-column131_9f74c2-8f > .kt-inside-inner-col,.kadence-column131_9f74c2-8f > .kt-inside-inner-col:before{border-top-left-radius:0px;border-top-right-radius:0px;border-bottom-right-radius:0px;border-bottom-left-radius:0px;}.kadence-column131_9f74c2-8f > .kt-inside-inner-col{column-gap:var(--global-kb-gap-sm, 1rem);}.kadence-column131_9f74c2-8f > .kt-inside-inner-col{flex-direction:column;}.kadence-column131_9f74c2-8f > .kt-inside-inner-col > .aligncenter{width:100%;}.kadence-column131_9f74c2-8f > .kt-inside-inner-col:before{opacity:0.3;}.kadence-column131_9f74c2-8f{position:relative;}@media all and (max-width: 1024px){.kadence-column131_9f74c2-8f > .kt-inside-inner-col{flex-direction:column;justify-content:center;}}@media all and (max-width: 767px){.kadence-column131_9f74c2-8f > .kt-inside-inner-col{flex-direction:column;justify-content:center;}}<\/style>\n<div class=\"wp-block-kadence-column kadence-column131_9f74c2-8f\"><div class=\"kt-inside-inner-col\">\n<figure class=\"wp-block-image size-large is-resized\"><img loading=\"lazy\" decoding=\"async\" width=\"1024\" height=\"909\" src=\"https:\/\/koguddev.emu.ee\/taa\/wp-content\/uploads\/sites\/7\/2024\/02\/IMG_5963-croped-SAI-softness-1024x909.jpg\" alt=\"\" class=\"wp-image-425\" style=\"width:540px\" srcset=\"https:\/\/kogud.emu.ee\/taa\/wp-content\/uploads\/sites\/7\/2024\/02\/IMG_5963-croped-SAI-softness-1024x909.jpg 1024w, https:\/\/kogud.emu.ee\/taa\/wp-content\/uploads\/sites\/7\/2024\/02\/IMG_5963-croped-SAI-softness-300x266.jpg 300w, https:\/\/kogud.emu.ee\/taa\/wp-content\/uploads\/sites\/7\/2024\/02\/IMG_5963-croped-SAI-softness-768x681.jpg 768w, https:\/\/kogud.emu.ee\/taa\/wp-content\/uploads\/sites\/7\/2024\/02\/IMG_5963-croped-SAI-softness-1536x1363.jpg 1536w, https:\/\/kogud.emu.ee\/taa\/wp-content\/uploads\/sites\/7\/2024\/02\/IMG_5963-croped-SAI-softness-2048x1817.jpg 2048w\" sizes=\"auto, (max-width: 1024px) 100vw, 1024px\" \/><\/figure>\n<\/div><\/div>\n\n\n<style>.kadence-column131_6752c2-b2 > .kt-inside-inner-col,.kadence-column131_6752c2-b2 > .kt-inside-inner-col:before{border-top-left-radius:0px;border-top-right-radius:0px;border-bottom-right-radius:0px;border-bottom-left-radius:0px;}.kadence-column131_6752c2-b2 > .kt-inside-inner-col{column-gap:var(--global-kb-gap-sm, 1rem);}.kadence-column131_6752c2-b2 > .kt-inside-inner-col{flex-direction:column;}.kadence-column131_6752c2-b2 > .kt-inside-inner-col > .aligncenter{width:100%;}.kadence-column131_6752c2-b2 > .kt-inside-inner-col:before{opacity:0.3;}.kadence-column131_6752c2-b2{position:relative;}@media all and (max-width: 1024px){.kadence-column131_6752c2-b2 > .kt-inside-inner-col{flex-direction:column;justify-content:center;}}@media all and (max-width: 767px){.kadence-column131_6752c2-b2 > .kt-inside-inner-col{flex-direction:column;justify-content:center;}}<\/style>\n<div class=\"wp-block-kadence-column kadence-column131_6752c2-b2\"><div class=\"kt-inside-inner-col\">\n<figure class=\"wp-block-image is-resized\"><a href=\"https:\/\/kogud.emu.ee\/images\/seemned.jpg\"><img decoding=\"async\" src=\"https:\/\/kogud.emu.ee\/images\/seemned.jpg\" alt=\"\" style=\"width:540px\" \/><\/a><\/figure>\n<\/div><\/div>\n\n<\/div><\/div>","protected":false},"excerpt":{"rendered":"<p>Soontaimede kogu sisaldab seemnete kollektsiooni ligi 700 taksonist. Seemned s\u00e4ilitatakse klaasist anumates v\u00f5i plastikkottides toatemperatuuril. Seemne kollektsioon pole digiteeritud ja on k\u00e4ttesaadav ainult koha peal. Eraldi s\u00e4ilitatakse Eesti looduslike orhideede seemneid, mis paiknevad k\u00fclmikus \u2013 80 kraadi juures.<\/p>\n","protected":false},"author":1,"featured_media":0,"parent":0,"menu_order":0,"comment_status":"closed","ping_status":"closed","template":"","meta":{"footnotes":""},"class_list":{"0":"post-131","1":"page","2":"type-page","3":"status-publish","5":"no-featured-image-padding"},"_links":{"self":[{"href":"https:\/\/kogud.emu.ee\/taa\/wp-json\/wp\/v2\/pages\/131","targetHints":{"allow":["GET"]}}],"collection":[{"href":"https:\/\/kogud.emu.ee\/taa\/wp-json\/wp\/v2\/pages"}],"about":[{"href":"https:\/\/kogud.emu.ee\/taa\/wp-json\/wp\/v2\/types\/page"}],"author":[{"embeddable":true,"href":"https:\/\/kogud.emu.ee\/taa\/wp-json\/wp\/v2\/users\/1"}],"replies":[{"embeddable":true,"href":"https:\/\/kogud.emu.ee\/taa\/wp-json\/wp\/v2\/comments?post=131"}],"version-history":[{"count":16,"href":"https:\/\/kogud.emu.ee\/taa\/wp-json\/wp\/v2\/pages\/131\/revisions"}],"predecessor-version":[{"id":658,"href":"https:\/\/kogud.emu.ee\/taa\/wp-json\/wp\/v2\/pages\/131\/revisions\/658"}],"wp:attachment":[{"href":"https:\/\/kogud.emu.ee\/taa\/wp-json\/wp\/v2\/media?parent=131"}],"curies":[{"name":"wp","href":"https:\/\/api.w.org\/{rel}","templated":true}]}}