{"id":130,"date":"2023-09-04T10:11:44","date_gmt":"2023-09-04T07:11:44","guid":{"rendered":"https:\/\/koguddev.emu.ee\/taa\/?page_id=130"},"modified":"2024-02-12T15:14:37","modified_gmt":"2024-02-12T13:14:37","slug":"sammaltaimed","status":"publish","type":"page","link":"https:\/\/kogud.emu.ee\/taa\/sammaltaimed\/","title":{"rendered":"Sambla herbaarium"},"content":{"rendered":"<style>.kb-row-layout-wrap.wp-block-kadence-rowlayout.kb-row-layout-id130_e5c2c1-9e{margin-bottom:0px;}.kb-row-layout-id130_e5c2c1-9e > .kt-row-column-wrap{align-content:start;}:where(.kb-row-layout-id130_e5c2c1-9e > .kt-row-column-wrap) > .wp-block-kadence-column{justify-content:start;}.kb-row-layout-id130_e5c2c1-9e > .kt-row-column-wrap{column-gap:var(--global-kb-gap-sm, 1rem);row-gap:var(--global-kb-gap-sm, 1rem);padding-top:var(--global-kb-spacing-sm, 1.5rem);padding-bottom:var(--global-kb-spacing-sm, 1.5rem);}.kb-row-layout-id130_e5c2c1-9e > .kt-row-column-wrap > div:not(.added-for-specificity){grid-column:initial;}.kb-row-layout-id130_e5c2c1-9e > .kt-row-column-wrap{grid-template-columns:repeat(3, minmax(0, 1fr));}.kb-row-layout-id130_e5c2c1-9e > .kt-row-layout-overlay{opacity:0.30;}@media all and (max-width: 1024px){.kb-row-layout-id130_e5c2c1-9e > .kt-row-column-wrap > div:not(.added-for-specificity){grid-column:initial;}}@media all and (max-width: 1024px){.kb-row-layout-id130_e5c2c1-9e > .kt-row-column-wrap{grid-template-columns:repeat(3, minmax(0, 1fr));}}@media all and (max-width: 767px){.kb-row-layout-id130_e5c2c1-9e > .kt-row-column-wrap > div:not(.added-for-specificity){grid-column:initial;}.kb-row-layout-id130_e5c2c1-9e > .kt-row-column-wrap{grid-template-columns:minmax(0, 1fr);}}<\/style><div class=\"kb-row-layout-wrap kb-row-layout-id130_e5c2c1-9e alignnone wp-block-kadence-rowlayout\"><div class=\"kt-row-column-wrap kt-has-3-columns kt-row-layout-equal kt-tab-layout-inherit kt-mobile-layout-row kt-row-valign-top\">\n<style>.kadence-column130_ab3cdf-e3 > .kt-inside-inner-col{display:flex;}.kadence-column130_ab3cdf-e3 > .kt-inside-inner-col,.kadence-column130_ab3cdf-e3 > .kt-inside-inner-col:before{border-top-left-radius:0px;border-top-right-radius:0px;border-bottom-right-radius:0px;border-bottom-left-radius:0px;}.kadence-column130_ab3cdf-e3 > .kt-inside-inner-col{row-gap:var(--global-kb-gap-lg, 4rem);column-gap:var(--global-kb-gap-sm, 1rem);}.kadence-column130_ab3cdf-e3 > .kt-inside-inner-col{flex-direction:column;align-items:center;}.kadence-column130_ab3cdf-e3 > .kt-inside-inner-col > .kb-image-is-ratio-size{align-self:stretch;}.kadence-column130_ab3cdf-e3 > .kt-inside-inner-col > .wp-block-kadence-advancedgallery{align-self:stretch;}.kadence-column130_ab3cdf-e3 > .kt-inside-inner-col > .aligncenter{width:100%;}.kadence-column130_ab3cdf-e3 > .kt-inside-inner-col:before{opacity:0.3;}.kadence-column130_ab3cdf-e3{position:relative;}@media all and (max-width: 1024px){.kadence-column130_ab3cdf-e3 > .kt-inside-inner-col{flex-direction:column;justify-content:center;align-items:center;}}@media all and (max-width: 767px){.kadence-column130_ab3cdf-e3 > .kt-inside-inner-col{flex-direction:column;justify-content:center;align-items:center;}}<\/style>\n<div class=\"wp-block-kadence-column kadence-column130_ab3cdf-e3\"><div class=\"kt-inside-inner-col\">\n<figure class=\"wp-block-image size-large is-resized\"><img loading=\"lazy\" decoding=\"async\" width=\"1024\" height=\"683\" src=\"https:\/\/koguddev.emu.ee\/taa\/wp-content\/uploads\/sites\/7\/2024\/02\/IMG_1035-1024x683.jpg\" alt=\"\" class=\"wp-image-370\" style=\"aspect-ratio:3\/2;object-fit:cover;width:402px;height:auto\" srcset=\"https:\/\/kogud.emu.ee\/taa\/wp-content\/uploads\/sites\/7\/2024\/02\/IMG_1035-1024x683.jpg 1024w, https:\/\/kogud.emu.ee\/taa\/wp-content\/uploads\/sites\/7\/2024\/02\/IMG_1035-300x200.jpg 300w, https:\/\/kogud.emu.ee\/taa\/wp-content\/uploads\/sites\/7\/2024\/02\/IMG_1035-768x512.jpg 768w, https:\/\/kogud.emu.ee\/taa\/wp-content\/uploads\/sites\/7\/2024\/02\/IMG_1035-1536x1024.jpg 1536w, https:\/\/kogud.emu.ee\/taa\/wp-content\/uploads\/sites\/7\/2024\/02\/IMG_1035-2048x1365.jpg 2048w\" sizes=\"auto, (max-width: 1024px) 100vw, 1024px\" \/><\/figure>\n<\/div><\/div>\n\n\n<style>.kadence-column130_099a1f-9e > .kt-inside-inner-col{display:flex;}.kadence-column130_099a1f-9e > .kt-inside-inner-col,.kadence-column130_099a1f-9e > .kt-inside-inner-col:before{border-top-left-radius:0px;border-top-right-radius:0px;border-bottom-right-radius:0px;border-bottom-left-radius:0px;}.kadence-column130_099a1f-9e > .kt-inside-inner-col{row-gap:var(--global-kb-gap-lg, 4rem);column-gap:var(--global-kb-gap-sm, 1rem);}.kadence-column130_099a1f-9e > .kt-inside-inner-col{flex-direction:column;align-items:center;}.kadence-column130_099a1f-9e > .kt-inside-inner-col > .kb-image-is-ratio-size{align-self:stretch;}.kadence-column130_099a1f-9e > .kt-inside-inner-col > .wp-block-kadence-advancedgallery{align-self:stretch;}.kadence-column130_099a1f-9e > .kt-inside-inner-col > .aligncenter{width:100%;}.kadence-column130_099a1f-9e > .kt-inside-inner-col:before{opacity:0.3;}.kadence-column130_099a1f-9e{position:relative;}@media all and (max-width: 1024px){.kadence-column130_099a1f-9e > .kt-inside-inner-col{flex-direction:column;justify-content:center;align-items:center;}}@media all and (max-width: 767px){.kadence-column130_099a1f-9e > .kt-inside-inner-col{flex-direction:column;justify-content:center;align-items:center;}}<\/style>\n<div class=\"wp-block-kadence-column kadence-column130_099a1f-9e\"><div class=\"kt-inside-inner-col\">\n<figure class=\"wp-block-image size-large\"><img loading=\"lazy\" decoding=\"async\" width=\"1024\" height=\"683\" src=\"https:\/\/koguddev.emu.ee\/taa\/wp-content\/uploads\/sites\/7\/2024\/02\/IMG_1037-1024x683.jpg\" alt=\"\" class=\"wp-image-372\" style=\"aspect-ratio:3\/2;object-fit:cover\" srcset=\"https:\/\/kogud.emu.ee\/taa\/wp-content\/uploads\/sites\/7\/2024\/02\/IMG_1037-1024x683.jpg 1024w, https:\/\/kogud.emu.ee\/taa\/wp-content\/uploads\/sites\/7\/2024\/02\/IMG_1037-300x200.jpg 300w, https:\/\/kogud.emu.ee\/taa\/wp-content\/uploads\/sites\/7\/2024\/02\/IMG_1037-768x512.jpg 768w, https:\/\/kogud.emu.ee\/taa\/wp-content\/uploads\/sites\/7\/2024\/02\/IMG_1037-1536x1024.jpg 1536w, https:\/\/kogud.emu.ee\/taa\/wp-content\/uploads\/sites\/7\/2024\/02\/IMG_1037-2048x1365.jpg 2048w\" sizes=\"auto, (max-width: 1024px) 100vw, 1024px\" \/><\/figure>\n<\/div><\/div>\n\n\n<style>.kadence-column130_da6fb6-d9 > .kt-inside-inner-col,.kadence-column130_da6fb6-d9 > .kt-inside-inner-col:before{border-top-left-radius:0px;border-top-right-radius:0px;border-bottom-right-radius:0px;border-bottom-left-radius:0px;}.kadence-column130_da6fb6-d9 > .kt-inside-inner-col{column-gap:var(--global-kb-gap-sm, 1rem);}.kadence-column130_da6fb6-d9 > .kt-inside-inner-col{flex-direction:column;}.kadence-column130_da6fb6-d9 > .kt-inside-inner-col > .aligncenter{width:100%;}.kadence-column130_da6fb6-d9 > .kt-inside-inner-col:before{opacity:0.3;}.kadence-column130_da6fb6-d9{position:relative;}@media all and (max-width: 1024px){.kadence-column130_da6fb6-d9 > .kt-inside-inner-col{flex-direction:column;justify-content:center;}}@media all and (max-width: 767px){.kadence-column130_da6fb6-d9 > .kt-inside-inner-col{flex-direction:column;justify-content:center;}}<\/style>\n<div class=\"wp-block-kadence-column kadence-column130_da6fb6-d9\"><div class=\"kt-inside-inner-col\">\n<figure class=\"wp-block-image size-large is-resized\"><img loading=\"lazy\" decoding=\"async\" width=\"1024\" height=\"798\" src=\"https:\/\/koguddev.emu.ee\/taa\/wp-content\/uploads\/sites\/7\/2024\/02\/sammal-1024x798.jpg\" alt=\"\" class=\"wp-image-380\" style=\"aspect-ratio:3\/2;object-fit:cover;width:352px;height:auto\" srcset=\"https:\/\/kogud.emu.ee\/taa\/wp-content\/uploads\/sites\/7\/2024\/02\/sammal-1024x798.jpg 1024w, https:\/\/kogud.emu.ee\/taa\/wp-content\/uploads\/sites\/7\/2024\/02\/sammal-300x234.jpg 300w, https:\/\/kogud.emu.ee\/taa\/wp-content\/uploads\/sites\/7\/2024\/02\/sammal-768x598.jpg 768w, https:\/\/kogud.emu.ee\/taa\/wp-content\/uploads\/sites\/7\/2024\/02\/sammal-1536x1196.jpg 1536w, https:\/\/kogud.emu.ee\/taa\/wp-content\/uploads\/sites\/7\/2024\/02\/sammal-2048x1595.jpg 2048w\" sizes=\"auto, (max-width: 1024px) 100vw, 1024px\" \/><\/figure>\n<\/div><\/div>\n\n<\/div><\/div>\n\n\n<p><\/p>\n\n\n\n<p class=\"gb-headline gb-headline-910dc215 gb-headline-text\">Sammaltaimede kogu koosneb Eesti herbaariumist ja v\u00e4lisherbaariumist ning selles on ca 37 000 samblaproovi. Herbaariumis on esindatud 1386 samblaliiki ning 30 varieteeti v\u00f5i alamliiki. Eestist p\u00e4rit materjali on 590&nbsp; liiki ja alam taksonit.<\/p>\n\n\n\n<p><strong>EESTI HERBAARIUM<\/strong>\u00a0moodustab suurema osa kogust ning p\u00e4rineb peamiselt ajavahemikust 1945. aastast praeguseni.<\/p>\n\n\n\n<p>Ajalooline osa&nbsp;kogust p\u00e4rineb 19. sajandist ja 20. sajandi algusest. Kokku ligikaudu 7700 eksemplari.<\/p>\n\n\n\n<ul class=\"wp-block-list\">\n<li>Edmund Russowi turbasammalde kogu (4237 eksemplari)<\/li>\n\n\n\n<li>J.Micutowiczi turbasammalde kogu (226 eksemplari)<\/li>\n\n\n\n<li>Eesti Looduseuurijate Seltsi samblaherbaarium (244 liiki), kogunud Andreas Bruttan.<\/li>\n\n\n\n<li>Eugen Niclaseni herbaarium (490 liiki)<\/li>\n\n\n\n<li>Karl Girgensohni herbaarium (2506 eksemplari)<\/li>\n<\/ul>\n\n\n\n<p class=\"gb-headline gb-headline-fa7f23e5 gb-headline-text\"><strong>V\u00c4LISHERBAARIUMIS<\/strong>&nbsp;on arvele on v\u00f5etud ligi 2300 samblaproovi. Omaette piirkondadena on eristatud: Baltikum, Euroopa, Skandinaavia, Venemaa, Kaukaasia, Aasia, Siber, Kaug-Ida, Aafrika, Austraalia, L\u00f5una-Ameerika, P\u00f5hja-Ameerika ja Arktika.<\/p>\n\n\n\n<p class=\"gb-headline gb-headline-70abccbf gb-headline-text\">Austraalia kogu on suur ja koosneb Heinar Streimanni kogutud proovidest Austraalia erinevatest piirkondadest, Uus-Meremaalt, Tasmaanialt, Paapuast ja Norfolkilt. L\u00f5una-Ameerika kogu koosneb p\u00f5hiliselt Sch\u00e4fer-Verwimpi Brasiiliast kogutud sammaldest. Lisaks on samblaproove Panamast (Nele Ingerpuu) ja Peruust (Leiti Kannukene). Arktika proovidest suur osa on saadud Eesti Loodusmuuseumist duplumitena (Taim\u00f5r) ja osa Venemaalt saadetud eksikaatkogudest erinevate Arktika piirkondade kohta.<\/p>\n\n\n\n<p><strong>EKSIKAATKOGUD<\/strong><\/p>\n\n\n\n<p>Eksikaatkogudes on kokku 1325 samblaproovi.<\/p>\n\n\n\n<ol class=\"wp-block-list\">\n<li>Flora Exsiccata Liv-, Est- und Curlands. Herb. Hugo Kapp, 19. saj. (165 eks.)<\/li>\n\n\n\n<li>Musci Frondosi Exsiccati (Euroopa) Karl Friedrich Bernhard Fiedler 1842\u20131848 (50 eks.)<\/li>\n\n\n\n<li>Musci Frondosi Exsiccati (Euroopa) Karl Friedrich Bernhard Fiider 1847\u20131848 (385 eks.)<\/li>\n\n\n\n<li>Bryotheca Polonica, Nr.201\u2013250, Antoni J\u00f3zef \u017bmuda Krakow, 1930 (50 eks.)<\/li>\n\n\n\n<li>Hepaticae et Musci URSS Exiccati, Nr. 1\u201350, Leningrad,1957, Nr.51\u2013190, Leningrad, 1961\u20131962 (254 eks.)<\/li>\n\n\n\n<li>Bryophyta Murmanica Exsiccata Fasc I, Nr. 1\u201350, Fasc. III Nr. 101\u2013150 Kirovsk, 1989; Fasc. III Nr. 101\u2013150 Kirovsk 1998. (98 eks.)<\/li>\n\n\n\n<li>Bryophyta Rossica et Civitatum Collimitanearum Exsiccata Fasc. I\u2013IV, Nr. 1\u2013100, St.-Petersburg, 1995 (100 eks.)<\/li>\n\n\n\n<li>Bryophyta Karelica Exsiccata Nr. 1\u201350 (51 eks.)<\/li>\n\n\n\n<li>Musci Ausralasiae Exsiccati, Canberra, 1992\u20131997 (105 eks.)<\/li>\n\n\n\n<li>&nbsp;Bryotheca Europaea &#8211; Die Laubmoose Europa&#8217;s, L.Rabenhorst, 1861 Fasc.IX. Nr.401 &#8211; 450 Dresden, Druck von G.(?) Heinrich (63 eks.)<\/li>\n<\/ol>\n","protected":false},"excerpt":{"rendered":"<p>Sammaltaimede kogu koosneb Eesti herbaariumist ja v\u00e4lisherbaariumist ning selles on ca 37 000 samblaproovi. Herbaariumis on esindatud 1386 samblaliiki ning 30 varieteeti v\u00f5i alamliiki. Eestist p\u00e4rit materjali on 590&nbsp; liiki ja alam taksonit. EESTI HERBAARIUM\u00a0moodustab suurema osa kogust ning p\u00e4rineb peamiselt ajavahemikust 1945. aastast praeguseni. Ajalooline osa&nbsp;kogust p\u00e4rineb 19. sajandist ja 20. sajandi algusest. Kokku &#8230; <\/p>\n<p class=\"read-more-container\"><a title=\"Sambla herbaarium\" class=\"read-more button\" href=\"https:\/\/kogud.emu.ee\/taa\/sammaltaimed\/#more-130\" aria-label=\"Read more about Sambla herbaarium\">Read more<\/a><\/p>\n","protected":false},"author":1,"featured_media":0,"parent":0,"menu_order":0,"comment_status":"closed","ping_status":"closed","template":"","meta":{"footnotes":""},"class_list":{"0":"post-130","1":"page","2":"type-page","3":"status-publish","5":"no-featured-image-padding"},"_links":{"self":[{"href":"https:\/\/kogud.emu.ee\/taa\/wp-json\/wp\/v2\/pages\/130","targetHints":{"allow":["GET"]}}],"collection":[{"href":"https:\/\/kogud.emu.ee\/taa\/wp-json\/wp\/v2\/pages"}],"about":[{"href":"https:\/\/kogud.emu.ee\/taa\/wp-json\/wp\/v2\/types\/page"}],"author":[{"embeddable":true,"href":"https:\/\/kogud.emu.ee\/taa\/wp-json\/wp\/v2\/users\/1"}],"replies":[{"embeddable":true,"href":"https:\/\/kogud.emu.ee\/taa\/wp-json\/wp\/v2\/comments?post=130"}],"version-history":[{"count":18,"href":"https:\/\/kogud.emu.ee\/taa\/wp-json\/wp\/v2\/pages\/130\/revisions"}],"predecessor-version":[{"id":633,"href":"https:\/\/kogud.emu.ee\/taa\/wp-json\/wp\/v2\/pages\/130\/revisions\/633"}],"wp:attachment":[{"href":"https:\/\/kogud.emu.ee\/taa\/wp-json\/wp\/v2\/media?parent=130"}],"curies":[{"name":"wp","href":"https:\/\/api.w.org\/{rel}","templated":true}]}}