{"id":128,"date":"2023-09-04T10:11:44","date_gmt":"2023-09-04T07:11:44","guid":{"rendered":"https:\/\/koguddev.emu.ee\/taa\/?page_id=128"},"modified":"2024-02-06T17:24:18","modified_gmt":"2024-02-06T15:24:18","slug":"soontaimed","status":"publish","type":"page","link":"https:\/\/kogud.emu.ee\/taa\/soontaimed\/","title":{"rendered":"Soontaimede herbaarium"},"content":{"rendered":"\n<p class=\"gb-headline gb-headline-44929b40 gb-headline-text\">Soontaimede herbaarium koosneb Eesti taimede herbaariumist, v\u00e4lisherbaariumist, Baeri herbaariumist, seemnekogust ja \u00f5ppekollektsioonist. Eraldi v\u00e4ikese koguna s\u00e4ilitatakse dendroloogilist kollektsiooni. Herbaariumi juurde kuulub ka mitmesuguseid muid materjale: kartoteeke (n\u00e4iteks leiukohtade paberkartoteek, kaitsealuste taimeliikide kartoteek), v\u00e4lip\u00e4evikuid, fotosid ja fotonegatiive, s\u00fcstematiseeritud taimepiltidega&nbsp; postkaardi kollektsioon (Heljo Kralli koostatud) jms.<\/p>\n\n\n\n<p><\/p>\n\n\n\n<p class=\"gb-headline gb-headline-506979bb gb-headline-text\"><strong>EESTI HERBAARIUMIS<\/strong>&nbsp;on rohkem kui 163 000 herbaarlehte. Suur osa materjalist on kogutud Eesti floora uurimise k\u00e4igus 20. sajandi teisel poolel. Peamised herbariseerijad olid tolle aja Eesti tuntuimad botaanikud: Maret Kask, Linda Viljasoo, Vilma Kuusk, Heljo Krall, Livia-Maria Laasimer, Visolde Puusepp, Haide-Ene Rebassoo, Silvia Talts, Ella Tammem\u00e4gi jt. Selle perioodi botaaniliste uurimiste tulemusena valmis 11-k\u00f6iteline teos \u201eEesti NSV floora\u201c.  <\/p>\n\n\n\n<p class=\"gb-headline gb-headline-56689ee2 gb-headline-text\">Aastal 2020 ilmus \u201cEesti taimede levikuatlas 2020\u201d, mille koostamise k\u00e4igus kogutud rohkest t\u00f5endmaterjalist suurem osa ehk \u00fcle 23 000 herbaarleksemplari on hoiul EM\u00dc herbaariumis.<\/p>\n\n\n<style>.kb-row-layout-wrap.wp-block-kadence-rowlayout.kb-row-layout-id128_6c3d04-68{margin-bottom:0px;}.kb-row-layout-id128_6c3d04-68 > .kt-row-column-wrap{align-content:start;}:where(.kb-row-layout-id128_6c3d04-68 > .kt-row-column-wrap) > .wp-block-kadence-column{justify-content:start;}.kb-row-layout-id128_6c3d04-68 > .kt-row-column-wrap{column-gap:var(--global-kb-gap-sm, 1rem);row-gap:var(--global-kb-gap-sm, 1rem);padding-top:var(--global-kb-spacing-xxs, 0.5rem);}.kb-row-layout-id128_6c3d04-68 > .kt-row-column-wrap > div:not(.added-for-specificity){grid-column:initial;}.kb-row-layout-id128_6c3d04-68 > .kt-row-column-wrap{grid-template-columns:repeat(4, minmax(0, 1fr));}.kb-row-layout-id128_6c3d04-68 > .kt-row-layout-overlay{opacity:0.30;}@media all and (max-width: 1024px){.kb-row-layout-id128_6c3d04-68 > .kt-row-column-wrap > div:not(.added-for-specificity){grid-column:initial;}}@media all and (max-width: 1024px){.kb-row-layout-id128_6c3d04-68 > .kt-row-column-wrap{grid-template-columns:repeat(4, minmax(0, 1fr));}}@media all and (max-width: 767px){.kb-row-layout-id128_6c3d04-68 > .kt-row-column-wrap > div:not(.added-for-specificity){grid-column:initial;}.kb-row-layout-id128_6c3d04-68 > .kt-row-column-wrap{grid-template-columns:minmax(0, 1fr);}}<\/style><div class=\"kb-row-layout-wrap kb-row-layout-id128_6c3d04-68 alignwide wp-block-kadence-rowlayout\"><div class=\"kt-row-column-wrap kt-has-4-columns kt-row-layout-equal kt-tab-layout-inherit kt-mobile-layout-row kt-row-valign-top\">\n<style>.kadence-column128_e96449-85 > .kt-inside-inner-col,.kadence-column128_e96449-85 > .kt-inside-inner-col:before{border-top-left-radius:0px;border-top-right-radius:0px;border-bottom-right-radius:0px;border-bottom-left-radius:0px;}.kadence-column128_e96449-85 > .kt-inside-inner-col{column-gap:var(--global-kb-gap-sm, 1rem);}.kadence-column128_e96449-85 > .kt-inside-inner-col{flex-direction:column;}.kadence-column128_e96449-85 > .kt-inside-inner-col > .aligncenter{width:100%;}.kadence-column128_e96449-85 > .kt-inside-inner-col:before{opacity:0.3;}.kadence-column128_e96449-85{position:relative;}@media all and (max-width: 1024px){.kadence-column128_e96449-85 > .kt-inside-inner-col{flex-direction:column;justify-content:center;}}@media all and (max-width: 767px){.kadence-column128_e96449-85 > .kt-inside-inner-col{flex-direction:column;justify-content:center;}}<\/style>\n<div class=\"wp-block-kadence-column kadence-column128_e96449-85\"><div class=\"kt-inside-inner-col\">\n<figure class=\"wp-block-image size-large is-resized\"><img loading=\"lazy\" decoding=\"async\" width=\"684\" height=\"1024\" src=\"https:\/\/koguddev.emu.ee\/taa\/wp-content\/uploads\/sites\/7\/2024\/01\/parnass-1-684x1024.jpg\" alt=\"\" class=\"wp-image-291\" style=\"aspect-ratio:3\/4;object-fit:cover;width:358px;height:auto\" srcset=\"https:\/\/kogud.emu.ee\/taa\/wp-content\/uploads\/sites\/7\/2024\/01\/parnass-1-684x1024.jpg 684w, https:\/\/kogud.emu.ee\/taa\/wp-content\/uploads\/sites\/7\/2024\/01\/parnass-1-200x300.jpg 200w, https:\/\/kogud.emu.ee\/taa\/wp-content\/uploads\/sites\/7\/2024\/01\/parnass-1-768x1150.jpg 768w, https:\/\/kogud.emu.ee\/taa\/wp-content\/uploads\/sites\/7\/2024\/01\/parnass-1-1026x1536.jpg 1026w, https:\/\/kogud.emu.ee\/taa\/wp-content\/uploads\/sites\/7\/2024\/01\/parnass-1.jpg 1054w\" sizes=\"auto, (max-width: 684px) 100vw, 684px\" \/><\/figure>\n<\/div><\/div>\n\n\n<style>.kadence-column128_320d8e-33 > .kt-inside-inner-col{display:flex;}.kadence-column128_320d8e-33 > .kt-inside-inner-col,.kadence-column128_320d8e-33 > .kt-inside-inner-col:before{border-top-left-radius:0px;border-top-right-radius:0px;border-bottom-right-radius:0px;border-bottom-left-radius:0px;}.kadence-column128_320d8e-33 > .kt-inside-inner-col{column-gap:var(--global-kb-gap-sm, 1rem);}.kadence-column128_320d8e-33 > .kt-inside-inner-col{flex-direction:column;justify-content:space-evenly;}.kadence-column128_320d8e-33 > .kt-inside-inner-col > .aligncenter{width:100%;}.kt-row-column-wrap > .kadence-column128_320d8e-33{align-self:center;}.kt-inner-column-height-full:not(.kt-has-1-columns) > .wp-block-kadence-column.kadence-column128_320d8e-33{align-self:auto;}.kt-inner-column-height-full:not(.kt-has-1-columns) > .wp-block-kadence-column.kadence-column128_320d8e-33 > .kt-inside-inner-col{flex-direction:column;justify-content:space-evenly;}.kadence-column128_320d8e-33 > .kt-inside-inner-col:before{opacity:0.3;}.kadence-column128_320d8e-33{position:relative;}@media all and (max-width: 1024px){.kt-row-column-wrap > .kadence-column128_320d8e-33{align-self:center;}}@media all and (max-width: 1024px){.kt-inner-column-height-full:not(.kt-has-1-columns) > .wp-block-kadence-column.kadence-column128_320d8e-33{align-self:auto;}}@media all and (max-width: 1024px){.kt-inner-column-height-full:not(.kt-has-1-columns) > .wp-block-kadence-column.kadence-column128_320d8e-33 > .kt-inside-inner-col{flex-direction:column;justify-content:space-evenly;}}@media all and (max-width: 1024px){.kadence-column128_320d8e-33 > .kt-inside-inner-col{flex-direction:column;justify-content:space-evenly;}}@media all and (max-width: 767px){.kt-row-column-wrap > .kadence-column128_320d8e-33{align-self:center;}.kt-inner-column-height-full:not(.kt-has-1-columns) > .wp-block-kadence-column.kadence-column128_320d8e-33{align-self:auto;}.kt-inner-column-height-full:not(.kt-has-1-columns) > .wp-block-kadence-column.kadence-column128_320d8e-33 > .kt-inside-inner-col{flex-direction:column;justify-content:space-evenly;}.kadence-column128_320d8e-33 > .kt-inside-inner-col{flex-direction:column;justify-content:space-evenly;}}<\/style>\n<div class=\"wp-block-kadence-column kadence-column128_320d8e-33\"><div class=\"kt-inside-inner-col\">\n<figure class=\"wp-block-image size-large is-resized\"><img loading=\"lazy\" decoding=\"async\" width=\"756\" height=\"1024\" src=\"https:\/\/koguddev.emu.ee\/taa\/wp-content\/uploads\/sites\/7\/2024\/01\/pulic-756x1024.jpg\" alt=\"\" class=\"wp-image-303\" style=\"aspect-ratio:3\/4;object-fit:cover;width:358px\" srcset=\"https:\/\/kogud.emu.ee\/taa\/wp-content\/uploads\/sites\/7\/2024\/01\/pulic-756x1024.jpg 756w, https:\/\/kogud.emu.ee\/taa\/wp-content\/uploads\/sites\/7\/2024\/01\/pulic-221x300.jpg 221w, https:\/\/kogud.emu.ee\/taa\/wp-content\/uploads\/sites\/7\/2024\/01\/pulic-768x1040.jpg 768w, https:\/\/kogud.emu.ee\/taa\/wp-content\/uploads\/sites\/7\/2024\/01\/pulic-1134x1536.jpg 1134w, https:\/\/kogud.emu.ee\/taa\/wp-content\/uploads\/sites\/7\/2024\/01\/pulic.jpg 1181w\" sizes=\"auto, (max-width: 756px) 100vw, 756px\" \/><\/figure>\n<\/div><\/div>\n\n\n<style>.kadence-column128_9ac8e9-88 > .kt-inside-inner-col,.kadence-column128_9ac8e9-88 > .kt-inside-inner-col:before{border-top-left-radius:0px;border-top-right-radius:0px;border-bottom-right-radius:0px;border-bottom-left-radius:0px;}.kadence-column128_9ac8e9-88 > .kt-inside-inner-col{column-gap:var(--global-kb-gap-sm, 1rem);}.kadence-column128_9ac8e9-88 > .kt-inside-inner-col{flex-direction:column;}.kadence-column128_9ac8e9-88 > .kt-inside-inner-col > .aligncenter{width:100%;}.kadence-column128_9ac8e9-88 > .kt-inside-inner-col:before{opacity:0.3;}.kadence-column128_9ac8e9-88{position:relative;}@media all and (max-width: 1024px){.kadence-column128_9ac8e9-88 > .kt-inside-inner-col{flex-direction:column;justify-content:center;}}@media all and (max-width: 767px){.kadence-column128_9ac8e9-88 > .kt-inside-inner-col{flex-direction:column;justify-content:center;}}<\/style>\n<div class=\"wp-block-kadence-column kadence-column128_9ac8e9-88\"><div class=\"kt-inside-inner-col\">\n<figure class=\"wp-block-image size-large is-resized\"><img loading=\"lazy\" decoding=\"async\" width=\"766\" height=\"1024\" src=\"https:\/\/koguddev.emu.ee\/taa\/wp-content\/uploads\/sites\/7\/2024\/01\/kortsleht-2-766x1024.jpg\" alt=\"\" class=\"wp-image-295\" style=\"aspect-ratio:3\/4;object-fit:cover;width:358px\" srcset=\"https:\/\/kogud.emu.ee\/taa\/wp-content\/uploads\/sites\/7\/2024\/01\/kortsleht-2-766x1024.jpg 766w, https:\/\/kogud.emu.ee\/taa\/wp-content\/uploads\/sites\/7\/2024\/01\/kortsleht-2-224x300.jpg 224w, https:\/\/kogud.emu.ee\/taa\/wp-content\/uploads\/sites\/7\/2024\/01\/kortsleht-2-768x1027.jpg 768w, https:\/\/kogud.emu.ee\/taa\/wp-content\/uploads\/sites\/7\/2024\/01\/kortsleht-2-1149x1536.jpg 1149w, https:\/\/kogud.emu.ee\/taa\/wp-content\/uploads\/sites\/7\/2024\/01\/kortsleht-2.jpg 1197w\" sizes=\"auto, (max-width: 766px) 100vw, 766px\" \/><\/figure>\n<\/div><\/div>\n\n\n<style>.kadence-column128_c40c92-56 > .kt-inside-inner-col,.kadence-column128_c40c92-56 > .kt-inside-inner-col:before{border-top-left-radius:0px;border-top-right-radius:0px;border-bottom-right-radius:0px;border-bottom-left-radius:0px;}.kadence-column128_c40c92-56 > .kt-inside-inner-col{column-gap:var(--global-kb-gap-sm, 1rem);}.kadence-column128_c40c92-56 > .kt-inside-inner-col{flex-direction:column;}.kadence-column128_c40c92-56 > .kt-inside-inner-col > .aligncenter{width:100%;}.kadence-column128_c40c92-56 > .kt-inside-inner-col:before{opacity:0.3;}.kadence-column128_c40c92-56{position:relative;}@media all and (max-width: 1024px){.kadence-column128_c40c92-56 > .kt-inside-inner-col{flex-direction:column;justify-content:center;}}@media all and (max-width: 767px){.kadence-column128_c40c92-56 > .kt-inside-inner-col{flex-direction:column;justify-content:center;}}<\/style>\n<div class=\"wp-block-kadence-column kadence-column128_c40c92-56\"><div class=\"kt-inside-inner-col\">\n<figure class=\"wp-block-image size-large is-resized\"><img loading=\"lazy\" decoding=\"async\" width=\"771\" height=\"1024\" src=\"https:\/\/koguddev.emu.ee\/taa\/wp-content\/uploads\/sites\/7\/2024\/01\/consolida-771x1024.jpg\" alt=\"\" class=\"wp-image-299\" style=\"aspect-ratio:3\/4;object-fit:cover;width:358px\" srcset=\"https:\/\/kogud.emu.ee\/taa\/wp-content\/uploads\/sites\/7\/2024\/01\/consolida-771x1024.jpg 771w, https:\/\/kogud.emu.ee\/taa\/wp-content\/uploads\/sites\/7\/2024\/01\/consolida-226x300.jpg 226w, https:\/\/kogud.emu.ee\/taa\/wp-content\/uploads\/sites\/7\/2024\/01\/consolida-768x1020.jpg 768w, https:\/\/kogud.emu.ee\/taa\/wp-content\/uploads\/sites\/7\/2024\/01\/consolida-1157x1536.jpg 1157w, https:\/\/kogud.emu.ee\/taa\/wp-content\/uploads\/sites\/7\/2024\/01\/consolida.jpg 1205w\" sizes=\"auto, (max-width: 771px) 100vw, 771px\" \/><\/figure>\n<\/div><\/div>\n\n<\/div><\/div>\n\n\n<p><\/p>\n\n\n\n<p><\/p>\n\n\n\n<p class=\"gb-headline gb-headline-e8f35d9f gb-headline-text\">Eestist kogutud soontaimede herbaarium on digiteeritud 95% ulatuses, mis t\u00e4hendab, et eksemplaride kirjed sisaldavad nii kogumise andmeid kui ka fotot eksemplarist. Ajaloolisem osa&nbsp;kogust p\u00e4rineb 19. sajandi l\u00f5pust ja 20. sajandi algusest. Siin leidub v\u00e4hemal v\u00f5i rohkemal m\u00e4\u00e4ral herbaarlehti paljudelt tollastelt botaanikutelt ja taimekogujatelt, n\u00e4iteks Alexander Georg von Bunge, Paul Lackschewitz, Theodor Lackschewitz, Johannes Klinge, Carl Maximowitsch, Karl Reinhold Kupffer, Rudolf Lehbert, Alexander von Schrenk, Julius Killoman, Hugo Kapp, Gustav Vilbaste jt.<\/p>\n\n\n\n<p class=\"gb-headline gb-headline-ef53d4ca gb-headline-text\">Ajaloolise osa juurde kuulub ka 1700 herbaarlehest koosnev Alexander Georg von Bunge eksikaatkogu \u201e Flora exsiccata Liv-. Esth- und Kurlands\u201c (koostatud aastatel 1849-1853). See on esimene ulatuslik botaaniline t\u00f5endusmaterjal siinsest piirkonnast ning eksikaatkogu peetakse Eestimaa teadusliku botaanilise uurimise alguseks.<\/p>\n\n\n\n<p><\/p>\n\n\n\n<p><strong>Kollektsioon sisaldab mitmeid v\u00e4iksemaid erakogusid:<\/strong><\/p>\n\n\n\n<ul class=\"wp-block-list\">\n<li>Jakob Esseri kogu (780 herbaarlehte)<\/li>\n\n\n\n<li>Priidu Kohava kogu (600 eksemplari)<\/li>\n\n\n\n<li>August Muuga kogu (300 herbaarlehte)<\/li>\n\n\n\n<li>Tiiu Trei veetaimede kogu (600 herbaarlehte)<\/li>\n\n\n\n<li>Taavi Tuuliku Hiiumaa taimede kogu (1500 herbaarlehte)<\/li>\n\n\n\n<li>Gustav Vilbaste kogu (9800 herbaarlehte)<\/li>\n\n\n\n<li>Ellen Vilbaste kogu (800 herbaarlehte)<\/li>\n\n\n\n<li>Malle Lehe liblik\u00f5ieliste kogu (900 herbaarlehte). See kogu koosneb suuremas osas liikidest, mis Eestis looduslikult ei kasva. Kokku 106 liiki, suurem osa perekondade&nbsp;<em>Lathyrus<\/em>&nbsp; ja&nbsp;<em>Vicia<\/em>&nbsp;liigid.<\/li>\n<\/ul>\n\n\n\n<p class=\"gb-headline gb-headline-c710c2ea gb-headline-text\"><strong>V\u00c4LISHERBAARIUMI<\/strong>&nbsp;materjal (ligi 21 000) p\u00e4rineb p\u00f5hiliselt Venemaa Arktikast ja Siberist, Venemaa Euroopa osast, Kesk-Aasiast, Kaug-Idast, Kaukaasiast, samuti P\u00f5hja-Ameerikast, Kesk- ja L\u00f5una-Euroopast, Skandinaaviamaadest, L\u00e4tist ja Leedust. V\u00e4lisherbaarium on korraldatud sarnaselt Eesti herbaariumile s\u00fcstemaatiliselt; siin pole geograafilisi piirkondi eristatud.<\/p>\n\n\n\n<p><\/p>\n\n\n\n<p class=\"gb-headline gb-headline-c736a53f gb-headline-text\"><strong>KARL ERNST VON BAERI HERBAARIUM<\/strong>, mis p\u00e4rineb 19. sajandist, sisaldab ligi 12 000 herbaarlehte ning seda s\u00e4ilitatakse eraldiseisva koguna. Materjal p\u00e4rineb L\u00e4\u00e4ne Euroopast, Siberist, Kaukaasiast ja Kaspia \u00fcmbruse aladelt, samuti Aasiast ja Aafrikast, suure osa moodustab ka Eestist korjatud materjal. Herbaarium on avalikult k\u00e4ttesaadav&nbsp; PlutoF andmebaasis ja eElurikkuse portaalis:<a href=\"https:\/\/elurikkus.ee\/projects\/karl-ernst-von-baer\" target=\"_blank\" rel=\"noopener\">https:\/\/elurikkus.ee\/projects\/karl-ernst-von-baer<\/a>.<\/p>\n\n\n<style>.kb-row-layout-wrap.wp-block-kadence-rowlayout.kb-row-layout-id128_7f2bd3-60{margin-bottom:0px;}.kb-row-layout-id128_7f2bd3-60 > .kt-row-column-wrap{align-content:start;}:where(.kb-row-layout-id128_7f2bd3-60 > .kt-row-column-wrap) > .wp-block-kadence-column{justify-content:start;}.kb-row-layout-id128_7f2bd3-60 > .kt-row-column-wrap{column-gap:var(--global-kb-gap-md, 2rem);row-gap:var(--global-kb-gap-md, 2rem);padding-top:var(--global-kb-spacing-sm, 1.5rem);padding-bottom:var(--global-kb-spacing-sm, 1.5rem);grid-template-columns:repeat(2, minmax(0, 1fr));}.kb-row-layout-id128_7f2bd3-60 > .kt-row-layout-overlay{opacity:0.30;}@media all and (max-width: 1024px){.kb-row-layout-id128_7f2bd3-60 > .kt-row-column-wrap{grid-template-columns:repeat(2, minmax(0, 1fr));}}@media all and (max-width: 767px){.kb-row-layout-id128_7f2bd3-60 > .kt-row-column-wrap{grid-template-columns:minmax(0, 1fr);}}<\/style><div class=\"kb-row-layout-wrap kb-row-layout-id128_7f2bd3-60 alignnone wp-block-kadence-rowlayout\"><div class=\"kt-row-column-wrap kt-has-2-columns kt-row-layout-equal kt-tab-layout-inherit kt-mobile-layout-row kt-row-valign-top\">\n<style>.kadence-column128_8b72e6-2e > .kt-inside-inner-col,.kadence-column128_8b72e6-2e > .kt-inside-inner-col:before{border-top-left-radius:0px;border-top-right-radius:0px;border-bottom-right-radius:0px;border-bottom-left-radius:0px;}.kadence-column128_8b72e6-2e > .kt-inside-inner-col{column-gap:var(--global-kb-gap-sm, 1rem);}.kadence-column128_8b72e6-2e > .kt-inside-inner-col{flex-direction:column;}.kadence-column128_8b72e6-2e > .kt-inside-inner-col > .aligncenter{width:100%;}.kadence-column128_8b72e6-2e > .kt-inside-inner-col:before{opacity:0.3;}.kadence-column128_8b72e6-2e{position:relative;}@media all and (max-width: 1024px){.kadence-column128_8b72e6-2e > .kt-inside-inner-col{flex-direction:column;justify-content:center;}}@media all and (max-width: 767px){.kadence-column128_8b72e6-2e > .kt-inside-inner-col{flex-direction:column;justify-content:center;}}<\/style>\n<div class=\"wp-block-kadence-column kadence-column128_8b72e6-2e\"><div class=\"kt-inside-inner-col\">\n<figure class=\"wp-block-image size-large\"><img loading=\"lazy\" decoding=\"async\" width=\"776\" height=\"1024\" src=\"https:\/\/koguddev.emu.ee\/taa\/wp-content\/uploads\/sites\/7\/2024\/01\/baervaher-776x1024.jpg\" alt=\"\" class=\"wp-image-309\" srcset=\"https:\/\/kogud.emu.ee\/taa\/wp-content\/uploads\/sites\/7\/2024\/01\/baervaher-776x1024.jpg 776w, https:\/\/kogud.emu.ee\/taa\/wp-content\/uploads\/sites\/7\/2024\/01\/baervaher-227x300.jpg 227w, https:\/\/kogud.emu.ee\/taa\/wp-content\/uploads\/sites\/7\/2024\/01\/baervaher-768x1014.jpg 768w, https:\/\/kogud.emu.ee\/taa\/wp-content\/uploads\/sites\/7\/2024\/01\/baervaher-1164x1536.jpg 1164w, https:\/\/kogud.emu.ee\/taa\/wp-content\/uploads\/sites\/7\/2024\/01\/baervaher.jpg 1212w\" sizes=\"auto, (max-width: 776px) 100vw, 776px\" \/><\/figure>\n<\/div><\/div>\n\n\n<style>.kadence-column128_297e03-4e > .kt-inside-inner-col,.kadence-column128_297e03-4e > .kt-inside-inner-col:before{border-top-left-radius:0px;border-top-right-radius:0px;border-bottom-right-radius:0px;border-bottom-left-radius:0px;}.kadence-column128_297e03-4e > .kt-inside-inner-col{column-gap:var(--global-kb-gap-sm, 1rem);}.kadence-column128_297e03-4e > .kt-inside-inner-col{flex-direction:column;}.kadence-column128_297e03-4e > .kt-inside-inner-col > .aligncenter{width:100%;}.kadence-column128_297e03-4e > .kt-inside-inner-col:before{opacity:0.3;}.kadence-column128_297e03-4e{position:relative;}@media all and (max-width: 1024px){.kadence-column128_297e03-4e > .kt-inside-inner-col{flex-direction:column;justify-content:center;}}@media all and (max-width: 767px){.kadence-column128_297e03-4e > .kt-inside-inner-col{flex-direction:column;justify-content:center;}}<\/style>\n<div class=\"wp-block-kadence-column kadence-column128_297e03-4e\"><div class=\"kt-inside-inner-col\">\n<figure class=\"wp-block-image size-large\"><img loading=\"lazy\" decoding=\"async\" width=\"760\" height=\"1024\" src=\"https:\/\/koguddev.emu.ee\/taa\/wp-content\/uploads\/sites\/7\/2024\/01\/baerloorber-760x1024.jpg\" alt=\"\" class=\"wp-image-310\" srcset=\"https:\/\/kogud.emu.ee\/taa\/wp-content\/uploads\/sites\/7\/2024\/01\/baerloorber-760x1024.jpg 760w, https:\/\/kogud.emu.ee\/taa\/wp-content\/uploads\/sites\/7\/2024\/01\/baerloorber-223x300.jpg 223w, https:\/\/kogud.emu.ee\/taa\/wp-content\/uploads\/sites\/7\/2024\/01\/baerloorber-768x1035.jpg 768w, https:\/\/kogud.emu.ee\/taa\/wp-content\/uploads\/sites\/7\/2024\/01\/baerloorber-1140x1536.jpg 1140w, https:\/\/kogud.emu.ee\/taa\/wp-content\/uploads\/sites\/7\/2024\/01\/baerloorber.jpg 1187w\" sizes=\"auto, (max-width: 760px) 100vw, 760px\" \/><\/figure>\n<\/div><\/div>\n\n\n<style>.kadence-column128_b2801b-41 > .kt-inside-inner-col,.kadence-column128_b2801b-41 > .kt-inside-inner-col:before{border-top-left-radius:0px;border-top-right-radius:0px;border-bottom-right-radius:0px;border-bottom-left-radius:0px;}.kadence-column128_b2801b-41 > .kt-inside-inner-col{column-gap:var(--global-kb-gap-sm, 1rem);}.kadence-column128_b2801b-41 > .kt-inside-inner-col{flex-direction:column;}.kadence-column128_b2801b-41 > .kt-inside-inner-col > .aligncenter{width:100%;}.kadence-column128_b2801b-41 > .kt-inside-inner-col:before{opacity:0.3;}.kadence-column128_b2801b-41{position:relative;}@media all and (max-width: 1024px){.kadence-column128_b2801b-41 > .kt-inside-inner-col{flex-direction:column;justify-content:center;}}@media all and (max-width: 767px){.kadence-column128_b2801b-41 > .kt-inside-inner-col{flex-direction:column;justify-content:center;}}<\/style>\n<div class=\"wp-block-kadence-column kadence-column128_b2801b-41\"><div class=\"kt-inside-inner-col\">\n<figure class=\"wp-block-image size-large\"><img loading=\"lazy\" decoding=\"async\" width=\"760\" height=\"1024\" src=\"https:\/\/koguddev.emu.ee\/taa\/wp-content\/uploads\/sites\/7\/2024\/01\/capbon1-760x1024.jpg\" alt=\"\" class=\"wp-image-311\" srcset=\"https:\/\/kogud.emu.ee\/taa\/wp-content\/uploads\/sites\/7\/2024\/01\/capbon1-760x1024.jpg 760w, https:\/\/kogud.emu.ee\/taa\/wp-content\/uploads\/sites\/7\/2024\/01\/capbon1-223x300.jpg 223w, https:\/\/kogud.emu.ee\/taa\/wp-content\/uploads\/sites\/7\/2024\/01\/capbon1-768x1035.jpg 768w, https:\/\/kogud.emu.ee\/taa\/wp-content\/uploads\/sites\/7\/2024\/01\/capbon1-1140x1536.jpg 1140w, https:\/\/kogud.emu.ee\/taa\/wp-content\/uploads\/sites\/7\/2024\/01\/capbon1.jpg 1187w\" sizes=\"auto, (max-width: 760px) 100vw, 760px\" \/><\/figure>\n<\/div><\/div>\n\n\n<style>.kadence-column128_10a227-8a > .kt-inside-inner-col,.kadence-column128_10a227-8a > .kt-inside-inner-col:before{border-top-left-radius:0px;border-top-right-radius:0px;border-bottom-right-radius:0px;border-bottom-left-radius:0px;}.kadence-column128_10a227-8a > .kt-inside-inner-col{column-gap:var(--global-kb-gap-sm, 1rem);}.kadence-column128_10a227-8a > .kt-inside-inner-col{flex-direction:column;}.kadence-column128_10a227-8a > .kt-inside-inner-col > .aligncenter{width:100%;}.kadence-column128_10a227-8a > .kt-inside-inner-col:before{opacity:0.3;}.kadence-column128_10a227-8a{position:relative;}@media all and (max-width: 1024px){.kadence-column128_10a227-8a > .kt-inside-inner-col{flex-direction:column;justify-content:center;}}@media all and (max-width: 767px){.kadence-column128_10a227-8a > .kt-inside-inner-col{flex-direction:column;justify-content:center;}}<\/style>\n<div class=\"wp-block-kadence-column kadence-column128_10a227-8a\"><div class=\"kt-inside-inner-col\">\n<figure class=\"wp-block-image size-large\"><img loading=\"lazy\" decoding=\"async\" width=\"769\" height=\"1024\" src=\"https:\/\/koguddev.emu.ee\/taa\/wp-content\/uploads\/sites\/7\/2024\/01\/baerinoges-1-769x1024.jpg\" alt=\"\" class=\"wp-image-315\" srcset=\"https:\/\/kogud.emu.ee\/taa\/wp-content\/uploads\/sites\/7\/2024\/01\/baerinoges-1-769x1024.jpg 769w, https:\/\/kogud.emu.ee\/taa\/wp-content\/uploads\/sites\/7\/2024\/01\/baerinoges-1-225x300.jpg 225w, https:\/\/kogud.emu.ee\/taa\/wp-content\/uploads\/sites\/7\/2024\/01\/baerinoges-1-768x1023.jpg 768w, https:\/\/kogud.emu.ee\/taa\/wp-content\/uploads\/sites\/7\/2024\/01\/baerinoges-1-1153x1536.jpg 1153w, https:\/\/kogud.emu.ee\/taa\/wp-content\/uploads\/sites\/7\/2024\/01\/baerinoges-1.jpg 1201w\" sizes=\"auto, (max-width: 769px) 100vw, 769px\" \/><\/figure>\n<\/div><\/div>\n\n<\/div><\/div>","protected":false},"excerpt":{"rendered":"<p>Soontaimede herbaarium koosneb Eesti taimede herbaariumist, v\u00e4lisherbaariumist, Baeri herbaariumist, seemnekogust ja \u00f5ppekollektsioonist. Eraldi v\u00e4ikese koguna s\u00e4ilitatakse dendroloogilist kollektsiooni. Herbaariumi juurde kuulub ka mitmesuguseid muid materjale: kartoteeke (n\u00e4iteks leiukohtade paberkartoteek, kaitsealuste taimeliikide kartoteek), v\u00e4lip\u00e4evikuid, fotosid ja fotonegatiive, s\u00fcstematiseeritud taimepiltidega&nbsp; postkaardi kollektsioon (Heljo Kralli koostatud) jms. EESTI HERBAARIUMIS&nbsp;on rohkem kui 163 000 herbaarlehte. Suur osa materjalist on &#8230; <\/p>\n<p class=\"read-more-container\"><a title=\"Soontaimede herbaarium\" class=\"read-more button\" href=\"https:\/\/kogud.emu.ee\/taa\/soontaimed\/#more-128\" aria-label=\"Read more about Soontaimede herbaarium\">Read more<\/a><\/p>\n","protected":false},"author":1,"featured_media":0,"parent":0,"menu_order":0,"comment_status":"closed","ping_status":"closed","template":"","meta":{"footnotes":""},"class_list":{"0":"post-128","1":"page","2":"type-page","3":"status-publish","5":"no-featured-image-padding"},"_links":{"self":[{"href":"https:\/\/kogud.emu.ee\/taa\/wp-json\/wp\/v2\/pages\/128","targetHints":{"allow":["GET"]}}],"collection":[{"href":"https:\/\/kogud.emu.ee\/taa\/wp-json\/wp\/v2\/pages"}],"about":[{"href":"https:\/\/kogud.emu.ee\/taa\/wp-json\/wp\/v2\/types\/page"}],"author":[{"embeddable":true,"href":"https:\/\/kogud.emu.ee\/taa\/wp-json\/wp\/v2\/users\/1"}],"replies":[{"embeddable":true,"href":"https:\/\/kogud.emu.ee\/taa\/wp-json\/wp\/v2\/comments?post=128"}],"version-history":[{"count":31,"href":"https:\/\/kogud.emu.ee\/taa\/wp-json\/wp\/v2\/pages\/128\/revisions"}],"predecessor-version":[{"id":483,"href":"https:\/\/kogud.emu.ee\/taa\/wp-json\/wp\/v2\/pages\/128\/revisions\/483"}],"wp:attachment":[{"href":"https:\/\/kogud.emu.ee\/taa\/wp-json\/wp\/v2\/media?parent=128"}],"curies":[{"name":"wp","href":"https:\/\/api.w.org\/{rel}","templated":true}]}}