{"id":108,"date":"2023-09-04T10:05:37","date_gmt":"2023-09-04T07:05:37","guid":{"rendered":"https:\/\/koguddev.emu.ee\/taa\/?page_id=108"},"modified":"2024-02-09T16:01:42","modified_gmt":"2024-02-09T14:01:42","slug":"tuubid","status":"publish","type":"page","link":"https:\/\/kogud.emu.ee\/taa\/tuubid\/","title":{"rendered":"T\u00fc\u00fcbid"},"content":{"rendered":"\n<p><strong>T\u00dc\u00dcPEKSEMPLARID<\/strong><\/p>\n\n\n\n<p>Soontaimede kogus on 30 t\u00fc\u00fcpeksemplari perekondadest&nbsp;<em>Carex<\/em>,&nbsp;<em>Crepis<\/em>,&nbsp;<em>Dactylodenia, Dactylorhiza<\/em>,&nbsp;<em>Hieracium<\/em>,&nbsp;<em>Hordeum<\/em>,&nbsp;<em>Juncus<\/em>,&nbsp;<em>Lepidium<\/em>,&nbsp;<em>Ranunculus<\/em>.<\/p>\n\n\n\n<p><strong>Holot\u00fc\u00fcbid<\/strong><\/p>\n\n\n\n<ul class=\"wp-block-list\">\n<li>TAA0052538\u00a0<em>Carex rhizina<\/em>\u00a0Blytt ex Lindblom f.\u00a0<em>depauperata<\/em>\u00a0K.Eichw.<\/li>\n\n\n\n<li>TAA0085325\u00a0<em>Dactylorhiza baltica<\/em>\u00a0(Klinge) N.I.Orlova var.\u00a0<em>kuzkenembe<\/em>\u00a0Pikner<\/li>\n\n\n\n<li>TAA0112099\u00a0<em>Dactylorhiza maculata<\/em>\u00a0(L.) So\u00f3 var.\u00a0<em>nummularia<\/em>\u00a0Pikner<\/li>\n\n\n\n<li>TAA0111736\u00a0<em>Dactylorhiza osiliensis<\/em>\u00a0Pikner<\/li>\n\n\n\n<li>TAA0111741\u00a0<em>Crepis biennis<\/em>\u00a0L. var.\u00a0<em>silviae<\/em>\u00a0\u00dcksip<\/li>\n\n\n\n<li>TAA0111744\u00a0<em>Dactylorhiza \u00d7kuuskiae<\/em>\u00a0E.Breiner et R.Breiner<\/li>\n\n\n\n<li>[<em>Dactylorhiza baltica<\/em>\u00a0(Klinge) Orlova \u00d7\u00a0<em>D. ruthei<\/em>\u00a0(M. Schulze ex Ruthe) So\u00f3]<\/li>\n\n\n\n<li>TAA0111745\u00a0<em>Dactylorhiza \u00d7reitaluae<\/em>\u00a0Hennecke, E.Breiner et R.Breiner<\/li>\n\n\n\n<li>[<em>Dactylorhiza incarnata<\/em>\u00a0(L.) So\u00f3 \u00d7\u00a0<em>D. ruthei<\/em>\u00a0(M. Schulze ex Ruthe) So\u00f3]<\/li>\n\n\n\n<li>TAA0111750\u00a0<em>Hieracium nigrosilvarum<\/em>\u00a0\u00dcksip<\/li>\n\n\n\n<li>TAA0111752\u00a0<em>Hordeum caudatum<\/em>\u00a0Jaaska<\/li>\n\n\n\n<li>TAA0111759\u00a0<em>Lepidium latifolium<\/em>\u00a0L. f.\u00a0<em>pubescens<\/em>\u00a0Kuusk<\/li>\n\n\n\n<li>TAA0111760\u00a0<em>Turritis glabra<\/em>\u00a0L. f.\u00a0<em>glaberrima<\/em>\u00a0Kuusk<\/li>\n\n\n\n<li>TAA0111756 \u00d7<em>Dactylodenia palustris<\/em>\u00a0Kurbel<\/li>\n<\/ul>\n\n\n\n<p><\/p>\n\n\n\n<p><strong>Isot\u00fc\u00fcbid<\/strong><\/p>\n\n\n\n<ul class=\"wp-block-list\">\n<li>TAA0111737\u00a0<em>Dactylorhiza osiliensis<\/em>\u00a0Pikner<\/li>\n\n\n\n<li>TAA0111738\u00a0<em>Dactylorhiza osiliensis<\/em>\u00a0Pikner<\/li>\n\n\n\n<li>TAA0111739\u00a0<em>Ranunculus auricomus<\/em>\u00a0L. subsp.\u00a0<em>smithii<\/em>\u00a0Julin<\/li>\n\n\n\n<li>TAA0111740\u00a0<em>Ranunculus auricomus<\/em>\u00a0L. subsp.\u00a0<em>semiorbicularis<\/em>\u00a0Julin<\/li>\n\n\n\n<li>TAA0111742\u00a0<em>Crepis biennis<\/em>\u00a0L. var.\u00a0<em>silviae<\/em>\u00a0\u00dcksip<\/li>\n\n\n\n<li>TAA0111746\u00a0<em>Dactylorhiza \u00d7reitaluae<\/em>\u00a0Hennecke, E.Breiner et R.Breiner [Dactylorhiza incarnata (L.) So\u00f3 \u00d7 D.\u00a0<em>ruthei<\/em>\u00a0(M. Schulze ex Ruthe) So\u00f3]<\/li>\n\n\n\n<li>TAA0111749\u00a0<em>Hieracium uranopoleus<\/em>\u00a0\u00dcksip<\/li>\n\n\n\n<li>TAA0111751\u00a0<em>Hieracium paldiskiense<\/em>\u00a0\u00dcksip<\/li>\n\n\n\n<li>TAA0111753\u00a0<em>Hordeum caudatum<\/em>\u00a0Jaaska<\/li>\n\n\n\n<li>TAA0111754\u00a0<em>Hordeum caudatum<\/em>\u00a0Jaaska<\/li>\n\n\n\n<li>TAA0111755\u00a0<em>Hordeum caudatum<\/em>\u00a0Jaaska<\/li>\n\n\n\n<li>TAA0111756\u00a0<em>Hordeum caudatum<\/em>\u00a0Jaaska<\/li>\n\n\n\n<li>TAA0111757\u00a0<em>Hordeum caudatum<\/em>\u00a0Jaaska<\/li>\n\n\n\n<li>TAA0111761\u00a0<em>Turritis glabra<\/em>\u00a0L. f.\u00a0<em>glaberrima<\/em>\u00a0Kuusk<\/li>\n<\/ul>\n\n\n\n<p><strong>Parat\u00fc\u00fcbid<\/strong><\/p>\n\n\n\n<ul class=\"wp-block-list\">\n<li>TAA0111747\u00a0<em>Hieracium \u00d7 disputabile<\/em>\u00a0Sennikov<\/li>\n\n\n\n<li>TAA0111748\u00a0<em>Hieracium \u00d7 disputabile<\/em>\u00a0Sennikov<\/li>\n\n\n\n<li>TAA0111758\u00a0<em>Juncus bulbosus<\/em>\u00a0L. subsp.\u00a0<em>bulbosus<\/em>\u00a0var.\u00a0<em>submucronatus<\/em>\u00a0Pro\u0107k\u00f3w<\/li>\n<\/ul>\n\n\n\n<p><strong>S\u00fcnt\u00fc\u00fcp<\/strong><\/p>\n\n\n\n<ul class=\"wp-block-list\">\n<li>TAA0150757 \u00d7<em>Dactylodenia palustris<\/em>\u00a0Kurbel<\/li>\n<\/ul>\n\n\n\n<h3 class=\"gb-headline gb-headline-ec07aef3 gb-headline-text\"><strong>Sammaltaimede herbaariumis on seitse t\u00fc\u00fcpeksemplari.<\/strong><\/h3>\n\n\n\n<p><strong>Parat\u00fc\u00fcp<\/strong><\/p>\n\n\n\n<ul class=\"wp-block-list\">\n<li>TAA5005227 Myriocoleopsis riparia Reiner, Maria Elena &amp; Gradst.<\/li>\n<\/ul>\n\n\n\n<p><strong>Lektot\u00fc\u00fcbid<\/strong><\/p>\n\n\n\n<ul class=\"wp-block-list\">\n<li>TAA5005221\u00a0<em>Sphagnum majus<\/em>\u00a0(Russow) C.E.O.Jensen<\/li>\n\n\n\n<li>TAA5005223\u00a0<em>Sphagnum wulfianum<\/em>\u00a0Girg.<\/li>\n\n\n\n<li>TAA5005226\u00a0<em>Tortula lingulata<\/em>\u00a0Lindb.<\/li>\n<\/ul>\n\n\n\n<p><strong>S\u00fcnt\u00fc\u00fcbid<\/strong><\/p>\n\n\n\n<ul class=\"wp-block-list\">\n<li>TAA5005222\u00a0<em>Sphagnum girgensohnii<\/em>\u00a0Russow<\/li>\n\n\n\n<li>TAA5005224\u00a0<em>Sphagnum wulfianum<\/em>\u00a0Girg.<\/li>\n\n\n\n<li>TAA5005225\u00a0<em>Sphagnum wulfianum<\/em>\u00a0Girg.<\/li>\n<\/ul>\n","protected":false},"excerpt":{"rendered":"<p>T\u00dc\u00dcPEKSEMPLARID Soontaimede kogus on 30 t\u00fc\u00fcpeksemplari perekondadest&nbsp;Carex,&nbsp;Crepis,&nbsp;Dactylodenia, Dactylorhiza,&nbsp;Hieracium,&nbsp;Hordeum,&nbsp;Juncus,&nbsp;Lepidium,&nbsp;Ranunculus. Holot\u00fc\u00fcbid Isot\u00fc\u00fcbid Parat\u00fc\u00fcbid S\u00fcnt\u00fc\u00fcp Sammaltaimede herbaariumis on seitse t\u00fc\u00fcpeksemplari. Parat\u00fc\u00fcp Lektot\u00fc\u00fcbid S\u00fcnt\u00fc\u00fcbid<\/p>\n","protected":false},"author":1,"featured_media":0,"parent":0,"menu_order":0,"comment_status":"closed","ping_status":"closed","template":"","meta":{"footnotes":""},"class_list":{"0":"post-108","1":"page","2":"type-page","3":"status-publish","5":"no-featured-image-padding"},"_links":{"self":[{"href":"https:\/\/kogud.emu.ee\/taa\/wp-json\/wp\/v2\/pages\/108","targetHints":{"allow":["GET"]}}],"collection":[{"href":"https:\/\/kogud.emu.ee\/taa\/wp-json\/wp\/v2\/pages"}],"about":[{"href":"https:\/\/kogud.emu.ee\/taa\/wp-json\/wp\/v2\/types\/page"}],"author":[{"embeddable":true,"href":"https:\/\/kogud.emu.ee\/taa\/wp-json\/wp\/v2\/users\/1"}],"replies":[{"embeddable":true,"href":"https:\/\/kogud.emu.ee\/taa\/wp-json\/wp\/v2\/comments?post=108"}],"version-history":[{"count":5,"href":"https:\/\/kogud.emu.ee\/taa\/wp-json\/wp\/v2\/pages\/108\/revisions"}],"predecessor-version":[{"id":563,"href":"https:\/\/kogud.emu.ee\/taa\/wp-json\/wp\/v2\/pages\/108\/revisions\/563"}],"wp:attachment":[{"href":"https:\/\/kogud.emu.ee\/taa\/wp-json\/wp\/v2\/media?parent=108"}],"curies":[{"name":"wp","href":"https:\/\/api.w.org\/{rel}","templated":true}]}}