{"id":106,"date":"2023-09-04T10:05:26","date_gmt":"2023-09-04T07:05:26","guid":{"rendered":"https:\/\/koguddev.emu.ee\/taa\/?page_id=106"},"modified":"2025-01-30T11:15:17","modified_gmt":"2025-01-30T09:15:17","slug":"andmebaasid","status":"publish","type":"page","link":"https:\/\/kogud.emu.ee\/taa\/andmebaasid\/","title":{"rendered":"Andmebaasid"},"content":{"rendered":"<style>.wp-block-kadence-advancedheading.kt-adv-heading106_c79308-fa, .wp-block-kadence-advancedheading.kt-adv-heading106_c79308-fa[data-kb-block=\"kb-adv-heading106_c79308-fa\"]{font-size:var(--global-kb-font-size-md, 1.25rem);font-style:normal;text-transform:none;}.wp-block-kadence-advancedheading.kt-adv-heading106_c79308-fa mark.kt-highlight, .wp-block-kadence-advancedheading.kt-adv-heading106_c79308-fa[data-kb-block=\"kb-adv-heading106_c79308-fa\"] mark.kt-highlight{font-style:normal;color:#f76a0c;-webkit-box-decoration-break:clone;box-decoration-break:clone;padding-top:0px;padding-right:0px;padding-bottom:0px;padding-left:0px;}<\/style>\n<p class=\"kt-adv-heading106_c79308-fa wp-block-kadence-advancedheading\" data-kb-block=\"kb-adv-heading106_c79308-fa\"><strong>EM\u00dc botaaniliste kollektsioonide (TAA)  andmed on leitavad j\u00e4rgmistest andmebaasidest:<\/strong><\/p>\n\n\n<style>.wp-block-kadence-advancedheading.kt-adv-heading106_473683-a9, .wp-block-kadence-advancedheading.kt-adv-heading106_473683-a9[data-kb-block=\"kb-adv-heading106_473683-a9\"]{font-style:normal;text-transform:none;}.wp-block-kadence-advancedheading.kt-adv-heading106_473683-a9 mark.kt-highlight, .wp-block-kadence-advancedheading.kt-adv-heading106_473683-a9[data-kb-block=\"kb-adv-heading106_473683-a9\"] mark.kt-highlight{font-style:normal;color:#f76a0c;-webkit-box-decoration-break:clone;box-decoration-break:clone;padding-top:0px;padding-right:0px;padding-bottom:0px;padding-left:0px;}<\/style>\n<h2 class=\"kt-adv-heading106_473683-a9 wp-block-kadence-advancedheading\" data-kb-block=\"kb-adv-heading106_473683-a9\">Globaalse elurikkuse portaal <a href=\"https:\/\/www.gbif.org\/dataset\/6b5e4c2d-127f-492e-bf1c-2026d515e0de\" target=\"_blank\" rel=\"noopener\"><strong><mark style=\"color:#4c8a46\" class=\"has-inline-color\">GBIF<\/mark><\/strong><\/a><\/h2>\n\n\n\n<p class=\"gb-headline gb-headline-8f4c1582 gb-headline-text\">GBIF (<em>The Global Biodiversity Information Facility<\/em>)&nbsp;ehk Maailma elurikkuse andmeportaal<em>&nbsp;<\/em>on&nbsp;rahvusvaheline v\u00f5rgustik, mille eesm\u00e4rk on jagada infot igat liiki elurikkuse kohta maailmas.&nbsp;GBIF peamine \u00fclesanne on teha k\u00f5ikidele huvilistele elurikkuse info vabalt, tasuta ja tunnustatud standardis k\u00e4ttesaadavaks.<\/p>\n\n\n<style>.wp-block-kadence-advancedheading.kt-adv-heading106_2d53d6-b9, .wp-block-kadence-advancedheading.kt-adv-heading106_2d53d6-b9[data-kb-block=\"kb-adv-heading106_2d53d6-b9\"]{font-style:normal;text-transform:none;}.wp-block-kadence-advancedheading.kt-adv-heading106_2d53d6-b9 mark.kt-highlight, .wp-block-kadence-advancedheading.kt-adv-heading106_2d53d6-b9[data-kb-block=\"kb-adv-heading106_2d53d6-b9\"] mark.kt-highlight{font-style:normal;color:#f76a0c;-webkit-box-decoration-break:clone;box-decoration-break:clone;padding-top:0px;padding-right:0px;padding-bottom:0px;padding-left:0px;}<\/style>\n<h2 class=\"kt-adv-heading106_2d53d6-b9 wp-block-kadence-advancedheading\" data-kb-block=\"kb-adv-heading106_2d53d6-b9\">Eesti elurikkuse portaal <a href=\"https:\/\/elurikkus.ee\/\" data-type=\"link\" data-id=\"https:\/\/elurikkus.ee\/collectory\/public\/show\/co5\" target=\"_blank\" rel=\"noopener\"><strong>eElurikkus<\/strong><\/a><\/h2>\n\n\n\n<p class=\"gb-headline gb-headline-c0f42c26 gb-headline-text\">eElurikkus&nbsp;on&nbsp;Eesti&nbsp;bioloogilise mitmekesisuse&nbsp;kohta informatsiooni kuvav veebip\u00f5hine&nbsp;andmebaas.<\/p>\n\n\n<style>.wp-block-kadence-advancedheading.kt-adv-heading106_65e73a-5a, .wp-block-kadence-advancedheading.kt-adv-heading106_65e73a-5a[data-kb-block=\"kb-adv-heading106_65e73a-5a\"]{font-style:normal;text-transform:none;}.wp-block-kadence-advancedheading.kt-adv-heading106_65e73a-5a mark.kt-highlight, .wp-block-kadence-advancedheading.kt-adv-heading106_65e73a-5a[data-kb-block=\"kb-adv-heading106_65e73a-5a\"] mark.kt-highlight{font-style:normal;color:#f76a0c;-webkit-box-decoration-break:clone;box-decoration-break:clone;padding-top:0px;padding-right:0px;padding-bottom:0px;padding-left:0px;}<\/style>\n<h2 class=\"kt-adv-heading106_65e73a-5a wp-block-kadence-advancedheading\" data-kb-block=\"kb-adv-heading106_65e73a-5a\">Eesti taimekogude rahvuslik andmebaas  <a href=\"https:\/\/natarc.ut.ee\/taimekogud.php?lang=et\" data-type=\"link\" data-id=\"https:\/\/natarc.ut.ee\/taimekogud.php?lang=et\" target=\"_blank\" rel=\"noopener\"><strong>NATARC<\/strong><\/a><\/h2>\n\n\n\n<p class=\"gb-headline gb-headline-a3599efb gb-headline-text\">Taimekogude andmebaas koondab Tartu \u00dclikooli Loodusmuuseumi botaanika- ja m\u00fckoloogiamuuseumi herbaariumis (TU), Eesti Maa\u00fclikooli p\u00f5llumajandus- ja keskkonnainstituudi botaanika osakonna herbaariumis (TAA), Tallinna Botaanikaaia herbaariumis (TALL) ja Eesti Loodusmuuseumi herbaariumis (TAM) talletatud soontaimede, sammalde ja vetikataksonite eksemplaride andmeid.<\/p>\n","protected":false},"excerpt":{"rendered":"<p>EM\u00dc botaaniliste kollektsioonide (TAA) andmed on leitavad j\u00e4rgmistest andmebaasidest: Globaalse elurikkuse portaal GBIF GBIF (The Global Biodiversity Information Facility)&nbsp;ehk Maailma elurikkuse andmeportaal&nbsp;on&nbsp;rahvusvaheline v\u00f5rgustik, mille eesm\u00e4rk on jagada infot igat liiki elurikkuse kohta maailmas.&nbsp;GBIF peamine \u00fclesanne on teha k\u00f5ikidele huvilistele elurikkuse info vabalt, tasuta ja tunnustatud standardis k\u00e4ttesaadavaks. Eesti elurikkuse portaal eElurikkus eElurikkus&nbsp;on&nbsp;Eesti&nbsp;bioloogilise mitmekesisuse&nbsp;kohta informatsiooni kuvav &#8230; <\/p>\n<p class=\"read-more-container\"><a title=\"Andmebaasid\" class=\"read-more button\" href=\"https:\/\/kogud.emu.ee\/taa\/andmebaasid\/#more-106\" aria-label=\"Read more about Andmebaasid\">Read more<\/a><\/p>\n","protected":false},"author":1,"featured_media":0,"parent":0,"menu_order":0,"comment_status":"closed","ping_status":"closed","template":"","meta":{"footnotes":""},"class_list":{"0":"post-106","1":"page","2":"type-page","3":"status-publish","5":"no-featured-image-padding"},"_links":{"self":[{"href":"https:\/\/kogud.emu.ee\/taa\/wp-json\/wp\/v2\/pages\/106","targetHints":{"allow":["GET"]}}],"collection":[{"href":"https:\/\/kogud.emu.ee\/taa\/wp-json\/wp\/v2\/pages"}],"about":[{"href":"https:\/\/kogud.emu.ee\/taa\/wp-json\/wp\/v2\/types\/page"}],"author":[{"embeddable":true,"href":"https:\/\/kogud.emu.ee\/taa\/wp-json\/wp\/v2\/users\/1"}],"replies":[{"embeddable":true,"href":"https:\/\/kogud.emu.ee\/taa\/wp-json\/wp\/v2\/comments?post=106"}],"version-history":[{"count":9,"href":"https:\/\/kogud.emu.ee\/taa\/wp-json\/wp\/v2\/pages\/106\/revisions"}],"predecessor-version":[{"id":707,"href":"https:\/\/kogud.emu.ee\/taa\/wp-json\/wp\/v2\/pages\/106\/revisions\/707"}],"wp:attachment":[{"href":"https:\/\/kogud.emu.ee\/taa\/wp-json\/wp\/v2\/media?parent=106"}],"curies":[{"name":"wp","href":"https:\/\/api.w.org\/{rel}","templated":true}]}}