{"id":7,"date":"2022-06-08T11:27:37","date_gmt":"2022-06-08T11:27:37","guid":{"rendered":"https:\/\/koguddev.emu.ee\/seened\/?page_id=7"},"modified":"2026-02-10T08:51:54","modified_gmt":"2026-02-10T06:51:54","slug":"taam","status":"publish","type":"page","link":"https:\/\/kogud.emu.ee\/myko\/kollektsioonid\/taam\/","title":{"rendered":"Seente kollektsioon [TAAM]"},"content":{"rendered":"\n<figure class=\"wp-block-image alignwide size-large\"><img loading=\"lazy\" decoding=\"async\" width=\"1024\" height=\"163\" src=\"https:\/\/koguddev.emu.ee\/myko\/wp-content\/uploads\/sites\/5\/2024\/01\/TAAM-esileht_2_pp-e1706478877589-1024x163.png\" alt=\"\" class=\"wp-image-657\" srcset=\"https:\/\/kogud.emu.ee\/myko\/wp-content\/uploads\/sites\/5\/2024\/01\/TAAM-esileht_2_pp-e1706478877589-1024x163.png 1024w, https:\/\/kogud.emu.ee\/myko\/wp-content\/uploads\/sites\/5\/2024\/01\/TAAM-esileht_2_pp-e1706478877589-300x48.png 300w, https:\/\/kogud.emu.ee\/myko\/wp-content\/uploads\/sites\/5\/2024\/01\/TAAM-esileht_2_pp-e1706478877589-768x123.png 768w, https:\/\/kogud.emu.ee\/myko\/wp-content\/uploads\/sites\/5\/2024\/01\/TAAM-esileht_2_pp-e1706478877589.png 1040w\" sizes=\"auto, (max-width: 1024px) 100vw, 1024px\" \/><\/figure>\n\n\n\n<p>See seenekogu on endise Zooloogia ja Botaanika Instituudi (tegutses 1947-2004) m\u00fckoloogide t\u00f6\u00f6 tulemus.<\/p>\n\n\n\n<p>\u00dcLEVAATLIKULT TAAM KOGUST:<\/p>\n\n\n\n<ul class=\"wp-block-list\">\n<li>hinnanguline eksemplaride arv 189&nbsp;000, \u00fcle 8 200 seeneliigi.<\/li>\n\n\n\n<li>aktiivne kogumisperiood 1956-2006<\/li>\n\n\n\n<li>uute taksonite t\u00fc\u00fcpeksemplare &gt; 550<\/li>\n\n\n\n<li>&gt; 62 000 Eesti p\u00e4ritolu eksemplari, sh Eesti vanimad kogud 19. sajandi keskelt<\/li>\n\n\n\n<li><a href=\"https:\/\/kogud.emu.ee\/myko\/kollektsioonid\/taam\/ekspeditsioonid-kaart\/\">peamised kogumispiirkonnad<\/a>: Euroopa sh Kaukaasia; Aasia (Siber &#8211; Altai jm, Vene Kaug-Ida (Primorje ja Habarovski krai, Amuuri oblast, Kamt\u0161atka, Sahhalini ja Kuriili saared) ning Kesk-Aasia k\u00f5rgm\u00e4estikud ja k\u00f5rbed)<\/li>\n\n\n\n<li>2\/3 eksemplaride andmed digiteeritud (&gt; 130\u00a0100), vaata <a href=\"https:\/\/elurikkus.ee\/collections\/fungal\" target=\"_blank\" rel=\"noopener\">e-elurikkuses<\/a>.<\/li>\n<\/ul>\n","protected":false},"excerpt":{"rendered":"<p>See seenekogu on endise Zooloogia ja Botaanika Instituudi (tegutses 1947-2004) m\u00fckoloogide t\u00f6\u00f6 tulemus. \u00dcLEVAATLIKULT TAAM KOGUST:<\/p>\n","protected":false},"author":1,"featured_media":0,"parent":393,"menu_order":0,"comment_status":"closed","ping_status":"closed","template":"","meta":{"footnotes":""},"class_list":{"0":"post-7","1":"page","2":"type-page","3":"status-publish","5":"no-featured-image-padding"},"_links":{"self":[{"href":"https:\/\/kogud.emu.ee\/myko\/wp-json\/wp\/v2\/pages\/7","targetHints":{"allow":["GET"]}}],"collection":[{"href":"https:\/\/kogud.emu.ee\/myko\/wp-json\/wp\/v2\/pages"}],"about":[{"href":"https:\/\/kogud.emu.ee\/myko\/wp-json\/wp\/v2\/types\/page"}],"author":[{"embeddable":true,"href":"https:\/\/kogud.emu.ee\/myko\/wp-json\/wp\/v2\/users\/1"}],"replies":[{"embeddable":true,"href":"https:\/\/kogud.emu.ee\/myko\/wp-json\/wp\/v2\/comments?post=7"}],"version-history":[{"count":11,"href":"https:\/\/kogud.emu.ee\/myko\/wp-json\/wp\/v2\/pages\/7\/revisions"}],"predecessor-version":[{"id":1302,"href":"https:\/\/kogud.emu.ee\/myko\/wp-json\/wp\/v2\/pages\/7\/revisions\/1302"}],"up":[{"embeddable":true,"href":"https:\/\/kogud.emu.ee\/myko\/wp-json\/wp\/v2\/pages\/393"}],"wp:attachment":[{"href":"https:\/\/kogud.emu.ee\/myko\/wp-json\/wp\/v2\/media?parent=7"}],"curies":[{"name":"wp","href":"https:\/\/api.w.org\/{rel}","templated":true}]}}