{"id":56,"date":"2023-09-08T09:15:36","date_gmt":"2023-09-08T09:15:36","guid":{"rendered":"https:\/\/koguddev.emu.ee\/seened\/?page_id=56"},"modified":"2025-01-14T15:02:48","modified_gmt":"2025-01-14T13:02:48","slug":"mis-on-seente-eluskultuurid","status":"publish","type":"page","link":"https:\/\/kogud.emu.ee\/myko\/kollektsioonid\/tfc\/mis-on-seente-eluskultuurid\/","title":{"rendered":"Mis on seente eluskultuurid"},"content":{"rendered":"\n<p><em>Seente puhaskultuuridel on t\u00e4htis roll mikrobioloogilistes uuringutes. Kultuurides on seened elusad ja nendega on v\u00f5imalik teha katseid, mida kuivatatud seente viljakehadega ei saa. Puhaskultuurina s\u00e4ilitatavad haruldased liigid pakuvad lisav\u00f5imalust nende organismide s\u00e4ilitamisel. <\/em><\/p>\n\n\n\n<p><em>Puhaskultuuride abil on v\u00f5imalik uurida liigisisest ja ka liikidevahelist varieeruvust, uurida seentes leiduvaid bioaktiivseid \u00fchendeid ja neid toota suuremas mahus, teha erinevaid katseid seente eluviisi uurimiseks (n\u00e4iteks puidu lagundamise kiirus, patogeensete organismide t\u00f5rje).<\/em><\/p>\n\n\n<p>Klassikaliselt kasvatatakse seenet\u00fcvesid katseklaasides kahes korduses vastavale liigile sobival kaldagar-s\u00f6\u00f6tmel ning s\u00e4ilitatakse olenevalt t\u00fcve n\u00f5udmistest kas<br \/>jahekappides + 6 \u2013 +8 \u00b0C juures, inkubaatoris +16-+18 \u00b0C v\u00f5i toatemperatuuril. Elus p\u00fcsimiseks tuleb iga 12-18 kuu j\u00e4rel kultuurid uuele s\u00f6\u00f6tmele \u00fcmber k\u00fclvata.<br \/><br \/><\/p>\n<p><!-- \/wp:post-content --><!-- wp:paragraph --><\/p>","protected":false},"excerpt":{"rendered":"<p>Seente puhaskultuuridel on t\u00e4htis roll mikrobioloogilistes uuringutes. Kultuurides on seened elusad ja nendega on v\u00f5imalik teha katseid, mida kuivatatud seente viljakehadega ei saa. Puhaskultuurina s\u00e4ilitatavad haruldased liigid pakuvad lisav\u00f5imalust nende organismide s\u00e4ilitamisel. Puhaskultuuride abil on v\u00f5imalik uurida liigisisest ja ka liikidevahelist varieeruvust, uurida seentes leiduvaid bioaktiivseid \u00fchendeid ja neid toota suuremas mahus, teha erinevaid katseid &#8230; <\/p>\n<p class=\"read-more-container\"><a title=\"Mis on seente eluskultuurid\" class=\"read-more button\" href=\"https:\/\/kogud.emu.ee\/myko\/kollektsioonid\/tfc\/mis-on-seente-eluskultuurid\/#more-56\" aria-label=\"Read more about Mis on seente eluskultuurid\">Read more<\/a><\/p>\n","protected":false},"author":1,"featured_media":0,"parent":12,"menu_order":0,"comment_status":"closed","ping_status":"closed","template":"","meta":{"footnotes":""},"class_list":{"0":"post-56","1":"page","2":"type-page","3":"status-publish","5":"no-featured-image-padding"},"_links":{"self":[{"href":"https:\/\/kogud.emu.ee\/myko\/wp-json\/wp\/v2\/pages\/56","targetHints":{"allow":["GET"]}}],"collection":[{"href":"https:\/\/kogud.emu.ee\/myko\/wp-json\/wp\/v2\/pages"}],"about":[{"href":"https:\/\/kogud.emu.ee\/myko\/wp-json\/wp\/v2\/types\/page"}],"author":[{"embeddable":true,"href":"https:\/\/kogud.emu.ee\/myko\/wp-json\/wp\/v2\/users\/1"}],"replies":[{"embeddable":true,"href":"https:\/\/kogud.emu.ee\/myko\/wp-json\/wp\/v2\/comments?post=56"}],"version-history":[{"count":3,"href":"https:\/\/kogud.emu.ee\/myko\/wp-json\/wp\/v2\/pages\/56\/revisions"}],"predecessor-version":[{"id":1170,"href":"https:\/\/kogud.emu.ee\/myko\/wp-json\/wp\/v2\/pages\/56\/revisions\/1170"}],"up":[{"embeddable":true,"href":"https:\/\/kogud.emu.ee\/myko\/wp-json\/wp\/v2\/pages\/12"}],"wp:attachment":[{"href":"https:\/\/kogud.emu.ee\/myko\/wp-json\/wp\/v2\/media?parent=56"}],"curies":[{"name":"wp","href":"https:\/\/api.w.org\/{rel}","templated":true}]}}