{"id":55,"date":"2023-09-08T09:15:36","date_gmt":"2023-09-08T09:15:36","guid":{"rendered":"https:\/\/koguddev.emu.ee\/seened\/?page_id=55"},"modified":"2024-08-28T14:21:32","modified_gmt":"2024-08-28T11:21:32","slug":"raamatukogu","status":"publish","type":"page","link":"https:\/\/kogud.emu.ee\/myko\/kollektsioonid\/eaa\/raamatukogu\/","title":{"rendered":"Raamatukogu"},"content":{"rendered":"\n<p>Seenekogu juurde kuulub Eesti vanim m\u00fckoloogia-alane teadusraamatukogu, 790 raamatut ja \u00fcle 10 ajakirja. See kirjandus oli vajalik Elmar Leppiku uurimist\u00f6\u00f6ks:  <em>Annales Mycologici<\/em>, <em>Bulletin de la Societe Mycologique de France<\/em>, <em>Mycologi<\/em>e, <em>Mycology<\/em>, samuti Rabenhorst&#8217;i &#8220;<em>Flora<\/em> &#8220;, Saccardo <em>Sylloge fungorum<\/em> ja palju muud.<\/p>\n\n\n\n<p> T\u00e4psem teave raamatutest on leitav ESTER andmebaasis (vt <a href=\"https:\/\/www.ester.ee\/search~S51*est?\/Xleppiku+fond&amp;searchscope=51&amp;SORT=DZ\/Xleppiku+fond&amp;searchscope=51&amp;SORT=DZ&amp;extended=0&amp;SUBKEY=leppiku+fond\/1%2C823%2C823%2CB\/browse\" target=\"_blank\" rel=\"noopener\">EM\u00dc raamatukogu, Leppiku fond<\/a>).&nbsp;<\/p>\n\n\n\n<div class=\"wp-block-columns is-layout-flex wp-container-core-columns-is-layout-9d6595d7 wp-block-columns-is-layout-flex\">\n<div class=\"wp-block-column is-layout-flow wp-block-column-is-layout-flow\" style=\"flex-basis:66.66%\">\n<figure class=\"wp-block-image size-large\"><img loading=\"lazy\" decoding=\"async\" width=\"1024\" height=\"461\" src=\"https:\/\/koguddev.emu.ee\/myko\/wp-content\/uploads\/sites\/5\/2024\/01\/eaa-raamatukogu-e1706354108204-1024x461.png\" alt=\"\" class=\"wp-image-570\" srcset=\"https:\/\/kogud.emu.ee\/myko\/wp-content\/uploads\/sites\/5\/2024\/01\/eaa-raamatukogu-e1706354108204-1024x461.png 1024w, https:\/\/kogud.emu.ee\/myko\/wp-content\/uploads\/sites\/5\/2024\/01\/eaa-raamatukogu-e1706354108204-300x135.png 300w, https:\/\/kogud.emu.ee\/myko\/wp-content\/uploads\/sites\/5\/2024\/01\/eaa-raamatukogu-e1706354108204-768x346.png 768w, https:\/\/kogud.emu.ee\/myko\/wp-content\/uploads\/sites\/5\/2024\/01\/eaa-raamatukogu-e1706354108204.png 1040w\" sizes=\"auto, (max-width: 1024px) 100vw, 1024px\" \/><\/figure>\n<\/div>\n\n\n\n<div class=\"wp-block-column is-layout-flow wp-block-column-is-layout-flow\" style=\"flex-basis:33.33%\">\n<p><\/p>\n\n\n\n<p><\/p>\n\n\n\n<p><\/p>\n\n\n\n<p><\/p>\n\n\n\n<pre class=\"wp-block-verse\">Paljudes E. Leppiku m\u00fckoloogilise kogu raamatutes on endiste omanike templid.\n\nAjakirjad on hoolsalt aastak\u00e4ikude kaupa k\u00f6idetud.\n\nRaamatud asuvad algup\u00e4rastes kappides.<\/pre>\n<\/div>\n<\/div>\n","protected":false},"excerpt":{"rendered":"<p>Seenekogu juurde kuulub Eesti vanim m\u00fckoloogia-alane teadusraamatukogu, 790 raamatut ja \u00fcle 10 ajakirja. See kirjandus oli vajalik Elmar Leppiku uurimist\u00f6\u00f6ks: Annales Mycologici, Bulletin de la Societe Mycologique de France, Mycologie, Mycology, samuti Rabenhorst&#8217;i &#8220;Flora &#8220;, Saccardo Sylloge fungorum ja palju muud. T\u00e4psem teave raamatutest on leitav ESTER andmebaasis (vt EM\u00dc raamatukogu, Leppiku fond).&nbsp; Paljudes E. &#8230; <\/p>\n<p class=\"read-more-container\"><a title=\"Raamatukogu\" class=\"read-more button\" href=\"https:\/\/kogud.emu.ee\/myko\/kollektsioonid\/eaa\/raamatukogu\/#more-55\" aria-label=\"Read more about Raamatukogu\">Read more<\/a><\/p>\n","protected":false},"author":1,"featured_media":0,"parent":10,"menu_order":0,"comment_status":"closed","ping_status":"closed","template":"","meta":{"footnotes":""},"class_list":{"0":"post-55","1":"page","2":"type-page","3":"status-publish","5":"no-featured-image-padding"},"_links":{"self":[{"href":"https:\/\/kogud.emu.ee\/myko\/wp-json\/wp\/v2\/pages\/55","targetHints":{"allow":["GET"]}}],"collection":[{"href":"https:\/\/kogud.emu.ee\/myko\/wp-json\/wp\/v2\/pages"}],"about":[{"href":"https:\/\/kogud.emu.ee\/myko\/wp-json\/wp\/v2\/types\/page"}],"author":[{"embeddable":true,"href":"https:\/\/kogud.emu.ee\/myko\/wp-json\/wp\/v2\/users\/1"}],"replies":[{"embeddable":true,"href":"https:\/\/kogud.emu.ee\/myko\/wp-json\/wp\/v2\/comments?post=55"}],"version-history":[{"count":21,"href":"https:\/\/kogud.emu.ee\/myko\/wp-json\/wp\/v2\/pages\/55\/revisions"}],"predecessor-version":[{"id":1159,"href":"https:\/\/kogud.emu.ee\/myko\/wp-json\/wp\/v2\/pages\/55\/revisions\/1159"}],"up":[{"embeddable":true,"href":"https:\/\/kogud.emu.ee\/myko\/wp-json\/wp\/v2\/pages\/10"}],"wp:attachment":[{"href":"https:\/\/kogud.emu.ee\/myko\/wp-json\/wp\/v2\/media?parent=55"}],"curies":[{"name":"wp","href":"https:\/\/api.w.org\/{rel}","templated":true}]}}