{"id":54,"date":"2023-09-08T09:15:36","date_gmt":"2023-09-08T09:15:36","guid":{"rendered":"https:\/\/koguddev.emu.ee\/seened\/?page_id=54"},"modified":"2024-02-23T14:02:44","modified_gmt":"2024-02-23T12:02:44","slug":"eesti-vanimad-eksemplarid-pildid","status":"publish","type":"page","link":"https:\/\/kogud.emu.ee\/myko\/kollektsioonid\/taam\/eesti-vanimad-eksemplarid-pildid\/","title":{"rendered":"Eesti vanimad Seenes\u00e4ilikud"},"content":{"rendered":"<style>.kadence-column54_8cdee7-79 > .kt-inside-inner-col,.kadence-column54_8cdee7-79 > .kt-inside-inner-col:before{border-top-left-radius:0px;border-top-right-radius:0px;border-bottom-right-radius:0px;border-bottom-left-radius:0px;}.kadence-column54_8cdee7-79 > .kt-inside-inner-col{column-gap:var(--global-kb-gap-sm, 1rem);}.kadence-column54_8cdee7-79 > .kt-inside-inner-col{flex-direction:column;}.kadence-column54_8cdee7-79 > .kt-inside-inner-col > .aligncenter{width:100%;}.kadence-column54_8cdee7-79 > .kt-inside-inner-col:before{opacity:0.3;}.kadence-column54_8cdee7-79{position:relative;}@media all and (max-width: 1024px){.kadence-column54_8cdee7-79 > .kt-inside-inner-col{flex-direction:column;justify-content:center;}}@media all and (max-width: 767px){.kadence-column54_8cdee7-79 > .kt-inside-inner-col{flex-direction:column;justify-content:center;}}<\/style>\n<div class=\"wp-block-kadence-column kadence-column54_8cdee7-79\"><div class=\"kt-inside-inner-col\">\n<p><strong>Eesti seenekogude vanimad s\u00e4ilikud on kogutud 19. sajandi keskpaiku  Nende eest oleme t\u00e4nulikud loodushuvilistele baltisakslastele, kelle tegevust toetas <a href=\"https:\/\/www.elus.ee\/\" target=\"_blank\" rel=\"noopener\">Eesti looduseuurijate selts<\/a>.<\/strong><\/p>\n<\/div><\/div>\n\n\n\n<p><strong>Gustav Carl Girgensohn<\/strong> (1786-1872) oli pedagoog ja samblauurija; kollektsioneeris Baltimaade vanimad seenes\u00e4ilikud aastatel 1844-1859. <\/p>\n\n\n\n<div class=\"wp-block-columns is-layout-flex wp-container-core-columns-is-layout-9d6595d7 wp-block-columns-is-layout-flex\">\n<div class=\"wp-block-column is-layout-flow wp-block-column-is-layout-flow\" style=\"flex-basis:66.66%\">\n<figure class=\"wp-block-image alignfull size-large\"><img loading=\"lazy\" decoding=\"async\" width=\"1024\" height=\"709\" src=\"https:\/\/koguddev.emu.ee\/myko\/wp-content\/uploads\/sites\/5\/2024\/01\/girgensohn_pp-1024x709.png\" alt=\"\" class=\"wp-image-541\" srcset=\"https:\/\/kogud.emu.ee\/myko\/wp-content\/uploads\/sites\/5\/2024\/01\/girgensohn_pp-1024x709.png 1024w, https:\/\/kogud.emu.ee\/myko\/wp-content\/uploads\/sites\/5\/2024\/01\/girgensohn_pp-300x208.png 300w, https:\/\/kogud.emu.ee\/myko\/wp-content\/uploads\/sites\/5\/2024\/01\/girgensohn_pp-768x532.png 768w, https:\/\/kogud.emu.ee\/myko\/wp-content\/uploads\/sites\/5\/2024\/01\/girgensohn_pp.png 1040w\" sizes=\"auto, (max-width: 1024px) 100vw, 1024px\" \/><\/figure>\n<\/div>\n\n\n\n<div class=\"wp-block-column is-layout-flow wp-block-column-is-layout-flow\" style=\"flex-basis:33.33%\">\n<p>Girgensohni kogus on 56 paberilehte kleeplindiga kinnitatud s\u00e4ilikutega, 109 seent ja limakut, enamjaol m\u00e4rgitud kuup\u00e4ev ja leiukoht. <\/p>\n\n\n\n<p class=\"has-text-align-left\">Enamus Girgensohni seeni p\u00e4rineb Tartu \u00fcmbrusest (60 eksemplari), lisaks mujalt L\u00f5una\u2013Eestist ja praegusest L\u00e4tist &#8211; Daugava ja Gauja j\u00f5gede orgudest ja Kuramaalt.<\/p>\n\n\n\n<p>Hiljutisel <a href=\"http:\/\/doi.org\/10.12697\/fce.2021.58.14\" target=\"_blank\" rel=\"noopener\">uurimist\u00f6\u00f6l<\/a> tuvastati Girgensohni kogudest 37 liiki seeni ja 7 limakut.<\/p>\n\n\n\n<p class=\"has-text-align-left\">Vasakul n\u00e4ide T\u00e4htvere metsa seentest, kogunud G.C. Girgensohn 31. VIII 1853.<\/p>\n<\/div>\n<\/div>\n\n\n\n<hr class=\"wp-block-separator alignwide has-alpha-channel-opacity\" \/>\n\n\n<div class=\"wp-block-group alignwide\">\n<p><strong>Heinrich August Dietrich<\/strong> (1820\u20131897) oli aiandustegelane, harrastusbotaanik ja eesti seeneteaduse rajaja. Ta \u00fcllitas ELUSi toel esmakordselt Baltimaades seenemonograafia (<a href=\"https:\/\/books.google.ee\/books?id=874UAAAAYAAJ&amp;printsec=frontcover&amp;redir_esc=y#v=onepage&amp;q&amp;f=false\" target=\"_blank\" rel=\"noopener\"><em>Blicke in die Cryptogamenwelt der Ostseeprovinzen<\/em> 1856 \u2013 I osa<\/a>, 1859 \u2013 II osa), milles on nimetatud 1092 seeneliiki. Viimased on k\u00fcll napilt kirjeldatud, aga s\u00e4ilinud on t\u00f5endeksemplarid tolleaegse Tsaari-Venemaa Eestimaa kubermangust, Haimre m\u00f5isa \u00fcmbrusest, Rapla-, Harju- ja L\u00e4\u00e4nemaalt ning Tallinna \u00fcmbrusest.<\/p>\n<\/div>\n\n<div class=\"wp-block-image\">\n<figure class=\"aligncenter size-large is-resized wp-container-content-9cfa9a5a\"><img loading=\"lazy\" decoding=\"async\" width=\"1024\" height=\"532\" src=\"https:\/\/koguddev.emu.ee\/myko\/wp-content\/uploads\/sites\/5\/2024\/01\/Dietrich_pp-e1706346636343-1024x532.png\" alt=\"\" class=\"wp-image-539\" style=\"width:1102px;height:auto\" srcset=\"https:\/\/kogud.emu.ee\/myko\/wp-content\/uploads\/sites\/5\/2024\/01\/Dietrich_pp-e1706346636343-1024x532.png 1024w, https:\/\/kogud.emu.ee\/myko\/wp-content\/uploads\/sites\/5\/2024\/01\/Dietrich_pp-e1706346636343-300x156.png 300w, https:\/\/kogud.emu.ee\/myko\/wp-content\/uploads\/sites\/5\/2024\/01\/Dietrich_pp-e1706346636343-768x399.png 768w, https:\/\/kogud.emu.ee\/myko\/wp-content\/uploads\/sites\/5\/2024\/01\/Dietrich_pp-e1706346636343.png 1040w\" sizes=\"auto, (max-width: 1024px) 100vw, 1024px\" \/><\/figure>\n<\/div>\n\n\n<p>Aastatel 1852-1857 koondas Dietrich oma seenen\u00e4idised \u00fcheksaks eksikaadiks e v\u00f5rdluskoguks, igas k\u00f6idetud ca 100 liiki (<em>Centuria Plantarum Florae Balticae cryptogamarum <\/em>I-IX). Hiljutisel&nbsp;<a href=\"http:\/\/doi.org\/10.11590\/abhps.2021.2.03\" target=\"_blank\" rel=\"noopener\">\u00fclevaatusel<\/a> selgus, et kokku on s\u00e4ilinud \u00fcle 800 eksemplari, ainult kolmas k\u00f6ide on h\u00e4vinud. Substraatide valik on rikkalik, k\u00f5ige enam on kogutud lehtedel elunevaid mikroseeni nii looduslikelt kui kultuurtaimedelt. <\/p>\n\n\n\n<p>2023. a andis Eesti loodusmuuseum seni Tallinnas hoitud Dietrichi kogutud seened \u00fcle Eesti maa\u00fclikoolile.<\/p>\n","protected":false},"excerpt":{"rendered":"<p>Eesti seenekogude vanimad s\u00e4ilikud on kogutud 19. sajandi keskpaiku Nende eest oleme t\u00e4nulikud loodushuvilistele baltisakslastele, kelle tegevust toetas Eesti looduseuurijate selts. Gustav Carl Girgensohn (1786-1872) oli pedagoog ja samblauurija; kollektsioneeris Baltimaade vanimad seenes\u00e4ilikud aastatel 1844-1859. Girgensohni kogus on 56 paberilehte kleeplindiga kinnitatud s\u00e4ilikutega, 109 seent ja limakut, enamjaol m\u00e4rgitud kuup\u00e4ev ja leiukoht. Enamus Girgensohni seeni &#8230; <\/p>\n<p class=\"read-more-container\"><a title=\"Eesti vanimad Seenes\u00e4ilikud\" class=\"read-more button\" href=\"https:\/\/kogud.emu.ee\/myko\/kollektsioonid\/taam\/eesti-vanimad-eksemplarid-pildid\/#more-54\" aria-label=\"Read more about Eesti vanimad Seenes\u00e4ilikud\">Read more<\/a><\/p>\n","protected":false},"author":1,"featured_media":0,"parent":7,"menu_order":0,"comment_status":"closed","ping_status":"closed","template":"","meta":{"footnotes":""},"class_list":{"0":"post-54","1":"page","2":"type-page","3":"status-publish","5":"no-featured-image-padding"},"_links":{"self":[{"href":"https:\/\/kogud.emu.ee\/myko\/wp-json\/wp\/v2\/pages\/54","targetHints":{"allow":["GET"]}}],"collection":[{"href":"https:\/\/kogud.emu.ee\/myko\/wp-json\/wp\/v2\/pages"}],"about":[{"href":"https:\/\/kogud.emu.ee\/myko\/wp-json\/wp\/v2\/types\/page"}],"author":[{"embeddable":true,"href":"https:\/\/kogud.emu.ee\/myko\/wp-json\/wp\/v2\/users\/1"}],"replies":[{"embeddable":true,"href":"https:\/\/kogud.emu.ee\/myko\/wp-json\/wp\/v2\/comments?post=54"}],"version-history":[{"count":33,"href":"https:\/\/kogud.emu.ee\/myko\/wp-json\/wp\/v2\/pages\/54\/revisions"}],"predecessor-version":[{"id":1012,"href":"https:\/\/kogud.emu.ee\/myko\/wp-json\/wp\/v2\/pages\/54\/revisions\/1012"}],"up":[{"embeddable":true,"href":"https:\/\/kogud.emu.ee\/myko\/wp-json\/wp\/v2\/pages\/7"}],"wp:attachment":[{"href":"https:\/\/kogud.emu.ee\/myko\/wp-json\/wp\/v2\/media?parent=54"}],"curies":[{"name":"wp","href":"https:\/\/api.w.org\/{rel}","templated":true}]}}