{"id":52,"date":"2023-09-08T09:15:36","date_gmt":"2023-09-08T09:15:36","guid":{"rendered":"https:\/\/koguddev.emu.ee\/seened\/?page_id=52"},"modified":"2025-01-27T15:17:48","modified_gmt":"2025-01-27T13:17:48","slug":"eaa-ajalugu","status":"publish","type":"page","link":"https:\/\/kogud.emu.ee\/myko\/kollektsioonid\/eaa\/eaa-ajalugu\/","title":{"rendered":"Kollektsiooni ajalugu"},"content":{"rendered":"\n<p><\/p>\n\n\n\n<div class=\"wp-block-columns is-layout-flex wp-container-core-columns-is-layout-9d6595d7 wp-block-columns-is-layout-flex\">\n<div class=\"wp-block-column is-layout-flow wp-block-column-is-layout-flow\">\n<p>Kollektsiooni asutas 1922. aastal tollane botaanika professor&nbsp;<strong><a href=\"https:\/\/ojs.utlib.ee\/index.php\/FCE\/article\/view\/13652\/8698\" target=\"_blank\" rel=\"noopener\">Fedor Bucholtz<\/a><\/strong> (1872-1924), koos Tartu \u00dclikooli taimehaiguste kabineti ja katsejaamaga, et selgitada v\u00e4lja p\u00f5llu-seenkahjustajad  ja nende t\u00f5rje. <\/p>\n\n\n\n<p>Bucholtzi varasem isiklik seente kogu oli I maailmas\u00f5jas kaduma l\u00e4inud ning \u00f5ppe- ja teadust\u00f6\u00f6 arendamiseks olulised seenen\u00e4idised puudusid. Nii ostis Tartu \u00fclikool esmalt J. A. B\u00e4umleri eksikaadi, mis sisaldas ca 2500 seeneliiki.<\/p>\n\n\n\n<p>Talunikke \u00f5petati seente n\u00e4idiseid Tartusse saatma ning levinumaid seenhaiguseid seirama.<\/p>\n<\/div>\n\n\n\n<div class=\"wp-block-column is-layout-flow wp-block-column-is-layout-flow\">\n<p>Aastast 1929. asus jaama juhatama Bucholtzi \u00f5pilane <strong>Elmar Leppik<\/strong>. 1930. v\u00f5eti seenekogusse vastu Bucholtzi lese annetus &#8211; osa tema abikaasa elut\u00f6\u00f6st. Kogu t\u00e4iendasid katsejaama s\u00e4ilikute vahetused teiste Euroopa kogudega, v\u00e4lismaa eksemplaride ostud ning isikute ja organisatsioonide annetused. <\/p>\n\n\n\n<p>Katsejaama abijuhataja oli kuni 1929. a Ants K\u00e4sebier (hilisem K\u00e4spre) ja seal t\u00f6\u00f6tasid Richard Tomson (Toomre), Aleksander Kivilaan (Kustasson) ja t\u00fckati \u00fclikooli magistrandid. <\/p>\n<\/div>\n<\/div>\n\n\n<div class=\"gb-container gb-container-b3a26991\">\n\n<div class=\"wp-block-media-text is-stacked-on-mobile\"><figure class=\"wp-block-media-text__media\"><img loading=\"lazy\" decoding=\"async\" width=\"1024\" height=\"683\" src=\"https:\/\/koguddev.emu.ee\/myko\/wp-content\/uploads\/sites\/5\/2024\/01\/IMG_6001__Kurina-1024x683.jpg\" alt=\"\" class=\"wp-image-487 size-full\" srcset=\"https:\/\/kogud.emu.ee\/myko\/wp-content\/uploads\/sites\/5\/2024\/01\/IMG_6001__Kurina-1024x683.jpg 1024w, https:\/\/kogud.emu.ee\/myko\/wp-content\/uploads\/sites\/5\/2024\/01\/IMG_6001__Kurina-300x200.jpg 300w, https:\/\/kogud.emu.ee\/myko\/wp-content\/uploads\/sites\/5\/2024\/01\/IMG_6001__Kurina-768x512.jpg 768w, https:\/\/kogud.emu.ee\/myko\/wp-content\/uploads\/sites\/5\/2024\/01\/IMG_6001__Kurina-1536x1024.jpg 1536w, https:\/\/kogud.emu.ee\/myko\/wp-content\/uploads\/sites\/5\/2024\/01\/IMG_6001__Kurina-2048x1365.jpg 2048w\" sizes=\"auto, (max-width: 1024px) 100vw, 1024px\" \/><\/figure><div class=\"wp-block-media-text__content\">\n<p><\/p>\n\n\n\n<p>Hea s\u00f6\u00f6gi- ja m\u00fcrkseente tundja Nikolai Witkowski <em>alias<\/em> Seenevana kogus vabatahtliku kaast\u00f6\u00f6lisena \u00fcle 600 eksemplari peamiselt Tartu ja J\u00e4rvselja \u00fcmbrusest. <\/p>\n\n\n\n<p class=\"has-contrast-color has-text-color has-link-color wp-elements-877fe4551992e9cc9997d95c0439ab90\">N\u00e4ide Tartus Raadi m\u00f5isas tegutsenud taimehaiguste katsejaama seenekogust: 31. VIII 1933 Nikolai Witkowski kogutud k\u00fclmaseen mahalangenud puut\u00fcvelt Kursi kihelkonnast P\u00f6\u00f6rilt.<\/p>\n<\/div><\/div>\n\n<\/div>\n\n\n<p><\/p>\n\n\n\n<p>Elmar Leppik emigreerus 1944. aastal. S\u00f5jaolukorras&nbsp;\u00f5nnestus seenekogu Raadilt siiski p\u00e4\u00e4sta ning 1951. anti see Eesti P\u00f5llumajanduse Akadeemia valdusse. J\u00e4rgnevatel aastak\u00fcmnetel paiknes see Tartu \u00dclikooli botaanikaaia naabruses Laial t\u00e4naval, hiljem Eerikal. <\/p>\n\n\n\n<p>Viimasel poolsajandil on kogu t\u00e4iendanud k\u00f5ige enam f\u00fctopatoloog ja \u00f5ppej\u00f5ud <a href=\"https:\/\/www.etis.ee\/CV\/Anne-Liis_S%C3%B5mermaa\/est\/\" target=\"_blank\" rel=\"noopener\">Anne-Liis S\u00f5mermaa<\/a>, kes kandis kogu eest hoolt aastatel 2003-2011, olles ka p\u00f5hiline andmete sisestaja. <\/p>\n\n\n\n<p>2013. aastal koliti kogu EM\u00dc Metsamajja ning hakati haldama samas ruumis koos endise Zooloogia ja botaanika instituudi seenekoguga.<\/p>\n\n\n\n<p><a href=\"https:\/\/ojs.utlib.ee\/index.php\/FCE\/article\/view\/13635\/8681\" target=\"_blank\" rel=\"noopener\">Artikkel kollektsiooni ajaloo<\/a> kohta ilmus Folia Cryptogamica Estonicas.<\/p>\n","protected":false},"excerpt":{"rendered":"<p>Kollektsiooni asutas 1922. aastal tollane botaanika professor&nbsp;Fedor Bucholtz (1872-1924), koos Tartu \u00dclikooli taimehaiguste kabineti ja katsejaamaga, et selgitada v\u00e4lja p\u00f5llu-seenkahjustajad ja nende t\u00f5rje. Bucholtzi varasem isiklik seente kogu oli I maailmas\u00f5jas kaduma l\u00e4inud ning \u00f5ppe- ja teadust\u00f6\u00f6 arendamiseks olulised seenen\u00e4idised puudusid. Nii ostis Tartu \u00fclikool esmalt J. A. B\u00e4umleri eksikaadi, mis sisaldas ca 2500 seeneliiki. &#8230; <\/p>\n<p class=\"read-more-container\"><a title=\"Kollektsiooni ajalugu\" class=\"read-more button\" href=\"https:\/\/kogud.emu.ee\/myko\/kollektsioonid\/eaa\/eaa-ajalugu\/#more-52\" aria-label=\"Read more about Kollektsiooni ajalugu\">Read more<\/a><\/p>\n","protected":false},"author":1,"featured_media":0,"parent":10,"menu_order":0,"comment_status":"closed","ping_status":"closed","template":"","meta":{"footnotes":""},"class_list":{"0":"post-52","1":"page","2":"type-page","3":"status-publish","5":"no-featured-image-padding"},"_links":{"self":[{"href":"https:\/\/kogud.emu.ee\/myko\/wp-json\/wp\/v2\/pages\/52","targetHints":{"allow":["GET"]}}],"collection":[{"href":"https:\/\/kogud.emu.ee\/myko\/wp-json\/wp\/v2\/pages"}],"about":[{"href":"https:\/\/kogud.emu.ee\/myko\/wp-json\/wp\/v2\/types\/page"}],"author":[{"embeddable":true,"href":"https:\/\/kogud.emu.ee\/myko\/wp-json\/wp\/v2\/users\/1"}],"replies":[{"embeddable":true,"href":"https:\/\/kogud.emu.ee\/myko\/wp-json\/wp\/v2\/comments?post=52"}],"version-history":[{"count":20,"href":"https:\/\/kogud.emu.ee\/myko\/wp-json\/wp\/v2\/pages\/52\/revisions"}],"predecessor-version":[{"id":1220,"href":"https:\/\/kogud.emu.ee\/myko\/wp-json\/wp\/v2\/pages\/52\/revisions\/1220"}],"up":[{"embeddable":true,"href":"https:\/\/kogud.emu.ee\/myko\/wp-json\/wp\/v2\/pages\/10"}],"wp:attachment":[{"href":"https:\/\/kogud.emu.ee\/myko\/wp-json\/wp\/v2\/media?parent=52"}],"curies":[{"name":"wp","href":"https:\/\/api.w.org\/{rel}","templated":true}]}}