{"id":47,"date":"2023-09-08T09:15:36","date_gmt":"2023-09-08T09:15:36","guid":{"rendered":"https:\/\/koguddev.emu.ee\/seened\/?page_id=47"},"modified":"2024-03-04T12:04:19","modified_gmt":"2024-03-04T10:04:19","slug":"taam-ajalugu","status":"publish","type":"page","link":"https:\/\/kogud.emu.ee\/myko\/kollektsioonid\/taam\/taam-ajalugu\/","title":{"rendered":"Ajalugu"},"content":{"rendered":"\n<p>Kollektsioon [TAAM] moodustati 1950. aastal Eesti NSV Teaduste Akadeemia Zooloogia ja Botaanika Instituudis (ZBI), kus uuriti eelk\u00f5ige torik- lehik-, pugu- ja liudseente levikut, s\u00fcstemaatikat ja f\u00fclogeneesi. Uurimist\u00f6\u00f6 \u00fcheks v\u00e4ljundiks kujunes ulatuslik seenekogu. Selle arendamisel oli juhtiv roll Erast Parmastol, kellega hiljem liitusid nooremad kolleegid. Iga-aastaselt koguti Eesti seeni. <\/p>\n\n\n\n<div class=\"wp-block-columns is-layout-flex wp-container-core-columns-is-layout-9d6595d7 wp-block-columns-is-layout-flex\">\n<div class=\"wp-block-column is-layout-flow wp-block-column-is-layout-flow\"><div class=\"wp-block-image\">\n<figure class=\"aligncenter size-large is-resized\"><img loading=\"lazy\" decoding=\"async\" width=\"1024\" height=\"460\" src=\"https:\/\/koguddev.emu.ee\/myko\/wp-content\/uploads\/sites\/5\/2024\/01\/IMG_0604_muudet-1024x460.jpg\" alt=\"\" class=\"wp-image-786\" style=\"width:309px;height:auto\" srcset=\"https:\/\/kogud.emu.ee\/myko\/wp-content\/uploads\/sites\/5\/2024\/01\/IMG_0604_muudet-1024x460.jpg 1024w, https:\/\/kogud.emu.ee\/myko\/wp-content\/uploads\/sites\/5\/2024\/01\/IMG_0604_muudet-300x135.jpg 300w, https:\/\/kogud.emu.ee\/myko\/wp-content\/uploads\/sites\/5\/2024\/01\/IMG_0604_muudet-768x345.jpg 768w, https:\/\/kogud.emu.ee\/myko\/wp-content\/uploads\/sites\/5\/2024\/01\/IMG_0604_muudet-1536x690.jpg 1536w, https:\/\/kogud.emu.ee\/myko\/wp-content\/uploads\/sites\/5\/2024\/01\/IMG_0604_muudet-2048x920.jpg 2048w\" sizes=\"auto, (max-width: 1024px) 100vw, 1024px\" \/><\/figure>\n<\/div><\/div>\n\n\n\n<div class=\"wp-block-column is-layout-flow wp-block-column-is-layout-flow\">\n<p>1956. alates tehti &gt; 150 retke tollase N\u00f5ukogude Liidu v\u00e4heuuritud seenestikuga sihtkohtades: idas oli k\u00f5ige kaugem punkt Lavrentia T\u0161ukt\u0161imaal ja p\u00f5hjas Diksoni saar Kara meres, l\u00f5unas Badhyz T\u00fcrkmenistanis.<\/p>\n<\/div>\n<\/div>\n\n\n\n<p>Seenekogu rikastas eksemplaride vahetus teiste teadusr\u00fchmadega. Kogu kasvas kiirelt ning 1980. hinnati selle suuruseks 100 000 eksemplari. 1998. a ehitati fungaariumile spetsiaalne hoidla, mis v\u00f5imaldas m\u00fckoloogide kabinettidest eksemplarid \u00fchte ruumi koondada.<\/p>\n\n\n\n<p>Eesti iseseisvumise taastamise j\u00e4rel korraldati teadusinstitutsioonid \u00fcmber. 2004. liideti ZBI Eesti maa\u00fclikooliga (tollase Eesti P\u00f5llumajandus\u00fclikooliga).<\/p>\n\n\n\n<p>Kogu ametlik akron\u00fc\u00fcm oli aastani 2009. TAA ja see h\u00f5lmas ka EM\u00dc (samuti endise ZBI) botaanilist kogu. V\u00e4listamaks segadusi andmebaasides ja kirjavahetuses, sai 2010. aastast seente herbaariumi akron\u00fc\u00fcmiks TAAM.<\/p>\n\n\n\n<p>M\u00fckoloogilise kogu materjali alusel v\u00f5i seda kasutades on avaldatud \u00fcle 700 teadust\u00f6\u00f6. Publitseeritud on 20 k\u00f6idet seeriast <em>Scripta Mycologica<\/em>, kolm vihikut Eesti seente levikuatlast, K. Kalamehe toimetatud CD Eesti seenestik<a href=\"https:\/\/kogud.emu.ee\/?do=file&amp;id=127\"><strong> <\/strong><\/a>(2000). V\u00e4lja on antud eksikaatkogud \u2013 E. Parmasto <em>Mycotheca Estonica<\/em> <em>1\u20133 <\/em>(1957\u20131961) ja E. Parmasto <em>Corticiaceae USSR 1\u20133<\/em> (1966\u20131969). Ette valmistati Eestis seadusega kaitstavate seente nimekiri (2004) ja hinnati Eesti Punase nimestiku seente liike (1998, 2008, 2019, 2021).<\/p>\n","protected":false},"excerpt":{"rendered":"<p>Kollektsioon [TAAM] moodustati 1950. aastal Eesti NSV Teaduste Akadeemia Zooloogia ja Botaanika Instituudis (ZBI), kus uuriti eelk\u00f5ige torik- lehik-, pugu- ja liudseente levikut, s\u00fcstemaatikat ja f\u00fclogeneesi. Uurimist\u00f6\u00f6 \u00fcheks v\u00e4ljundiks kujunes ulatuslik seenekogu. Selle arendamisel oli juhtiv roll Erast Parmastol, kellega hiljem liitusid nooremad kolleegid. Iga-aastaselt koguti Eesti seeni. 1956. alates tehti &gt; 150 retke tollase &#8230; <\/p>\n<p class=\"read-more-container\"><a title=\"Ajalugu\" class=\"read-more button\" href=\"https:\/\/kogud.emu.ee\/myko\/kollektsioonid\/taam\/taam-ajalugu\/#more-47\" aria-label=\"Read more about Ajalugu\">Read more<\/a><\/p>\n","protected":false},"author":1,"featured_media":0,"parent":7,"menu_order":0,"comment_status":"closed","ping_status":"closed","template":"","meta":{"footnotes":""},"class_list":{"0":"post-47","1":"page","2":"type-page","3":"status-publish","5":"no-featured-image-padding"},"_links":{"self":[{"href":"https:\/\/kogud.emu.ee\/myko\/wp-json\/wp\/v2\/pages\/47","targetHints":{"allow":["GET"]}}],"collection":[{"href":"https:\/\/kogud.emu.ee\/myko\/wp-json\/wp\/v2\/pages"}],"about":[{"href":"https:\/\/kogud.emu.ee\/myko\/wp-json\/wp\/v2\/types\/page"}],"author":[{"embeddable":true,"href":"https:\/\/kogud.emu.ee\/myko\/wp-json\/wp\/v2\/users\/1"}],"replies":[{"embeddable":true,"href":"https:\/\/kogud.emu.ee\/myko\/wp-json\/wp\/v2\/comments?post=47"}],"version-history":[{"count":9,"href":"https:\/\/kogud.emu.ee\/myko\/wp-json\/wp\/v2\/pages\/47\/revisions"}],"predecessor-version":[{"id":1113,"href":"https:\/\/kogud.emu.ee\/myko\/wp-json\/wp\/v2\/pages\/47\/revisions\/1113"}],"up":[{"embeddable":true,"href":"https:\/\/kogud.emu.ee\/myko\/wp-json\/wp\/v2\/pages\/7"}],"wp:attachment":[{"href":"https:\/\/kogud.emu.ee\/myko\/wp-json\/wp\/v2\/media?parent=47"}],"curies":[{"name":"wp","href":"https:\/\/api.w.org\/{rel}","templated":true}]}}