{"id":408,"date":"2024-01-24T13:09:32","date_gmt":"2024-01-24T11:09:32","guid":{"rendered":"https:\/\/koguddev.emu.ee\/myko\/?page_id=408"},"modified":"2025-12-18T10:02:13","modified_gmt":"2025-12-18T08:02:13","slug":"laenutus","status":"publish","type":"page","link":"https:\/\/kogud.emu.ee\/myko\/laenutus\/","title":{"rendered":"Laenutus"},"content":{"rendered":"\n<p><strong>S\u00e4ilikute laenamise reeglid TAAM ja EAA seenekogust<\/strong><\/p>\n\n\n\n<ol start=\"1\" class=\"wp-block-list\">\n<li>Laenu taotlemiseks saadetakse <a href=\"https:\/\/kogud.emu.ee\/myko\/tootajad-ja-kontakt\/\" target=\"_blank\" data-type=\"page\" data-id=\"14\" rel=\"noreferrer noopener\">kuraatorile<\/a> taotlus e-kirjaga.<\/li>\n\n\n\n<li>Materjali laenutatakse tunnustatud teadusasutustele, eraisikutele laenutatakse erikokkuleppel.<\/li>\n\n\n\n<li>Laenu taotluse allkirjastab reeglina laenava asutuse teaduskogu kuraator.<\/li>\n\n\n\n<li>Laenu taotlus peab sisaldama uurija nime ja uurimisprojekti temaatika. Uurimismaterjali kasutamine kommertseesm\u00e4rkidel eeldab eelnevat erikokkulepet.<\/li>\n\n\n\n<li>Liikide t\u00fc\u00fcpmaterjali laenutusel tuleb t\u00e4psustada koguja nimi, kogumisaeg ja -koht, eksemplari number.<\/li>\n\n\n\n<li>Kui planeeritav uurimus eeldab eksemplarist proovide v\u00f5tmist (mikroskopeerimiseks, DNA-p\u00f5hiseks uuringuks) on selleks vajalik eriluba. Otsused selleks tehakse konkreetsetest asjaoludest l\u00e4htuvalt. Eksemplarilt eemaldatud osadest informeeritakse kuraatorit.<\/li>\n\n\n\n<li>Laenu saaja v\u00f5tab vastutuse materjali s\u00e4ilimise ja tagastamise eest.<\/li>\n\n\n\n<li>Laenatud materjali ei tohi edasi laenata.<\/li>\n\n\n\n<li>Laenu t\u00e4htaeg on tavaliselt 3 kuust 1 aastani ja seda v\u00f5ib vajadusel pikendada kirjalikul kokkuleppel.<\/li>\n\n\n\n<li>Laenatud materjali kasutus tuleb dokumenteerida. Tagastatud materjal tuleb varustada loetavate etikettidega, millel on andmed uurija, kasutusaja, uurimisasutuse ja liigim\u00e4\u00e4rangu kohta (<em>det., rev., conf., vid<\/em>.) v\u00f5i uuringu valdkonna kohta.<\/li>\n\n\n\n<li>Kui laenatud materjali alusel kirjeldatakse uus liik (<em>sp.nov<\/em>.), tagastab liigi kirjeldaja holot\u00fc\u00fcbi ja pooled parat\u00fc\u00fcbid.<\/li>\n\n\n\n<li>Laenu andnud kogu\/organisatsioon tuleb \u00e4ra m\u00e4rkida k\u00f5igis publikatsioonides, mis on seotud laenatud materjali kasutamisega. Laenuandjale edastatakse vastavate publikatsioonide kirjed ja paber- v\u00f5i digikoopiad.<\/li>\n<\/ol>\n\n\n<style>.kadence-column408_127241-23 > .kt-inside-inner-col,.kadence-column408_127241-23 > .kt-inside-inner-col:before{border-top-left-radius:0px;border-top-right-radius:0px;border-bottom-right-radius:0px;border-bottom-left-radius:0px;}.kadence-column408_127241-23 > .kt-inside-inner-col{column-gap:var(--global-kb-gap-sm, 1rem);}.kadence-column408_127241-23 > .kt-inside-inner-col{flex-direction:column;}.kadence-column408_127241-23 > .kt-inside-inner-col > .aligncenter{width:100%;}.kadence-column408_127241-23 > .kt-inside-inner-col:before{opacity:0.3;}.kadence-column408_127241-23{position:relative;}@media all and (max-width: 1024px){.kadence-column408_127241-23 > .kt-inside-inner-col{flex-direction:column;justify-content:center;}}@media all and (max-width: 767px){.kadence-column408_127241-23 > .kt-inside-inner-col{flex-direction:column;justify-content:center;}}<\/style>\n<div class=\"wp-block-kadence-column kadence-column408_127241-23\"><div class=\"kt-inside-inner-col\">\n<p><strong>Eluskultuuride tellimine<\/strong> <strong>TFC kogust<\/strong><\/p>\n<\/div><\/div>\n\n\n\n<ol class=\"wp-block-list\">\n<li>Laenu taotlemiseks saadetakse <a href=\"https:\/\/kogud.emu.ee\/myko\/tootajad-ja-kontakt\/\" data-type=\"page\" data-id=\"14\" target=\"_blank\" rel=\"noreferrer noopener\">kuraatorile<\/a> taotlus e-kirjaga, milles on mainitud uurimist\u00f6\u00f6 eesm\u00e4rk.<\/li>\n\n\n\n<li>Seenet\u00fcvesid jagatakse tunnustatud teadusasutustele.<\/li>\n\n\n\n<li>Erasektorile m\u00fc\u00fcakse t\u00fcvesid vastavalt <a href=\"https:\/\/kogud.emu.ee\/myko\/wp-content\/uploads\/sites\/5\/2025\/12\/Korraldus_31_6SP_1.pdf\">hinnakirjale<\/a>. V\u00e4ljasaatmise allkirjastab EM\u00dc loodusteaduslike kogude juht Thea Kull.<\/li>\n\n\n\n<li>Saaja ei tohi puhaskultuure ilma \u00fclikooli kirjaliku loata anda kolmandatele isikutele.<\/li>\n\n\n\n<li>Seenet\u00fcvede kasutamise suhtes kehtivad intellektuaalomandi \u00f5igused.<\/li>\n\n\n\n<li>Seeneproovide mistahes \u00e4rilisel eesm\u00e4rgil kasutamine on lubatud vaid \u00fclikooli eelneval kirjalikul n\u00f5usolekul.<\/li>\n\n\n\n<li>Saajal tuleb seeneproovide kasutamisel teaduspublikatsioonides viidata Eesti Maa\u00fclikooli TFC seenekultuuride kogule ning vastavale t\u00fcvenumbrile ning artikli ilmumisel tuleb saata \u00fclikoolile publikatsiooni koopia.<\/li>\n<\/ol>\n\n\n\n<p><\/p>\n\n\n<style>.kadence-column408_47ebae-39 > .kt-inside-inner-col,.kadence-column408_47ebae-39 > .kt-inside-inner-col:before{border-top-left-radius:0px;border-top-right-radius:0px;border-bottom-right-radius:0px;border-bottom-left-radius:0px;}.kadence-column408_47ebae-39 > .kt-inside-inner-col{column-gap:var(--global-kb-gap-sm, 1rem);}.kadence-column408_47ebae-39 > .kt-inside-inner-col{flex-direction:column;}.kadence-column408_47ebae-39 > .kt-inside-inner-col > .aligncenter{width:100%;}.kadence-column408_47ebae-39 > .kt-inside-inner-col:before{opacity:0.3;}.kadence-column408_47ebae-39{position:relative;}@media all and (max-width: 1024px){.kadence-column408_47ebae-39 > .kt-inside-inner-col{flex-direction:column;justify-content:center;}}@media all and (max-width: 767px){.kadence-column408_47ebae-39 > .kt-inside-inner-col{flex-direction:column;justify-content:center;}}<\/style>\n<div class=\"wp-block-kadence-column kadence-column408_47ebae-39\"><div class=\"kt-inside-inner-col\"><\/div><\/div>\n","protected":false},"excerpt":{"rendered":"<p>S\u00e4ilikute laenamise reeglid TAAM ja EAA seenekogust Eluskultuuride tellimine TFC kogust<\/p>\n","protected":false},"author":1,"featured_media":0,"parent":0,"menu_order":0,"comment_status":"closed","ping_status":"closed","template":"","meta":{"footnotes":""},"class_list":{"0":"post-408","1":"page","2":"type-page","3":"status-publish","5":"no-featured-image-padding"},"_links":{"self":[{"href":"https:\/\/kogud.emu.ee\/myko\/wp-json\/wp\/v2\/pages\/408","targetHints":{"allow":["GET"]}}],"collection":[{"href":"https:\/\/kogud.emu.ee\/myko\/wp-json\/wp\/v2\/pages"}],"about":[{"href":"https:\/\/kogud.emu.ee\/myko\/wp-json\/wp\/v2\/types\/page"}],"author":[{"embeddable":true,"href":"https:\/\/kogud.emu.ee\/myko\/wp-json\/wp\/v2\/users\/1"}],"replies":[{"embeddable":true,"href":"https:\/\/kogud.emu.ee\/myko\/wp-json\/wp\/v2\/comments?post=408"}],"version-history":[{"count":12,"href":"https:\/\/kogud.emu.ee\/myko\/wp-json\/wp\/v2\/pages\/408\/revisions"}],"predecessor-version":[{"id":1289,"href":"https:\/\/kogud.emu.ee\/myko\/wp-json\/wp\/v2\/pages\/408\/revisions\/1289"}],"wp:attachment":[{"href":"https:\/\/kogud.emu.ee\/myko\/wp-json\/wp\/v2\/media?parent=408"}],"curies":[{"name":"wp","href":"https:\/\/api.w.org\/{rel}","templated":true}]}}