{"id":2,"date":"2022-06-02T10:35:11","date_gmt":"2022-06-02T10:35:11","guid":{"rendered":"https:\/\/koguddev.emu.ee\/seened\/?page_id=2"},"modified":"2025-01-26T17:23:56","modified_gmt":"2025-01-26T15:23:56","slug":"esileht","status":"publish","type":"page","link":"https:\/\/kogud.emu.ee\/myko\/","title":{"rendered":"Esileht"},"content":{"rendered":"<div class=\"wp-block-image\">\n<figure class=\"aligncenter size-large is-resized\"><img decoding=\"async\" src=\"https:\/\/kogud.emu.ee\/myko\/wp-content\/uploads\/sites\/5\/2024\/01\/IMG_5995_Kurina_crop-scaled.jpg\" alt=\"\" style=\"width:714px;height:auto\" \/><\/figure>\n<\/div>\n\n\n<p><\/p>\n\n\n\n<p class=\"has-text-align-left\">Seenekogus ehk fungaariumis hoitakse seeni kahel erineval moel \u2013 suurem jagu on kuivatatud viljakehadena hoiukappides. Neid seeni s\u00e4ilitatakse eraldi alamkogudena, millel on kummalgi erinev ajalugu ja p\u00f5hir\u00f5hk (vt <a href=\"https:\/\/kogud.emu.ee\/myko\/kollektsioonid\/taam\/\">TAAM<\/a> ja <a href=\"https:\/\/kogud.emu.ee\/myko\/kollektsioonid\/eaa\/\">EAA<\/a>).  V\u00e4hemal m\u00e4\u00e4ral kasvatatakse elusat niidistikku mikrobioloogilisel s\u00f6\u00f6tmel (<a href=\"https:\/\/kogud.emu.ee\/myko\/kollektsioonid\/tfc\/\">TFC kultuurikogus<\/a>). <\/p>\n\n\n\n<p>Toetamaks m\u00fckoloogilist uurimist\u00f6\u00f6d \u00fcle maailma,&nbsp;on&nbsp;paljude eksemplaride andmed n\u00fc\u00fcdseks digiteeritud.<\/p>\n\n\n\n<p>L\u00fchidalt EM\u00dc seenekogudest:<\/p>\n\n\n\n<ul class=\"wp-block-list\">\n<li>s\u00e4ilikute kogumisperiood: valdavalt 20. sajand<\/li>\n\n\n\n<li>hinnanguline eksemplaride arv 200 000, uute taksonite t\u00fc\u00fcpeksemlare &gt; 550<\/li>\n\n\n\n<li>kogumispiirkonnad peamiselt Euraasias<\/li>\n\n\n\n<li>\u00fcle 70 000 Eesti p\u00e4ritolu eksemplari, sh Baltikumi vanimad kogud 19. sajandi keskelt<\/li>\n\n\n\n<li>3\/4 eksemplariandmetest digiteeritud, avalikult leitavad <a href=\"https:\/\/elurikkus.ee\/\" target=\"_blank\" rel=\"noopener\">e-elurikkuse portaalis<\/a> ning \u00fclemaailmses elurikkuse teabekogus <a href=\"http:\/\/www.gbif.org\" target=\"_blank\" rel=\"noopener\"><em>the Global Biodiversity Information Facility<\/em><\/a>. <\/li>\n<\/ul>\n","protected":false},"excerpt":{"rendered":"<p>Seenekogus ehk fungaariumis hoitakse seeni kahel erineval moel \u2013 suurem jagu on kuivatatud viljakehadena hoiukappides. Neid seeni s\u00e4ilitatakse eraldi alamkogudena, millel on kummalgi erinev ajalugu ja p\u00f5hir\u00f5hk (vt TAAM ja EAA). V\u00e4hemal m\u00e4\u00e4ral kasvatatakse elusat niidistikku mikrobioloogilisel s\u00f6\u00f6tmel (TFC kultuurikogus). Toetamaks m\u00fckoloogilist uurimist\u00f6\u00f6d \u00fcle maailma,&nbsp;on&nbsp;paljude eksemplaride andmed n\u00fc\u00fcdseks digiteeritud. L\u00fchidalt EM\u00dc seenekogudest:<\/p>\n","protected":false},"author":1,"featured_media":0,"parent":0,"menu_order":0,"comment_status":"closed","ping_status":"closed","template":"","meta":{"footnotes":""},"class_list":{"0":"post-2","1":"page","2":"type-page","3":"status-publish","5":"no-featured-image-padding"},"_links":{"self":[{"href":"https:\/\/kogud.emu.ee\/myko\/wp-json\/wp\/v2\/pages\/2","targetHints":{"allow":["GET"]}}],"collection":[{"href":"https:\/\/kogud.emu.ee\/myko\/wp-json\/wp\/v2\/pages"}],"about":[{"href":"https:\/\/kogud.emu.ee\/myko\/wp-json\/wp\/v2\/types\/page"}],"author":[{"embeddable":true,"href":"https:\/\/kogud.emu.ee\/myko\/wp-json\/wp\/v2\/users\/1"}],"replies":[{"embeddable":true,"href":"https:\/\/kogud.emu.ee\/myko\/wp-json\/wp\/v2\/comments?post=2"}],"version-history":[{"count":27,"href":"https:\/\/kogud.emu.ee\/myko\/wp-json\/wp\/v2\/pages\/2\/revisions"}],"predecessor-version":[{"id":1274,"href":"https:\/\/kogud.emu.ee\/myko\/wp-json\/wp\/v2\/pages\/2\/revisions\/1274"}],"wp:attachment":[{"href":"https:\/\/kogud.emu.ee\/myko\/wp-json\/wp\/v2\/media?parent=2"}],"curies":[{"name":"wp","href":"https:\/\/api.w.org\/{rel}","templated":true}]}}