{"id":12,"date":"2022-06-08T11:27:57","date_gmt":"2022-06-08T11:27:57","guid":{"rendered":"https:\/\/koguddev.emu.ee\/seened\/?page_id=12"},"modified":"2026-02-10T08:48:08","modified_gmt":"2026-02-10T06:48:08","slug":"tfc","status":"publish","type":"page","link":"https:\/\/kogud.emu.ee\/myko\/kollektsioonid\/tfc\/","title":{"rendered":"Seente eluskultuuride kogu [TFC]"},"content":{"rendered":"\n<div class=\"wp-block-columns is-layout-flex wp-container-core-columns-is-layout-9d6595d7 wp-block-columns-is-layout-flex\">\n<div class=\"wp-block-column is-layout-flow wp-block-column-is-layout-flow\"><div class=\"wp-block-image\">\n<figure class=\"aligncenter size-large is-resized\"><img loading=\"lazy\" decoding=\"async\" width=\"537\" height=\"1024\" src=\"https:\/\/kogud.emu.ee\/myko\/wp-content\/uploads\/sites\/5\/2025\/01\/TFC1-537x1024.jpg\" alt=\"\" class=\"wp-image-1227\" style=\"width:187px;height:auto\" srcset=\"https:\/\/kogud.emu.ee\/myko\/wp-content\/uploads\/sites\/5\/2025\/01\/TFC1-537x1024.jpg 537w, https:\/\/kogud.emu.ee\/myko\/wp-content\/uploads\/sites\/5\/2025\/01\/TFC1-157x300.jpg 157w, https:\/\/kogud.emu.ee\/myko\/wp-content\/uploads\/sites\/5\/2025\/01\/TFC1-768x1464.jpg 768w, https:\/\/kogud.emu.ee\/myko\/wp-content\/uploads\/sites\/5\/2025\/01\/TFC1-806x1536.jpg 806w, https:\/\/kogud.emu.ee\/myko\/wp-content\/uploads\/sites\/5\/2025\/01\/TFC1-1074x2048.jpg 1074w, https:\/\/kogud.emu.ee\/myko\/wp-content\/uploads\/sites\/5\/2025\/01\/TFC1-scaled.jpg 1343w\" sizes=\"auto, (max-width: 537px) 100vw, 537px\" \/><\/figure>\n<\/div><\/div>\n\n\n\n<div class=\"wp-block-column is-vertically-aligned-bottom is-layout-flow wp-block-column-is-layout-flow\">\n<p><\/p>\n\n\n\n<p><strong>N\u00e4ide seenekultuuride hoiukapist ja seenet\u00fcvedest kaldagaril.<\/strong> <\/p>\n\n\n\n<p>Alates 2000. aastast on kollektsioon maailma kultuurikollektsioonide f\u00f6deratsiooni World Federation for Culture Collection (WFCC) liige akron\u00fc\u00fcmiga TFC \u2013&nbsp;<em>Tartu Fungal Culture Collection<\/em>. Kokkuleppel on sama akron\u00fc\u00fcmiga Tartu \u00fclikooli loodusmuuseumi seenekultuurikogu.<\/p>\n<\/div>\n\n\n\n<div class=\"wp-block-column is-vertically-aligned-bottom is-layout-flow wp-block-column-is-layout-flow\"><div class=\"wp-block-image\">\n<figure class=\"alignright size-large\"><img loading=\"lazy\" decoding=\"async\" width=\"1024\" height=\"747\" src=\"https:\/\/kogud.emu.ee\/myko\/wp-content\/uploads\/sites\/5\/2025\/01\/TFC2-1-1024x747.jpg\" alt=\"\" class=\"wp-image-1229\" srcset=\"https:\/\/kogud.emu.ee\/myko\/wp-content\/uploads\/sites\/5\/2025\/01\/TFC2-1-1024x747.jpg 1024w, https:\/\/kogud.emu.ee\/myko\/wp-content\/uploads\/sites\/5\/2025\/01\/TFC2-1-300x219.jpg 300w, https:\/\/kogud.emu.ee\/myko\/wp-content\/uploads\/sites\/5\/2025\/01\/TFC2-1-768x560.jpg 768w, https:\/\/kogud.emu.ee\/myko\/wp-content\/uploads\/sites\/5\/2025\/01\/TFC2-1-1536x1120.jpg 1536w\" sizes=\"auto, (max-width: 1024px) 100vw, 1024px\" \/><\/figure>\n<\/div><\/div>\n<\/div>\n\n\n\n<p>Seente kultuurikogu TFC materjal p\u00e4rineb erinevatest t\u00f6\u00f6r\u00fchmadest. Kogu k\u00f5ige varasemad t\u00fcved on isoleeritud taksonoomia-alases teadust\u00f6\u00f6s akadeemik Erast Parmasto t\u00f6\u00f6r\u00fchmas endises Zooloogia ja botaanika instituudis alates 1970.a.\u00a0 Selliste isolaatide koguarv kollektsioonis on ca 1200 (millest 1109 on andmebaasistatud PlutoF t\u00f6\u00f6laua eluskultuuride moodulis). Kollektsioonis on esindatud \u00fche v\u00f5i enama isolaadiga ca 370 seeneliiki (<a href=\"https:\/\/koguddev.emu.ee\/myko\/wp-content\/uploads\/sites\/5\/2024\/02\/list_TFC_2020.xlsx\" target=\"_blank\" rel=\"noopener\">list_TFC_2020<\/a>). Kandseentest (Basidiomycota) on arvukamalt esindatud puitulagundavad seened, neist liigirikkaimad perekonnad\u00a0<em>Hymenochaete<\/em>\u00a0(31 spp., kaasa arvatud \u00fcks ex-holot\u00fc\u00fcp isolaat\u00a0<em>Hymenochaete koeljalgii<\/em>\u00a0Parmasto ning\u00a0<em>Phellinus<\/em>\u00a0(14 spp.). Osa t\u00fcvesid on inokuleeritud Kesk-Aasia ja Kaug-Ida ekspeditsioonidel.<\/p>\n\n\n\n<figure class=\"gb-block-image gb-block-image-5adef9d0\"><img loading=\"lazy\" decoding=\"async\" width=\"1280\" height=\"339\" class=\"gb-image gb-image-5adef9d0\" src=\"https:\/\/kogud.emu.ee\/myko\/wp-content\/uploads\/sites\/5\/2025\/01\/TFC-PAT-e1738245309990.png\" alt=\"\" title=\"TFC-PAT\" srcset=\"https:\/\/kogud.emu.ee\/myko\/wp-content\/uploads\/sites\/5\/2025\/01\/TFC-PAT-e1738245309990.png 1280w, https:\/\/kogud.emu.ee\/myko\/wp-content\/uploads\/sites\/5\/2025\/01\/TFC-PAT-e1738245309990-300x79.png 300w, https:\/\/kogud.emu.ee\/myko\/wp-content\/uploads\/sites\/5\/2025\/01\/TFC-PAT-e1738245309990-1024x271.png 1024w, https:\/\/kogud.emu.ee\/myko\/wp-content\/uploads\/sites\/5\/2025\/01\/TFC-PAT-e1738245309990-768x203.png 768w\" sizes=\"auto, (max-width: 1280px) 100vw, 1280px\" \/>\n<figcaption class=\"gb-headline gb-headline-b0a88d71 gb-headline-text\">Metsapatoloogia seenekultuurikogu n\u00e4ited (vasakult) <\/figcaption>\n\n\n\n<figcaption class=\"gb-headline gb-headline-e64f084d gb-headline-text\">l\u00f5vilakk-korallnarmik, lakkvaabik, punav\u00f6\u00f6taudi tekitaja ja <em>Neonectria fuckeliana<\/em><\/figcaption>\n<\/figure>\n\n\n\n<p><\/p>\n\n\n\n<p><strong>Metsanduslik eluskultuurikogu TFC-PAT <\/strong>on v\u00e4lja kasvanud Eesti NSV Metsamajanduse Teadusliku Uurimise Instituudi metsakaitse sektori uurimist\u00f6\u00f6st. Esimesi puhaskultuure puude seenhaigustest tegi M\u00e4rt Hanso 1965. aastal m\u00e4nni-pudet\u00f5ve tekitajast, <em>Lophodermium<\/em> perekonnast. Juba siis katsetati biot\u00f5rje v\u00f5imalusi, otsides m\u00e4nni patogeenidele antagonistlikke mikroseeni. T\u00e4naseks on EM\u00dc metsanduse ja inseneeria instituudi metsapatoloogia- ja geneetika laboris p\u00f5hir\u00f5hk metsa ja puitu kahjustavatel seentel. Laboris s\u00e4ilitatakse ca 7000 seenekultuuri ja ligi 360 taksonit, millest enamik kuuluvad kottseente (Ascomycota) ja kandseente (Basidiomycota) hulka. Kogus hoitakse seenhaiguste tekitajate esinemist\u00f5endeid Eestist ning 40 v\u00e4lisriigist. Metsanduslikke seenekultuure kasutakse Eesti s\u00f6\u00f6giseente ja metsapatogeenide biot\u00f5rje rakendusuuringutes ning rahvusvahelises teaduskoost\u00f6\u00f6s.<\/p>\n\n\n\n<div class=\"wp-block-columns is-layout-flex wp-container-core-columns-is-layout-9d6595d7 wp-block-columns-is-layout-flex\">\n<div class=\"wp-block-column is-layout-flow wp-block-column-is-layout-flow\" style=\"flex-basis:66.66%\">\n<p><\/p>\n\n\n\n<p class=\"has-text-align-left\"><strong>P\u00f5llumajanduslik eluskultuurikogu TFC-FP<\/strong> h\u00f5lmab valdavalt Eestist p\u00e4rit patogeenseid kottseeni (Ascomycota), mis on isoleeritud erinevatelt p\u00f5llu- ja aiakultuuridelt EM\u00dc p\u00f5llumajandus- ja keskkonnainstituudi taimetervise \u00f5ppetooli f\u00fctopatoloogia laboris. Lisaks patogeensetele seentele sisaldab kogu nii kohaliku kui v\u00e4lismaise p\u00e4ritoluga seeni, mida kasutatakse taimehaiguste biot\u00f5rjes (<em>Trichoderma, Clonostachys <\/em>ja<em> Pythium<\/em>). P\u00f5llumajanduslik eluskultuuri kogu on v\u00e4\u00e4rtuslik ressurss teadust\u00f6\u00f6s: populatsiooniuuringutes, &nbsp;regioonip\u00f5histe taimekaitse strateegiate arendamisel ja Eesti tingimustesse sobivate biot\u00f5rjevahendite leidmisel. Lisaks uuritakse seeneisolaatidega kooseksisteerivaid m\u00fckoviiruseid, et m\u00f5ista nende m\u00f5ju seente patogeensusele ja biot\u00f5rje t\u00f5hususele. T\u00fcvesid on isoleeritud alates 2017. a. ja neid on kokku 1 500.<\/p>\n<\/div>\n\n\n\n<div class=\"wp-block-column is-layout-flow wp-block-column-is-layout-flow\" style=\"flex-basis:33.33%\"><div class=\"wp-block-image is-style-rounded\">\n<figure class=\"aligncenter size-large is-resized\"><img loading=\"lazy\" decoding=\"async\" width=\"1024\" height=\"1024\" src=\"https:\/\/kogud.emu.ee\/myko\/wp-content\/uploads\/sites\/5\/2025\/01\/Trichoderma-270-F-10X-1024x1024.jpg\" alt=\"\" class=\"wp-image-1239\" style=\"width:279px;height:auto\" srcset=\"https:\/\/kogud.emu.ee\/myko\/wp-content\/uploads\/sites\/5\/2025\/01\/Trichoderma-270-F-10X-1024x1024.jpg 1024w, https:\/\/kogud.emu.ee\/myko\/wp-content\/uploads\/sites\/5\/2025\/01\/Trichoderma-270-F-10X-300x300.jpg 300w, https:\/\/kogud.emu.ee\/myko\/wp-content\/uploads\/sites\/5\/2025\/01\/Trichoderma-270-F-10X-150x150.jpg 150w, https:\/\/kogud.emu.ee\/myko\/wp-content\/uploads\/sites\/5\/2025\/01\/Trichoderma-270-F-10X-768x768.jpg 768w, https:\/\/kogud.emu.ee\/myko\/wp-content\/uploads\/sites\/5\/2025\/01\/Trichoderma-270-F-10X.jpg 1200w\" sizes=\"auto, (max-width: 1024px) 100vw, 1024px\" \/><figcaption class=\"wp-element-caption\">Rohelise niidistikuga <em>Trichoderma<\/em> katmas kartuli-lehem\u00e4daniku niidistikku.<\/figcaption><\/figure>\n<\/div><\/div>\n<\/div>\n\n\n<div class=\"gb-container gb-container-51ee474f\">\n\n<div class=\"wp-block-group\"><div class=\"wp-block-group__inner-container is-layout-constrained wp-block-group-is-layout-constrained\">\n<p><strong>Seenekultuurikogu t\u00fcvede v\u00f5i andmete kasutamiseks v\u00f5ta \u00fchendust: <\/strong><\/p>\n\n\n\n<p>EM\u00dc PKI m\u00fckoloogiline kollektsioon, kultuurilabor<\/p>\n\n\n\n<p>Kreutzwaldi 5D, Tartu<\/p>\n\n\n\n<p>Triin Varvas (triin.varvas@emu.ee)<\/p>\n\n\n\n<p class=\"has-text-align-left\"><strong>Erasektorile kehtiv <a href=\"https:\/\/kogud.emu.ee\/myko\/wp-content\/uploads\/sites\/5\/2025\/12\/HINNAKIRI-TFC-seenekultuuride-kogu.pdf\">hinnakiri<\/a><\/strong><\/p>\n<\/div><\/div>\n\n<\/div>","protected":false},"excerpt":{"rendered":"<p>N\u00e4ide seenekultuuride hoiukapist ja seenet\u00fcvedest kaldagaril. Alates 2000. aastast on kollektsioon maailma kultuurikollektsioonide f\u00f6deratsiooni World Federation for Culture Collection (WFCC) liige akron\u00fc\u00fcmiga TFC \u2013&nbsp;Tartu Fungal Culture Collection. Kokkuleppel on sama akron\u00fc\u00fcmiga Tartu \u00fclikooli loodusmuuseumi seenekultuurikogu. Seente kultuurikogu TFC materjal p\u00e4rineb erinevatest t\u00f6\u00f6r\u00fchmadest. Kogu k\u00f5ige varasemad t\u00fcved on isoleeritud taksonoomia-alases teadust\u00f6\u00f6s akadeemik Erast Parmasto t\u00f6\u00f6r\u00fchmas endises &#8230; <\/p>\n<p class=\"read-more-container\"><a title=\"Seente eluskultuuride kogu [TFC]\" class=\"read-more button\" href=\"https:\/\/kogud.emu.ee\/myko\/kollektsioonid\/tfc\/#more-12\" aria-label=\"Read more about Seente eluskultuuride kogu [TFC]\">Read more<\/a><\/p>\n","protected":false},"author":1,"featured_media":0,"parent":393,"menu_order":0,"comment_status":"closed","ping_status":"closed","template":"","meta":{"footnotes":""},"class_list":{"0":"post-12","1":"page","2":"type-page","3":"status-publish","5":"no-featured-image-padding"},"_links":{"self":[{"href":"https:\/\/kogud.emu.ee\/myko\/wp-json\/wp\/v2\/pages\/12","targetHints":{"allow":["GET"]}}],"collection":[{"href":"https:\/\/kogud.emu.ee\/myko\/wp-json\/wp\/v2\/pages"}],"about":[{"href":"https:\/\/kogud.emu.ee\/myko\/wp-json\/wp\/v2\/types\/page"}],"author":[{"embeddable":true,"href":"https:\/\/kogud.emu.ee\/myko\/wp-json\/wp\/v2\/users\/1"}],"replies":[{"embeddable":true,"href":"https:\/\/kogud.emu.ee\/myko\/wp-json\/wp\/v2\/comments?post=12"}],"version-history":[{"count":30,"href":"https:\/\/kogud.emu.ee\/myko\/wp-json\/wp\/v2\/pages\/12\/revisions"}],"predecessor-version":[{"id":1300,"href":"https:\/\/kogud.emu.ee\/myko\/wp-json\/wp\/v2\/pages\/12\/revisions\/1300"}],"up":[{"embeddable":true,"href":"https:\/\/kogud.emu.ee\/myko\/wp-json\/wp\/v2\/pages\/393"}],"wp:attachment":[{"href":"https:\/\/kogud.emu.ee\/myko\/wp-json\/wp\/v2\/media?parent=12"}],"curies":[{"name":"wp","href":"https:\/\/api.w.org\/{rel}","templated":true}]}}