{"id":10,"date":"2022-06-08T11:27:47","date_gmt":"2022-06-08T11:27:47","guid":{"rendered":"https:\/\/koguddev.emu.ee\/seened\/?page_id=10"},"modified":"2026-02-10T08:54:11","modified_gmt":"2026-02-10T06:54:11","slug":"eaa","status":"publish","type":"page","link":"https:\/\/kogud.emu.ee\/myko\/kollektsioonid\/eaa\/","title":{"rendered":"Elmar Leppiku seenekogu [EAA]"},"content":{"rendered":"\n<p><strong>Kollektsioon sisaldab esimeste Eesti professionaalsete m\u00fckoloogide, Feodor Bucholtzi ja Elmar Leppiku, uurimist\u00f6\u00f6 t\u00f5endeksemplare. See on Eesti ainus seenekogu, mille s\u00e4ilikute andmed kajastavad seente esinemist I ja II maailmas\u00f5ja vahel<\/strong>. <\/p>\n\n\n\n<div class=\"wp-block-columns is-layout-flex wp-container-core-columns-is-layout-9d6595d7 wp-block-columns-is-layout-flex\">\n<div class=\"wp-block-column is-layout-flow wp-block-column-is-layout-flow\"><div class=\"wp-block-image\">\n<figure class=\"alignright size-large is-resized\"><img loading=\"lazy\" decoding=\"async\" width=\"1024\" height=\"445\" src=\"https:\/\/kogud.emu.ee\/myko\/wp-content\/uploads\/sites\/5\/2024\/02\/d130f0fc78e9f5a3790cd974fae68a83-1024x445.jpg\" alt=\"\" class=\"wp-image-970\" style=\"width:400px;height:auto\" srcset=\"https:\/\/kogud.emu.ee\/myko\/wp-content\/uploads\/sites\/5\/2024\/02\/d130f0fc78e9f5a3790cd974fae68a83-1024x445.jpg 1024w, https:\/\/kogud.emu.ee\/myko\/wp-content\/uploads\/sites\/5\/2024\/02\/d130f0fc78e9f5a3790cd974fae68a83-300x130.jpg 300w, https:\/\/kogud.emu.ee\/myko\/wp-content\/uploads\/sites\/5\/2024\/02\/d130f0fc78e9f5a3790cd974fae68a83-768x334.jpg 768w, https:\/\/kogud.emu.ee\/myko\/wp-content\/uploads\/sites\/5\/2024\/02\/d130f0fc78e9f5a3790cd974fae68a83-1536x667.jpg 1536w, https:\/\/kogud.emu.ee\/myko\/wp-content\/uploads\/sites\/5\/2024\/02\/d130f0fc78e9f5a3790cd974fae68a83-2048x890.jpg 2048w\" sizes=\"auto, (max-width: 1024px) 100vw, 1024px\" \/><\/figure>\n<\/div><\/div>\n\n\n\n<div class=\"wp-block-column is-layout-flow wp-block-column-is-layout-flow\">\n<p><\/p>\n\n\n\n<p>Kuni 1944. aastani vastutas Elmar Emil Leppik (nimi kuni 1950. a. Elmar Lepik) taimehaiguste katsejaama eksemplaride kogumise v\u00f5i hankimise eest &#8211; selleks ajaks ca 22 000 s\u00e4ilikut. Seet\u00f5ttu nimetatakse kogu tema j\u00e4rgi. <\/p>\n<\/div>\n<\/div>\n\n\n\n<p>S\u00e4ilikud on nii paber\u00fcmbrikes kui herbaarlehtedel koos substraattaimega. Eesti ja v\u00e4lismaa p\u00e4ritoluga seeni hoitakse eraldi kappides.<\/p>\n\n\n\n<p><strong>\u00dcLEVAATLIKULT EAA KOGUST:<\/strong><\/p>\n\n\n\n<ul class=\"wp-block-list\">\n<li>Ca 24 000 eksemplari, &gt;3800 seeneliiki<\/li>\n\n\n\n<li>Aktiivne eksemplaride kogumise aeg 1898-1943<\/li>\n\n\n\n<li>P\u00f5hir\u00f5hk parasiitsetel mikroseentel, mis kasvavad taimedel, sh kultuurtaimedel<\/li>\n\n\n\n<li>\u00dcks t\u00fc\u00fcpeksemplar, <em>Cercospora mercurialis<\/em> var. <em>latvica <\/em>Lepik (EAA05724).<\/li>\n\n\n\n<li>Eestist p\u00e4rit seeni 1\/3, \u00fclej\u00e4\u00e4nud valdavalt Euroopast<\/li>\n\n\n\n<li>Kogu on t\u00e4ielikult andmebaasistatud ja eksemplaride andmed (kokku 24\u00a0390) on leitavad <a href=\"https:\/\/elurikkus.ee\/\" target=\"_blank\" rel=\"noopener\">eElurikkuses<\/a>, ning <a href=\"https:\/\/natarc.ut.ee\/seenekogud.php\" target=\"_blank\" rel=\"noopener\">otsitavad seenekogude andmekogus.\u00a0<\/a><\/li>\n<\/ul>\n\n\n\n<p><strong>Kogu kasutamine<\/strong> teadust\u00f6\u00f6s oli aktiivne enne 1943. aastat, kui publitseeriti ligi 100 teadust\u00f6\u00f6d ja 300 taimekaitset populariseerivat teavikut p\u00f5llumeestele. <\/p>\n\n\n\n<p>V\u00e4lja anti eksikaatkogud: A. K\u00e4sebieri &#8211; <em>Taimehaiguste kogu Eestis I <\/em>(1924) ja E. Leppiku &#8211; <em>Fungi Estonici Exsiccati I\u2013VI<\/em> (1931\u20131942). <\/p>\n\n\n\n<p>Huvilised saavad Elmar Leppiku seenekoguga tutvuda, v\u00f5ttes \u00fchendust <a href=\"https:\/\/kogud.emu.ee\/myko\/tootajad-ja-kontakt\/\">kuraatoriga<\/a>.<\/p>\n\n\n\n<hr class=\"wp-block-separator has-alpha-channel-opacity\" \/>\n\n\n\n<p>Artikkel EAA kollektsiooni kohta:<\/p>\n\n\n\n<p><a href=\"https:\/\/ojs.utlib.ee\/index.php\/FCE\/article\/view\/13635\/8681\" target=\"_blank\" rel=\"noreferrer noopener\">Erast Parmasto 2011, Fungal herbarium EAA in Tartu (Estonia). Folia Cryptogamica Estonica 48<\/a><\/p>\n","protected":false},"excerpt":{"rendered":"<p>Kollektsioon sisaldab esimeste Eesti professionaalsete m\u00fckoloogide, Feodor Bucholtzi ja Elmar Leppiku, uurimist\u00f6\u00f6 t\u00f5endeksemplare. See on Eesti ainus seenekogu, mille s\u00e4ilikute andmed kajastavad seente esinemist I ja II maailmas\u00f5ja vahel. Kuni 1944. aastani vastutas Elmar Emil Leppik (nimi kuni 1950. a. Elmar Lepik) taimehaiguste katsejaama eksemplaride kogumise v\u00f5i hankimise eest &#8211; selleks ajaks ca 22 000 &#8230; <\/p>\n<p class=\"read-more-container\"><a title=\"Elmar Leppiku seenekogu [EAA]\" class=\"read-more button\" href=\"https:\/\/kogud.emu.ee\/myko\/kollektsioonid\/eaa\/#more-10\" aria-label=\"Read more about Elmar Leppiku seenekogu [EAA]\">Read more<\/a><\/p>\n","protected":false},"author":1,"featured_media":0,"parent":393,"menu_order":0,"comment_status":"closed","ping_status":"closed","template":"","meta":{"footnotes":""},"class_list":{"0":"post-10","1":"page","2":"type-page","3":"status-publish","5":"no-featured-image-padding"},"_links":{"self":[{"href":"https:\/\/kogud.emu.ee\/myko\/wp-json\/wp\/v2\/pages\/10","targetHints":{"allow":["GET"]}}],"collection":[{"href":"https:\/\/kogud.emu.ee\/myko\/wp-json\/wp\/v2\/pages"}],"about":[{"href":"https:\/\/kogud.emu.ee\/myko\/wp-json\/wp\/v2\/types\/page"}],"author":[{"embeddable":true,"href":"https:\/\/kogud.emu.ee\/myko\/wp-json\/wp\/v2\/users\/1"}],"replies":[{"embeddable":true,"href":"https:\/\/kogud.emu.ee\/myko\/wp-json\/wp\/v2\/comments?post=10"}],"version-history":[{"count":22,"href":"https:\/\/kogud.emu.ee\/myko\/wp-json\/wp\/v2\/pages\/10\/revisions"}],"predecessor-version":[{"id":1305,"href":"https:\/\/kogud.emu.ee\/myko\/wp-json\/wp\/v2\/pages\/10\/revisions\/1305"}],"up":[{"embeddable":true,"href":"https:\/\/kogud.emu.ee\/myko\/wp-json\/wp\/v2\/pages\/393"}],"wp:attachment":[{"href":"https:\/\/kogud.emu.ee\/myko\/wp-json\/wp\/v2\/media?parent=10"}],"curies":[{"name":"wp","href":"https:\/\/api.w.org\/{rel}","templated":true}]}}