{"id":305,"date":"2023-09-05T08:13:04","date_gmt":"2023-09-05T08:13:04","guid":{"rendered":"https:\/\/koguddev.emu.ee\/mumu\/?page_id=305"},"modified":"2025-01-30T11:36:38","modified_gmt":"2025-01-30T09:36:38","slug":"viited","status":"publish","type":"page","link":"https:\/\/kogud.emu.ee\/mumu\/viited\/","title":{"rendered":"Viited"},"content":{"rendered":"\n<p><strong>Eestis<\/strong><br>&nbsp;&nbsp;<br><a href=\"http:\/\/www.emu.ee\/\" target=\"_blank\" rel=\"noreferrer noopener\">Eesti Maa\u00fclikool<\/a><\/p>\n\n\n\n<p>&nbsp;&nbsp;<a href=\"https:\/\/pk.emu.ee\/struktuur\/mullateadus\/\" target=\"_blank\" rel=\"noopener\">Mullateaduse \u00f5ppetool<\/a><\/p>\n\n\n\n<p class=\"has-text-align-left\">  Mullateaduse \u00f5ppetooli <a href=\"https:\/\/www.youtube.com\/@mullaoppetool\" target=\"_blank\" rel=\"noopener\">Youtube kanal<\/a> <\/p>\n\n\n\n<p class=\"has-text-align-left\">  Mullateaduse \u00f5ppetooli <a href=\"https:\/\/www.facebook.com\/Mullateadus\/\" target=\"_blank\" rel=\"noopener\">Facebooki leht<\/a><\/p>\n\n\n\n<p>&nbsp;&nbsp;<a href=\"https:\/\/kogud.emu.ee\/\" target=\"_blank\" rel=\"noreferrer noopener\">Loodusteaduslikud kogud<\/a><\/p>\n\n\n\n<p><a href=\"http:\/\/emts.emu.ee\/\" target=\"_blank\" rel=\"noreferrer noopener\">Eesti Mullateaduse Selts<\/a><\/p>\n\n\n\n<p><a href=\"http:\/\/xgis.maaamet.ee\/\" target=\"_blank\" rel=\"noreferrer noopener\">Maa-ameti mullastikukaardi veebirakendus Geoportaal (X-GIS)<\/a><br><a href=\"http:\/\/www.maaamet.ee\/index.php?lang_id=1&amp;page_id=17&amp;menu_id=36\" target=\"_blank\" rel=\"noreferrer noopener\">Mullastikukaardi abimaterjalid (Maa-amet)<\/a><\/p>\n\n\n\n<p><a href=\"http:\/\/www.eria.ee\/\" target=\"_blank\" rel=\"noreferrer noopener\">Eesti Maaviljeluse Instituut<\/a><\/p>\n\n\n\n<p><a href=\"https:\/\/aps.emu.ee\/\" target=\"_blank\" rel=\"noreferrer noopener\">Akadeemiline P\u00f5llumajanduse Selts &#8211; APS<\/a><\/p>\n\n\n\n<p><a href=\"http:\/\/pmk.agri.ee\/\" target=\"_blank\" rel=\"noreferrer noopener\">P\u00f5llumajandusuuringute Keskus<\/a><\/p>\n\n\n\n<p><a href=\"https:\/\/www.digar.ee\/arhiiv\/et\/download\/21465\" target=\"_blank\" rel=\"noreferrer noopener\">Eesti muldadest p\u00f5llumehele. Priit Penu (2005) pdf.<\/a><\/p>\n\n\n\n<p><a href=\"http:\/\/www.egeos.ee\/\" target=\"_blank\" rel=\"noreferrer noopener\">Eesti Geoloogia Selts<\/a><\/p>\n\n\n\n<p><a href=\"http:\/\/sarv.gi.ee\/index.php?page=17\" target=\"_blank\" rel=\"noreferrer noopener\">SARV &#8211; geokogude infos\u00fcsteem<\/a><br><br><strong>Mujal<\/strong><\/p>\n\n\n\n<p><a href=\"http:\/\/www.iuss.org\/\" target=\"_blank\" rel=\"noreferrer noopener\">Rahvusvaheline Mullateaduse Selts (International Union of Soil Sciences &#8211; IUSS)<\/a><\/p>\n\n\n\n<p><a href=\"http:\/\/www.fao.org\/\" target=\"_blank\" rel=\"noreferrer noopener\">\u00dcRO Toidu ja P\u00f5llumajanduse Organisatsioon (Food and Agriculture Organization of the United Nations &#8211; FAO)<\/a><\/p>\n\n\n\n<p><a href=\"http:\/\/eusoils.jrc.ec.europa.eu\/\" target=\"_blank\" rel=\"noreferrer noopener\">Euroopa Mullaportaal (European Soil Portal)<\/a><\/p>\n\n\n\n<p><a href=\"http:\/\/www.ecsss.net\/web\/frontend\/view.php?MENUEID=224&amp;USERNAME=&amp;TEMPID=\" target=\"_blank\" rel=\"noreferrer noopener\">Euroopa Mullateaduse Seltside \u00dchendus (European Confederation of Soil Science Societies &#8211; ECSSS)<\/a><\/p>\n\n\n\n<p><a href=\"http:\/\/www.essc.sk\/\" target=\"_blank\" rel=\"noreferrer noopener\">Euroopa Mullakaitse Selts (The European Society for Soil Conservation &#8211; ESSC)<\/a><\/p>\n\n\n\n<p><a href=\"http:\/\/www.esagr.org\/structure\/\" target=\"_blank\" rel=\"noreferrer noopener\">Euroopa Agronoomia Selts (European Society of Agronomy &#8211; ESA)<\/a><\/p>\n\n\n\n<p><a href=\"http:\/\/www.njf.nu\/site\/redirect.asp?p=1000\" target=\"_blank\" rel=\"noreferrer noopener\">P\u00f5hjamaade P\u00f5llumajandusteadlaste \u00dchendus (Nordic Association of Agricultural Scientists &#8211; NJF)<\/a><\/p>\n\n\n\n<p><a href=\"http:\/\/www.waswc.org\/\" target=\"_blank\" rel=\"noreferrer noopener\">World Association of Soil and Water Conservation &#8211; WASWC<\/a><\/p>\n\n\n\n<p><a href=\"https:\/\/www.soils.org\/\" target=\"_blank\" rel=\"noreferrer noopener\">Ameerika Mullateaduse Selts (Soil Science Society of America &#8211; SSSA)<\/a><\/p>\n\n\n\n<p><strong>Mullamuuseumid mujal maailmas<\/strong><\/p>\n\n\n\n<p><a href=\"http:\/\/www.isric.org\/\" target=\"_blank\" rel=\"noreferrer noopener\">World Soil Museum. ISRIC &#8211; World Soil Information. Wageningen, Holland.<\/a><\/p>\n\n\n\n<p><a href=\"http:\/\/www.soilmuseum.narod.ru\/\" target=\"_blank\" rel=\"noreferrer noopener\">Dokuchaev Central Soil Museum. Sankt-Peterburg, Venemaa.<\/a><\/p>\n\n\n\n<p><a href=\"http:\/\/www.museums.ualberta.ca\/dig\/naturalhist\/earth\/soil\/\" target=\"_blank\" rel=\"noreferrer noopener\">The Soil Science Monolith Collections. University of Alberta. Kanada.<\/a><\/p>\n\n\n\n<p><a href=\"http:\/\/www.fieldmuseum.org\/undergroundadventure\/\" target=\"_blank\" rel=\"noreferrer noopener\">The Field Museum. Chicago, USA.<\/a><\/p>\n\n\n\n<p><a href=\"https:\/\/www.soils.org\/smithsonian\/\" target=\"_blank\" rel=\"noreferrer noopener\">Smithsonian Soil Exhibition. USA.<\/a><\/p>\n\n\n\n<p><strong>Kasulikke abimaterjale<\/strong><\/p>\n\n\n\n<p><a href=\"http:\/\/soils.missouri.edu\/tutorial\/munsell\/munsellbook.asp\" target=\"_blank\" rel=\"noreferrer noopener\">Munselli v\u00e4rvitabelid&nbsp;<\/a>(Allikas:&nbsp;<a href=\"http:\/\/soils.missouri.edu\/tutorial\/page7.asp\" target=\"_blank\" rel=\"noreferrer noopener\">Missouri Cooperative Soil Survey<\/a>)<\/p>\n\n\n\n<p><a href=\"http:\/\/soils.missouri.edu\/tutorial\/triangle\/triangle_ver2.htm\" target=\"_blank\" rel=\"noreferrer noopener\">L\u00f5imise r\u00fchmad USDA s\u00fcsteemis&nbsp;<\/a>(Allikas:&nbsp;<a href=\"http:\/\/soils.missouri.edu\/tutorial\/page8.asp\" target=\"_blank\" rel=\"noreferrer noopener\">Missouri Cooperative Soil Survey<\/a>)<\/p>\n\n\n\n<p><a href=\"ftp:\/\/ftp.fao.org\/agl\/agll\/docs\/guidel_soil_descr.pdf\" target=\"_blank\" rel=\"noreferrer noopener\">Guidelines for soil description (FAO, 2006)<\/a><\/p>\n\n\n\n<p><a href=\"http:\/\/www.fao.org\/ag\/agl\/agll\/wrb\/doc\/wrb2007_corr.pdf\" target=\"_blank\" rel=\"noreferrer noopener\">World Reference Base for Soil Resources &#8211; WRB 2006<\/a><\/p>\n","protected":false},"excerpt":{"rendered":"<p>Eestis&nbsp;&nbsp;Eesti Maa\u00fclikool &nbsp;&nbsp;Mullateaduse \u00f5ppetool Mullateaduse \u00f5ppetooli Youtube kanal Mullateaduse \u00f5ppetooli Facebooki leht &nbsp;&nbsp;Loodusteaduslikud kogud Eesti Mullateaduse Selts Maa-ameti mullastikukaardi veebirakendus Geoportaal (X-GIS)Mullastikukaardi abimaterjalid (Maa-amet) Eesti Maaviljeluse Instituut Akadeemiline P\u00f5llumajanduse Selts &#8211; APS P\u00f5llumajandusuuringute Keskus Eesti muldadest p\u00f5llumehele. Priit Penu (2005) pdf. Eesti Geoloogia Selts SARV &#8211; geokogude infos\u00fcsteem Mujal Rahvusvaheline Mullateaduse Selts (International Union of [&hellip;]<\/p>\n","protected":false},"author":1,"featured_media":0,"parent":0,"menu_order":0,"comment_status":"closed","ping_status":"closed","template":"","meta":{"ocean_post_layout":"","ocean_both_sidebars_style":"","ocean_both_sidebars_content_width":0,"ocean_both_sidebars_sidebars_width":0,"ocean_sidebar":"0","ocean_second_sidebar":"0","ocean_disable_margins":"enable","ocean_add_body_class":"","ocean_shortcode_before_top_bar":"","ocean_shortcode_after_top_bar":"","ocean_shortcode_before_header":"","ocean_shortcode_after_header":"","ocean_has_shortcode":"","ocean_shortcode_after_title":"","ocean_shortcode_before_footer_widgets":"","ocean_shortcode_after_footer_widgets":"","ocean_shortcode_before_footer_bottom":"","ocean_shortcode_after_footer_bottom":"","ocean_display_top_bar":"default","ocean_display_header":"default","ocean_header_style":"","ocean_center_header_left_menu":"0","ocean_custom_header_template":"0","ocean_custom_logo":0,"ocean_custom_retina_logo":0,"ocean_custom_logo_max_width":0,"ocean_custom_logo_tablet_max_width":0,"ocean_custom_logo_mobile_max_width":0,"ocean_custom_logo_max_height":0,"ocean_custom_logo_tablet_max_height":0,"ocean_custom_logo_mobile_max_height":0,"ocean_header_custom_menu":"0","ocean_menu_typo_font_family":"0","ocean_menu_typo_font_subset":"","ocean_menu_typo_font_size":0,"ocean_menu_typo_font_size_tablet":0,"ocean_menu_typo_font_size_mobile":0,"ocean_menu_typo_font_size_unit":"px","ocean_menu_typo_font_weight":"","ocean_menu_typo_font_weight_tablet":"","ocean_menu_typo_font_weight_mobile":"","ocean_menu_typo_transform":"","ocean_menu_typo_transform_tablet":"","ocean_menu_typo_transform_mobile":"","ocean_menu_typo_line_height":0,"ocean_menu_typo_line_height_tablet":0,"ocean_menu_typo_line_height_mobile":0,"ocean_menu_typo_line_height_unit":"","ocean_menu_typo_spacing":0,"ocean_menu_typo_spacing_tablet":0,"ocean_menu_typo_spacing_mobile":0,"ocean_menu_typo_spacing_unit":"","ocean_menu_link_color":"","ocean_menu_link_color_hover":"","ocean_menu_link_color_active":"","ocean_menu_link_background":"","ocean_menu_link_hover_background":"","ocean_menu_link_active_background":"","ocean_menu_social_links_bg":"","ocean_menu_social_hover_links_bg":"","ocean_menu_social_links_color":"","ocean_menu_social_hover_links_color":"","ocean_disable_title":"default","ocean_disable_heading":"default","ocean_post_title":"","ocean_post_subheading":"","ocean_post_title_style":"","ocean_post_title_background_color":"","ocean_post_title_background":0,"ocean_post_title_bg_image_position":"","ocean_post_title_bg_image_attachment":"","ocean_post_title_bg_image_repeat":"","ocean_post_title_bg_image_size":"","ocean_post_title_height":0,"ocean_post_title_bg_overlay":0.5,"ocean_post_title_bg_overlay_color":"","ocean_disable_breadcrumbs":"default","ocean_breadcrumbs_color":"","ocean_breadcrumbs_separator_color":"","ocean_breadcrumbs_links_color":"","ocean_breadcrumbs_links_hover_color":"","ocean_display_footer_widgets":"default","ocean_display_footer_bottom":"default","ocean_custom_footer_template":"0","footnotes":""},"class_list":["post-305","page","type-page","status-publish","hentry","entry"],"_links":{"self":[{"href":"https:\/\/kogud.emu.ee\/mumu\/wp-json\/wp\/v2\/pages\/305","targetHints":{"allow":["GET"]}}],"collection":[{"href":"https:\/\/kogud.emu.ee\/mumu\/wp-json\/wp\/v2\/pages"}],"about":[{"href":"https:\/\/kogud.emu.ee\/mumu\/wp-json\/wp\/v2\/types\/page"}],"author":[{"embeddable":true,"href":"https:\/\/kogud.emu.ee\/mumu\/wp-json\/wp\/v2\/users\/1"}],"replies":[{"embeddable":true,"href":"https:\/\/kogud.emu.ee\/mumu\/wp-json\/wp\/v2\/comments?post=305"}],"version-history":[{"count":6,"href":"https:\/\/kogud.emu.ee\/mumu\/wp-json\/wp\/v2\/pages\/305\/revisions"}],"predecessor-version":[{"id":1511,"href":"https:\/\/kogud.emu.ee\/mumu\/wp-json\/wp\/v2\/pages\/305\/revisions\/1511"}],"wp:attachment":[{"href":"https:\/\/kogud.emu.ee\/mumu\/wp-json\/wp\/v2\/media?parent=305"}],"curies":[{"name":"wp","href":"https:\/\/api.w.org\/{rel}","templated":true}]}}