{"id":302,"date":"2023-09-05T08:13:03","date_gmt":"2023-09-05T08:13:03","guid":{"rendered":"https:\/\/koguddev.emu.ee\/mumu\/?page_id=302"},"modified":"2023-09-05T10:55:42","modified_gmt":"2023-09-05T10:55:42","slug":"ajalugu","status":"publish","type":"page","link":"https:\/\/kogud.emu.ee\/mumu\/ajalugu\/","title":{"rendered":"Ajalugu"},"content":{"rendered":"\n<p><strong>\u00dclevaateartiklid ja uurimused Eesti mullateaduse ajaloost<\/strong><\/p>\n\n\n\n<p>Aastani 1918<\/p>\n\n\n\n<p><a href=\"http:\/\/www.eau.ee\/~astover\/Ajalugu\/Mullateadus%20Loit%5b1%5d.pdf\" target=\"_blank\" rel=\"noreferrer noopener\">Mullateadus &#8211;&nbsp;<strong><em>pdf<\/em><\/strong><\/a><br>Autor L. Reintam. Avaldatud: Teadus Eesti p\u00f5llumajanduse arenguloos I osa. APSi toimetised nr 5. lk. 16&#8230;19. Tartu, 1998.<\/p>\n\n\n\n<p>Aastad 1918&#8230;1940<\/p>\n\n\n\n<p><a href=\"http:\/\/www.eau.ee\/~astover\/Ajalugu\/1.3%20Mullateadus%5b1%5d.pdf\" target=\"_blank\" rel=\"noreferrer noopener\">Mullateadus &#8211;&nbsp;<em><strong>pdf<\/strong><br><\/em><\/a>Autor L. Reintam. Avaldatud: Teadus Eesti p\u00f5llumajanduse arenguloos II osa. lk. 15&#8230;18. Akadeemiline P\u00f5llumajanduse Selts. Tartu, 2003.<\/p>\n\n\n\n<p><a href=\"http:\/\/www.eau.ee\/~astover\/Ajalugu\/1.4.%20Muldade%20lupjamine%5b1%5d.pdf\" target=\"_blank\" rel=\"noreferrer noopener\">Muldade <span class='tooltipsall tooltip_post_id_191 classtoolTips191'>lupjamine<\/span> &#8211;&nbsp;<em><strong>pdf<\/strong><br><\/em><\/a>Autor E. Turbas. Avaldatud: Teadus Eesti p\u00f5llumajanduse arenguloos II osa. lk. 18&#8230;20. Akadeemiline P\u00f5llumajanduse Selts. Tartu, 2003.<\/p>\n\n\n\n<p>Isikud<\/p>\n\n\n\n<p><a href=\"http:\/\/www.eau.ee\/~astover\/Ajalugu\/Petzholdt_10_12_2009.pdf\" target=\"_blank\" rel=\"noreferrer noopener\">G.P. Alexander Petzholdt (1810&#8230;1889) &#8211;&nbsp;<em><strong>pdf<\/strong><br><\/em><\/a>Uurimuse koostaja Aimur Joandi. Esmaettekanne 2. dets. 2009 Eesti P\u00f5llumajandusmuuseumis P\u00f5llumajandusteaduse ajaloo p\u00e4eval.<\/p>\n","protected":false},"excerpt":{"rendered":"<p>\u00dclevaateartiklid ja uurimused Eesti mullateaduse ajaloost Aastani 1918 Mullateadus &#8211;&nbsp;pdfAutor L. Reintam. Avaldatud: Teadus Eesti p\u00f5llumajanduse arenguloos I osa. APSi toimetised nr 5. lk. 16&#8230;19. Tartu, 1998. Aastad 1918&#8230;1940 Mullateadus &#8211;&nbsp;pdfAutor L. Reintam. Avaldatud: Teadus Eesti p\u00f5llumajanduse arenguloos II osa. lk. 15&#8230;18. Akadeemiline P\u00f5llumajanduse Selts. Tartu, 2003. Muldade lupjamine &#8211;&nbsp;pdfAutor E. Turbas. Avaldatud: Teadus Eesti [&hellip;]<\/p>\n","protected":false},"author":1,"featured_media":0,"parent":0,"menu_order":0,"comment_status":"closed","ping_status":"closed","template":"","meta":{"ocean_post_layout":"","ocean_both_sidebars_style":"","ocean_both_sidebars_content_width":0,"ocean_both_sidebars_sidebars_width":0,"ocean_sidebar":"0","ocean_second_sidebar":"0","ocean_disable_margins":"enable","ocean_add_body_class":"","ocean_shortcode_before_top_bar":"","ocean_shortcode_after_top_bar":"","ocean_shortcode_before_header":"","ocean_shortcode_after_header":"","ocean_has_shortcode":"","ocean_shortcode_after_title":"","ocean_shortcode_before_footer_widgets":"","ocean_shortcode_after_footer_widgets":"","ocean_shortcode_before_footer_bottom":"","ocean_shortcode_after_footer_bottom":"","ocean_display_top_bar":"default","ocean_display_header":"default","ocean_header_style":"","ocean_center_header_left_menu":"0","ocean_custom_header_template":"0","ocean_custom_logo":0,"ocean_custom_retina_logo":0,"ocean_custom_logo_max_width":0,"ocean_custom_logo_tablet_max_width":0,"ocean_custom_logo_mobile_max_width":0,"ocean_custom_logo_max_height":0,"ocean_custom_logo_tablet_max_height":0,"ocean_custom_logo_mobile_max_height":0,"ocean_header_custom_menu":"0","ocean_menu_typo_font_family":"0","ocean_menu_typo_font_subset":"","ocean_menu_typo_font_size":0,"ocean_menu_typo_font_size_tablet":0,"ocean_menu_typo_font_size_mobile":0,"ocean_menu_typo_font_size_unit":"px","ocean_menu_typo_font_weight":"","ocean_menu_typo_font_weight_tablet":"","ocean_menu_typo_font_weight_mobile":"","ocean_menu_typo_transform":"","ocean_menu_typo_transform_tablet":"","ocean_menu_typo_transform_mobile":"","ocean_menu_typo_line_height":0,"ocean_menu_typo_line_height_tablet":0,"ocean_menu_typo_line_height_mobile":0,"ocean_menu_typo_line_height_unit":"","ocean_menu_typo_spacing":0,"ocean_menu_typo_spacing_tablet":0,"ocean_menu_typo_spacing_mobile":0,"ocean_menu_typo_spacing_unit":"","ocean_menu_link_color":"","ocean_menu_link_color_hover":"","ocean_menu_link_color_active":"","ocean_menu_link_background":"","ocean_menu_link_hover_background":"","ocean_menu_link_active_background":"","ocean_menu_social_links_bg":"","ocean_menu_social_hover_links_bg":"","ocean_menu_social_links_color":"","ocean_menu_social_hover_links_color":"","ocean_disable_title":"default","ocean_disable_heading":"default","ocean_post_title":"","ocean_post_subheading":"","ocean_post_title_style":"","ocean_post_title_background_color":"","ocean_post_title_background":0,"ocean_post_title_bg_image_position":"","ocean_post_title_bg_image_attachment":"","ocean_post_title_bg_image_repeat":"","ocean_post_title_bg_image_size":"","ocean_post_title_height":0,"ocean_post_title_bg_overlay":0.5,"ocean_post_title_bg_overlay_color":"","ocean_disable_breadcrumbs":"default","ocean_breadcrumbs_color":"","ocean_breadcrumbs_separator_color":"","ocean_breadcrumbs_links_color":"","ocean_breadcrumbs_links_hover_color":"","ocean_display_footer_widgets":"default","ocean_display_footer_bottom":"default","ocean_custom_footer_template":"0","footnotes":""},"class_list":["post-302","page","type-page","status-publish","hentry","entry"],"_links":{"self":[{"href":"https:\/\/kogud.emu.ee\/mumu\/wp-json\/wp\/v2\/pages\/302","targetHints":{"allow":["GET"]}}],"collection":[{"href":"https:\/\/kogud.emu.ee\/mumu\/wp-json\/wp\/v2\/pages"}],"about":[{"href":"https:\/\/kogud.emu.ee\/mumu\/wp-json\/wp\/v2\/types\/page"}],"author":[{"embeddable":true,"href":"https:\/\/kogud.emu.ee\/mumu\/wp-json\/wp\/v2\/users\/1"}],"replies":[{"embeddable":true,"href":"https:\/\/kogud.emu.ee\/mumu\/wp-json\/wp\/v2\/comments?post=302"}],"version-history":[{"count":2,"href":"https:\/\/kogud.emu.ee\/mumu\/wp-json\/wp\/v2\/pages\/302\/revisions"}],"predecessor-version":[{"id":322,"href":"https:\/\/kogud.emu.ee\/mumu\/wp-json\/wp\/v2\/pages\/302\/revisions\/322"}],"wp:attachment":[{"href":"https:\/\/kogud.emu.ee\/mumu\/wp-json\/wp\/v2\/media?parent=302"}],"curies":[{"name":"wp","href":"https:\/\/api.w.org\/{rel}","templated":true}]}}