{"id":23,"date":"2023-01-12T11:53:46","date_gmt":"2023-01-12T09:53:46","guid":{"rendered":"https:\/\/koguddev.emu.ee\/veekogud\/?page_id=23"},"modified":"2025-11-20T12:08:36","modified_gmt":"2025-11-20T10:08:36","slug":"elustik","status":"publish","type":"page","link":"https:\/\/kogud.emu.ee\/ehmc\/elustik\/","title":{"rendered":"Elustik"},"content":{"rendered":"\n<p>H\u00fcdrobioloogilised kogud [EMHC] paiknevad V\u00f5rtsj\u00e4rve&nbsp;limnoloogiakeskuses ning Tartus, Kreutzwaldi 5. Kogudesse on koondatud Eesti j\u00e4rvedest, j\u00f5gedest ja rannikumerest kogutud materjal. Suure osa sellest moodustavad j\u00e4rvedest XX sajandil kogutud proovid, k\u00f5ige varasemad neist p\u00e4rinevad sajandi algusest.<\/p>\n\n\n\n<p>Lisaks bioloogilisele materjalile kuulub kogusse ka mahukas fotokogu Eesti veekogudest (h\u00f5lmab ajavahemikku 1926-2023). Kogu baasil on v\u00f5imalikud uurimused veekogudes toimuvatest klimaatilistest ja ka inimtekkelistest pikaajalistest muutustest.<\/p>\n\n\n\n<p>Kogu struktuur<\/p>\n\n\n\n<p>Mikroskoopilised objektid<\/p>\n\n\n\n<ul class=\"wp-block-list\">\n<li><a href=\"https:\/\/kogud.emu.ee\/ehmc\/wp-content\/uploads\/sites\/14\/2023\/10\/Plankton_2011.xls\">f\u00fcto -ja zooplankton<\/a> ( 24 000 s\u00e4ilikut, neist ca 200 enne Teise Maailmas\u00f5ja aegset). Detailne vaatlusandmestik Peipsi j\u00e4rve f\u00fctoplanktoni kohta (aastad 1962- 2023), Narva veehoidla ja Eesti v\u00e4ikej\u00e4rvede kohta on leitav aadressil:&nbsp;<a href=\"https:\/\/dspace.emu.ee\/xmlui\/handle\/10492\/3711\" target=\"_blank\" rel=\"noopener\">https:\/\/dspace.emu.ee\/xmlui\/handle\/10492\/3711<\/a>&nbsp;<\/li>\n\n\n\n<li>r\u00e4nivetikate&nbsp;<a href=\"https:\/\/kogud.emu.ee\/ehmc\/wp-content\/uploads\/sites\/14\/2023\/10\/Ranivetikad__2011.xls\">preparaadid f\u00fctoplanktonist<\/a>&nbsp;(kokku \u00fcle 600 ajavahemikust 1975 -1997) ja&nbsp;<a href=\"https:\/\/kogud.emu.ee\/ehmc\/wp-content\/uploads\/sites\/14\/2023\/10\/Ranivetikad_bentosest.xls\">f\u00fctobentosest<\/a>&nbsp;(ca 1275 preparaati aastatest 1993-2014)<\/li>\n<\/ul>\n\n\n\n<p>Zoobentos<\/p>\n\n\n\n<ul class=\"wp-block-list\">\n<li><a href=\"https:\/\/kogud.emu.ee\/ehmc\/wp-content\/uploads\/sites\/14\/2023\/10\/Oligochaeta_2012.xls\">v\u00e4heharjasusside kogu<\/a>, \u00fcle 4500 preparaati sealhulgas 27 liigi t\u00fc\u00fcpeksemplarid<\/li>\n\n\n\n<li>muude suurselgrootute kogu (\u00fcle 3600 s\u00e4iliku)<\/li>\n\n\n\n<li>suurte limuste kuivatatud kojad (ca 1900 s\u00e4ilikut)<\/li>\n\n\n\n<li>suurselgrootute fotokogu (15 500 kaadrit)<\/li>\n\n\n\n<li>zoobentose proovikogu (\u00fcle 6000 s\u00e4iliku) h\u00f5lmab Eesti j\u00f5gesid, j\u00e4rvi ja L\u00e4\u00e4nemerd<\/li>\n<\/ul>\n\n\n\n<p>Veetaimed ja suured vetikad<\/p>\n\n\n\n<ul class=\"wp-block-list\">\n<li><a href=\"https:\/\/kogud.emu.ee\/ehmc\/wp-content\/uploads\/sites\/14\/2023\/10\/download.xls\">soontaimede ja sammalde kogu<\/a>&nbsp;(\u00fcle 5200 s\u00e4iliku)<\/li>\n\n\n\n<li><a href=\"https:\/\/kogud.emu.ee\/ehmc\/wp-content\/uploads\/sites\/14\/2023\/10\/Charophyta_2011.xls\">m\u00e4ndvetikate kogu<\/a>&nbsp;(ca 200 s\u00e4ilikut)<\/li>\n<\/ul>\n\n\n\n<p>Veekogude fotod<\/p>\n\n\n\n<ul class=\"wp-block-list\">\n<li>erinevate autorite fotod 1926-1990 (2700 kaadrit), vaadeldavad: <a href=\"https:\/\/kogud.emu.ee\/ehmc\/fotod\/\">https:\/\/kogud.emu.ee\/ehmc\/fotod\/<\/a><\/li>\n\n\n\n<li>H. Timmi fotokogu Eesti ja naabermaade veekogudest 1990-2023 (8600 kaadrit)<\/li>\n<\/ul>\n\n\n\n<p>Kogude t\u00e4iendamine, hooldamine ja arvelev\u00f5tmine toimub pidevalt. Suurem osa neist on n\u00fc\u00fcdseks digitaalselt katalogiseeritud. Arvestades proovide erip\u00e4ra on enamasti tegemist metaandmetega. Kontaktisik: Henn Timm (henn.timm@emu.ee)<\/p>\n","protected":false},"excerpt":{"rendered":"<p>H\u00fcdrobioloogilised kogud [EMHC] paiknevad V\u00f5rtsj\u00e4rve&nbsp;limnoloogiakeskuses ning Tartus, Kreutzwaldi 5. Kogudesse on koondatud Eesti j\u00e4rvedest, j\u00f5gedest ja rannikumerest kogutud materjal. Suure osa sellest moodustavad j\u00e4rvedest XX sajandil kogutud proovid, k\u00f5ige varasemad neist p\u00e4rinevad sajandi algusest. Lisaks bioloogilisele materjalile kuulub kogusse ka mahukas fotokogu Eesti veekogudest (h\u00f5lmab ajavahemikku 1926-2023). Kogu baasil on v\u00f5imalikud uurimused veekogudes toimuvatest klimaatilistest [&hellip;]<\/p>\n","protected":false},"author":1,"featured_media":0,"parent":0,"menu_order":0,"comment_status":"closed","ping_status":"closed","template":"","meta":{"ocean_post_layout":"full-width","ocean_both_sidebars_style":"","ocean_both_sidebars_content_width":0,"ocean_both_sidebars_sidebars_width":0,"ocean_sidebar":"0","ocean_second_sidebar":"0","ocean_disable_margins":"enable","ocean_add_body_class":"","ocean_shortcode_before_top_bar":"","ocean_shortcode_after_top_bar":"","ocean_shortcode_before_header":"","ocean_shortcode_after_header":"","ocean_has_shortcode":"","ocean_shortcode_after_title":"","ocean_shortcode_before_footer_widgets":"","ocean_shortcode_after_footer_widgets":"","ocean_shortcode_before_footer_bottom":"","ocean_shortcode_after_footer_bottom":"","ocean_display_top_bar":"default","ocean_display_header":"default","ocean_header_style":"","ocean_center_header_left_menu":"0","ocean_custom_header_template":"0","ocean_custom_logo":0,"ocean_custom_retina_logo":0,"ocean_custom_logo_max_width":0,"ocean_custom_logo_tablet_max_width":0,"ocean_custom_logo_mobile_max_width":0,"ocean_custom_logo_max_height":0,"ocean_custom_logo_tablet_max_height":0,"ocean_custom_logo_mobile_max_height":0,"ocean_header_custom_menu":"0","ocean_menu_typo_font_family":"0","ocean_menu_typo_font_subset":"","ocean_menu_typo_font_size":0,"ocean_menu_typo_font_size_tablet":0,"ocean_menu_typo_font_size_mobile":0,"ocean_menu_typo_font_size_unit":"px","ocean_menu_typo_font_weight":"","ocean_menu_typo_font_weight_tablet":"","ocean_menu_typo_font_weight_mobile":"","ocean_menu_typo_transform":"","ocean_menu_typo_transform_tablet":"","ocean_menu_typo_transform_mobile":"","ocean_menu_typo_line_height":0,"ocean_menu_typo_line_height_tablet":0,"ocean_menu_typo_line_height_mobile":0,"ocean_menu_typo_line_height_unit":"","ocean_menu_typo_spacing":0,"ocean_menu_typo_spacing_tablet":0,"ocean_menu_typo_spacing_mobile":0,"ocean_menu_typo_spacing_unit":"","ocean_menu_link_color":"","ocean_menu_link_color_hover":"","ocean_menu_link_color_active":"","ocean_menu_link_background":"","ocean_menu_link_hover_background":"","ocean_menu_link_active_background":"","ocean_menu_social_links_bg":"","ocean_menu_social_hover_links_bg":"","ocean_menu_social_links_color":"","ocean_menu_social_hover_links_color":"","ocean_disable_title":"default","ocean_disable_heading":"default","ocean_post_title":"","ocean_post_subheading":"","ocean_post_title_style":"","ocean_post_title_background_color":"","ocean_post_title_background":0,"ocean_post_title_bg_image_position":"","ocean_post_title_bg_image_attachment":"","ocean_post_title_bg_image_repeat":"","ocean_post_title_bg_image_size":"","ocean_post_title_height":0,"ocean_post_title_bg_overlay":0.5,"ocean_post_title_bg_overlay_color":"","ocean_disable_breadcrumbs":"default","ocean_breadcrumbs_color":"","ocean_breadcrumbs_separator_color":"","ocean_breadcrumbs_links_color":"","ocean_breadcrumbs_links_hover_color":"","ocean_display_footer_widgets":"default","ocean_display_footer_bottom":"default","ocean_custom_footer_template":"0","footnotes":""},"class_list":["post-23","page","type-page","status-publish","hentry","entry"],"_links":{"self":[{"href":"https:\/\/kogud.emu.ee\/ehmc\/wp-json\/wp\/v2\/pages\/23","targetHints":{"allow":["GET"]}}],"collection":[{"href":"https:\/\/kogud.emu.ee\/ehmc\/wp-json\/wp\/v2\/pages"}],"about":[{"href":"https:\/\/kogud.emu.ee\/ehmc\/wp-json\/wp\/v2\/types\/page"}],"author":[{"embeddable":true,"href":"https:\/\/kogud.emu.ee\/ehmc\/wp-json\/wp\/v2\/users\/1"}],"replies":[{"embeddable":true,"href":"https:\/\/kogud.emu.ee\/ehmc\/wp-json\/wp\/v2\/comments?post=23"}],"version-history":[{"count":12,"href":"https:\/\/kogud.emu.ee\/ehmc\/wp-json\/wp\/v2\/pages\/23\/revisions"}],"predecessor-version":[{"id":24796,"href":"https:\/\/kogud.emu.ee\/ehmc\/wp-json\/wp\/v2\/pages\/23\/revisions\/24796"}],"wp:attachment":[{"href":"https:\/\/kogud.emu.ee\/ehmc\/wp-json\/wp\/v2\/media?parent=23"}],"curies":[{"name":"wp","href":"https:\/\/api.w.org\/{rel}","templated":true}]}}