{"id":17,"date":"2023-01-12T11:35:56","date_gmt":"2023-01-12T11:35:56","guid":{"rendered":"https:\/\/koguddev.emu.ee\/veekogud\/?page_id=17"},"modified":"2025-12-17T16:37:24","modified_gmt":"2025-12-17T14:37:24","slug":"avaleht","status":"publish","type":"page","link":"https:\/\/kogud.emu.ee\/ehmc\/","title":{"rendered":"Esileht"},"content":{"rendered":"<style class=\"block-visibility-hide-medium-screen block-visibility-hide-small-screen\">.wp-block-kadence-advancedgallery .kb-gallery-type-grid.kb-gallery-id-17_ea8fd1-91{margin:-5px;}.kb-gallery-type-grid.kb-gallery-id-17_ea8fd1-91 .kadence-blocks-gallery-item{padding:5px;}.kb-gallery-id-17_ea8fd1-91 .kadence-blocks-gallery-item .kb-gal-image-radius, .kb-gallery-id-17_ea8fd1-91 .kb-slide-item .kb-gal-image-radius img{border-radius:0px 0px 0px 0px;;}.kb-gallery-caption-style-bottom.kb-gallery-id-17_ea8fd1-91 .kadence-blocks-gallery-item .kadence-blocks-gallery-item-inner .kadence-blocks-gallery-item__caption, .kb-gallery-caption-style-bottom-hover.kb-gallery-id-17_ea8fd1-91 .kadence-blocks-gallery-item .kadence-blocks-gallery-item-inner .kadence-blocks-gallery-item__caption{background:linear-gradient(0deg, rgba(0, 0, 0, 0.5) 0, rgba(0, 0, 0, 0) 100%);}<\/style><div class=\"kb-gallery-wrap-id-17_ea8fd1-91 alignnone wp-block-kadence-advancedgallery\"><ul class=\"kb-gallery-ul kb-gallery-non-static kb-gallery-type-grid kb-gallery-id-17_ea8fd1-91 kb-gallery-caption-style-bottom-hover kb-gallery-filter-none\" data-image-filter=\"none\" data-item-selector=\".kadence-blocks-gallery-item\" data-lightbox-caption=\"true\" data-columns-xxl=\"3\" data-columns-xl=\"3\" data-columns-md=\"3\" data-columns-sm=\"2\" data-columns-xs=\"1\" data-columns-ss=\"1\"><li class=\"kadence-blocks-gallery-item\"><div class=\"kadence-blocks-gallery-item-inner\"><figure class=\"kb-gallery-figure kadence-blocks-gallery-item-has-caption\"><div class=\"kb-gal-image-radius\"><div class=\"kb-gallery-image-contain kadence-blocks-gallery-intrinsic kb-gallery-image-ratio-land32 kb-has-image-ratio-land32\" ><img loading=\"lazy\" decoding=\"async\" src=\"https:\/\/kogud.emu.ee\/ehmc\/wp-content\/uploads\/sites\/14\/2023\/05\/bba3fe9fe4370e1de2d189bf53e20c78.jpg\" width=\"800\" height=\"533\" alt=\"\" data-full-image=\"https:\/\/kogud.emu.ee\/ehmc\/wp-content\/uploads\/sites\/14\/2023\/05\/bba3fe9fe4370e1de2d189bf53e20c78.jpg\" data-light-image=\"https:\/\/kogud.emu.ee\/ehmc\/wp-content\/uploads\/sites\/14\/2023\/05\/bba3fe9fe4370e1de2d189bf53e20c78.jpg\" data-id=\"22844\" class=\"wp-image-22844\"\/><\/div><div class=\"kadence-blocks-gallery-item__caption\">Hariliku konksehmeslase (Cyrnus flavidus, Trichoptera) vastne<\/div><\/div><\/figure><\/div><\/li><li class=\"kadence-blocks-gallery-item\"><div class=\"kadence-blocks-gallery-item-inner\"><figure class=\"kb-gallery-figure kadence-blocks-gallery-item-has-caption\"><div class=\"kb-gal-image-radius\"><div class=\"kb-gallery-image-contain kadence-blocks-gallery-intrinsic kb-gallery-image-ratio-land32 kb-has-image-ratio-land32\" ><img loading=\"lazy\" decoding=\"async\" src=\"https:\/\/kogud.emu.ee\/ehmc\/wp-content\/uploads\/sites\/14\/2023\/05\/ef82420a531af43071141accaab6a47c.jpg\" width=\"800\" height=\"536\" alt=\"\" data-full-image=\"https:\/\/kogud.emu.ee\/ehmc\/wp-content\/uploads\/sites\/14\/2023\/05\/ef82420a531af43071141accaab6a47c.jpg\" data-light-image=\"https:\/\/kogud.emu.ee\/ehmc\/wp-content\/uploads\/sites\/14\/2023\/05\/ef82420a531af43071141accaab6a47c.jpg\" data-id=\"22979\" class=\"wp-image-22979\" srcset=\"https:\/\/kogud.emu.ee\/ehmc\/wp-content\/uploads\/sites\/14\/2023\/05\/ef82420a531af43071141accaab6a47c.jpg 800w, https:\/\/kogud.emu.ee\/ehmc\/wp-content\/uploads\/sites\/14\/2023\/05\/ef82420a531af43071141accaab6a47c-300x201.jpg 300w, https:\/\/kogud.emu.ee\/ehmc\/wp-content\/uploads\/sites\/14\/2023\/05\/ef82420a531af43071141accaab6a47c-768x515.jpg 768w\" sizes=\"auto, (max-width: 800px) 100vw, 800px\" \/><\/div><div class=\"kadence-blocks-gallery-item__caption\">Kakslaik-kiili (Epitheca bimaculata) vastne<\/div><\/div><\/figure><\/div><\/li><li class=\"kadence-blocks-gallery-item\"><div class=\"kadence-blocks-gallery-item-inner\"><figure class=\"kb-gallery-figure kadence-blocks-gallery-item-has-caption\"><div class=\"kb-gal-image-radius\"><div class=\"kb-gallery-image-contain kadence-blocks-gallery-intrinsic kb-gallery-image-ratio-land32 kb-has-image-ratio-land32\" ><img loading=\"lazy\" decoding=\"async\" src=\"https:\/\/kogud.emu.ee\/ehmc\/wp-content\/uploads\/sites\/14\/2023\/05\/1cad322cf859487ee932e20ab7eccdc0.jpg\" width=\"800\" height=\"533\" alt=\"\" data-full-image=\"https:\/\/kogud.emu.ee\/ehmc\/wp-content\/uploads\/sites\/14\/2023\/05\/1cad322cf859487ee932e20ab7eccdc0.jpg\" data-light-image=\"https:\/\/kogud.emu.ee\/ehmc\/wp-content\/uploads\/sites\/14\/2023\/05\/1cad322cf859487ee932e20ab7eccdc0.jpg\" data-id=\"22869\" class=\"wp-image-22869\" srcset=\"https:\/\/kogud.emu.ee\/ehmc\/wp-content\/uploads\/sites\/14\/2023\/05\/1cad322cf859487ee932e20ab7eccdc0.jpg 800w, https:\/\/kogud.emu.ee\/ehmc\/wp-content\/uploads\/sites\/14\/2023\/05\/1cad322cf859487ee932e20ab7eccdc0-300x200.jpg 300w, https:\/\/kogud.emu.ee\/ehmc\/wp-content\/uploads\/sites\/14\/2023\/05\/1cad322cf859487ee932e20ab7eccdc0-768x512.jpg 768w\" sizes=\"auto, (max-width: 800px) 100vw, 800px\" \/><\/div><div class=\"kadence-blocks-gallery-item__caption\">Suure surus\u00e4\u00e4se (Chironomus plumosus, Diptera) vastne<\/div><\/div><\/figure><\/div><\/li><\/ul><\/div>\n\n<style class=\"block-visibility-hide-large-screen\">.kb-gallery-id-17_982814-37 .kadence-blocks-gallery-item .kb-gal-image-radius, .kb-gallery-id-17_982814-37 .kb-slide-item .kb-gal-image-radius img{border-radius:0px 0px 0px 0px;;}.kb-gallery-caption-style-bottom.kb-gallery-id-17_982814-37 .kadence-blocks-gallery-item .kadence-blocks-gallery-item-inner .kadence-blocks-gallery-item__caption, .kb-gallery-caption-style-bottom-hover.kb-gallery-id-17_982814-37 .kadence-blocks-gallery-item .kadence-blocks-gallery-item-inner .kadence-blocks-gallery-item__caption{background:linear-gradient(0deg, rgba(0, 0, 0, 0.5) 0, rgba(0, 0, 0, 0) 100%);}.kb-gallery-wrap-id-17_982814-37.wp-block-kadence-advancedgallery{overflow:visible;}.kb-gallery-wrap-id-17_982814-37.wp-block-kadence-advancedgallery .kt-blocks-carousel{overflow:visible;}<\/style><div class=\"kb-gallery-wrap-id-17_982814-37 alignnone wp-block-kadence-advancedgallery\"><div class=\"kb-gallery-ul kb-gallery-non-static kb-gallery-type-slider kb-gallery-id-17_982814-37 kb-gallery-caption-style-bottom-hover kb-gallery-filter-none\" data-image-filter=\"none\" data-lightbox-caption=\"true\"><div class=\"kt-blocks-carousel kt-carousel-container-dotstyle-none\"><div class=\"kt-blocks-carousel-init kb-blocks-slider kt-carousel-arrowstyle-whiteondark kt-carousel-dotstyle-none kb-slider-group-arrow kb-slider-arrow-position-center\" data-slider-anim-speed=\"400\" data-slider-scroll=\"1\" data-slider-arrows=\"true\" data-slider-fade=\"true\" data-slider-dots=\"false\"data-slider-type=\"slider\"  data-slider-hover-pause=\"false\" data-slider-auto=\"1\" data-slider-speed=\"7000\" data-show-pause-button=\"false\"><li class=\"kb-slide-item kb-gallery-slide-item\"><div class=\"kadence-blocks-gallery-item\"><div class=\"kadence-blocks-gallery-item-inner\"><figure class=\"kb-gallery-figure kadence-blocks-gallery-item-has-caption\"><div class=\"kb-gal-image-radius\"><div class=\"kb-gallery-image-contain kadence-blocks-gallery-intrinsic kb-gallery-image-ratio-land21 kb-has-image-ratio-land21\" ><img loading=\"lazy\" decoding=\"async\" src=\"data:image\/svg+xml,%3Csvg%20xmlns='http:\/\/www.w3.org\/2000\/svg'%20viewBox='0%200%201000%20667'%3E%3C\/svg%3E\"  data-splide-lazy=\"https:\/\/kogud.emu.ee\/ehmc\/wp-content\/uploads\/sites\/14\/2023\/05\/bba3fe9fe4370e1de2d189bf53e20c78.jpg\" width=\"800\" height=\"533\" alt=\"\" data-full-image=\"https:\/\/kogud.emu.ee\/ehmc\/wp-content\/uploads\/sites\/14\/2023\/05\/bba3fe9fe4370e1de2d189bf53e20c78.jpg\" data-light-image=\"https:\/\/kogud.emu.ee\/ehmc\/wp-content\/uploads\/sites\/14\/2023\/05\/bba3fe9fe4370e1de2d189bf53e20c78.jpg\" data-id=\"22844\" class=\"wp-image-22844 skip-lazy\"\/><\/div><div class=\"kadence-blocks-gallery-item__caption\">Hariliku konksehmeslase (Cyrnus flavidus, Trichoptera) vastne<\/div><\/div><\/figure><\/div><\/div><\/li><li class=\"kb-slide-item kb-gallery-slide-item\"><div class=\"kadence-blocks-gallery-item\"><div class=\"kadence-blocks-gallery-item-inner\"><figure class=\"kb-gallery-figure kadence-blocks-gallery-item-has-caption\"><div class=\"kb-gal-image-radius\"><div class=\"kb-gallery-image-contain kadence-blocks-gallery-intrinsic kb-gallery-image-ratio-land21 kb-has-image-ratio-land21\" ><img loading=\"lazy\" decoding=\"async\" src=\"data:image\/svg+xml,%3Csvg%20xmlns='http:\/\/www.w3.org\/2000\/svg'%20viewBox='0%200%201000%20667'%3E%3C\/svg%3E\"  data-splide-lazy=\"https:\/\/kogud.emu.ee\/ehmc\/wp-content\/uploads\/sites\/14\/2023\/05\/ef82420a531af43071141accaab6a47c.jpg\" width=\"800\" height=\"536\" alt=\"\" data-full-image=\"https:\/\/kogud.emu.ee\/ehmc\/wp-content\/uploads\/sites\/14\/2023\/05\/ef82420a531af43071141accaab6a47c.jpg\" data-light-image=\"https:\/\/kogud.emu.ee\/ehmc\/wp-content\/uploads\/sites\/14\/2023\/05\/ef82420a531af43071141accaab6a47c.jpg\" data-splide-lazy-srcset=\"https:\/\/kogud.emu.ee\/ehmc\/wp-content\/uploads\/sites\/14\/2023\/05\/ef82420a531af43071141accaab6a47c.jpg 800w, https:\/\/kogud.emu.ee\/ehmc\/wp-content\/uploads\/sites\/14\/2023\/05\/ef82420a531af43071141accaab6a47c-300x201.jpg 300w, https:\/\/kogud.emu.ee\/ehmc\/wp-content\/uploads\/sites\/14\/2023\/05\/ef82420a531af43071141accaab6a47c-768x515.jpg 768w\" sizes=\"auto, (max-width: 800px) 100vw, 800px\"data-id=\"22979\" class=\"wp-image-22979 skip-lazy\"\/><\/div><div class=\"kadence-blocks-gallery-item__caption\">Kakslaik-kiili (Epitheca bimaculata) vastne<\/div><\/div><\/figure><\/div><\/div><\/li><li class=\"kb-slide-item kb-gallery-slide-item\"><div class=\"kadence-blocks-gallery-item\"><div class=\"kadence-blocks-gallery-item-inner\"><figure class=\"kb-gallery-figure kadence-blocks-gallery-item-has-caption\"><div class=\"kb-gal-image-radius\"><div class=\"kb-gallery-image-contain kadence-blocks-gallery-intrinsic kb-gallery-image-ratio-land21 kb-has-image-ratio-land21\" ><img loading=\"lazy\" decoding=\"async\" src=\"data:image\/svg+xml,%3Csvg%20xmlns='http:\/\/www.w3.org\/2000\/svg'%20viewBox='0%200%201000%20667'%3E%3C\/svg%3E\"  data-splide-lazy=\"https:\/\/kogud.emu.ee\/ehmc\/wp-content\/uploads\/sites\/14\/2023\/05\/1cad322cf859487ee932e20ab7eccdc0.jpg\" width=\"800\" height=\"533\" alt=\"\" data-full-image=\"https:\/\/kogud.emu.ee\/ehmc\/wp-content\/uploads\/sites\/14\/2023\/05\/1cad322cf859487ee932e20ab7eccdc0.jpg\" data-light-image=\"https:\/\/kogud.emu.ee\/ehmc\/wp-content\/uploads\/sites\/14\/2023\/05\/1cad322cf859487ee932e20ab7eccdc0.jpg\" data-splide-lazy-srcset=\"https:\/\/kogud.emu.ee\/ehmc\/wp-content\/uploads\/sites\/14\/2023\/05\/1cad322cf859487ee932e20ab7eccdc0.jpg 800w, https:\/\/kogud.emu.ee\/ehmc\/wp-content\/uploads\/sites\/14\/2023\/05\/1cad322cf859487ee932e20ab7eccdc0-300x200.jpg 300w, https:\/\/kogud.emu.ee\/ehmc\/wp-content\/uploads\/sites\/14\/2023\/05\/1cad322cf859487ee932e20ab7eccdc0-768x512.jpg 768w\" sizes=\"auto, (max-width: 800px) 100vw, 800px\"data-id=\"22869\" class=\"wp-image-22869 skip-lazy\"\/><\/div><div class=\"kadence-blocks-gallery-item__caption\">Suure surus\u00e4\u00e4se (Chironomus plumosus, Diptera) vastne<\/div><\/div><\/figure><\/div><\/div><\/li><\/div><\/div><\/div><\/div>\n\n\n<p><\/p>\n\n\n\n<p>Esimeseks teaduslikuks uuringuks Eestimaa veekogudest v\u00f5ib pidada K.E.v. Baeri artiklit Peipsi kalanduse kohta 1851 aastast. Eesti j\u00e4rvede ja j\u00f5gede h\u00fcdrobioloogiliste uuringutega alustati XX sajandi alguses Tartu \u00dclikoolis. Aastatel 1920-1940 oli nende t\u00f6\u00f6de eestvedaja prof. Heinrich Riikoja (1891-1988) zooloogia kateedrist.<\/p>\n\n\n\n<p>Teise maailmas\u00f5ja j\u00e4rel koondus sisevete uurimist\u00f6\u00f6 1947. aastal loodud Bioloogia Instituudi (hilisema Zooloogia ja Botaanika Instituudi) h\u00fcdrobioloogia sektorisse. Alustati Emaj\u00f5est ning suurematest j\u00e4rvedest, eesk\u00e4tt kalanduse huvidest l\u00e4htudes. J\u00e4rgnevatel aastatel j\u00f5uti l\u00e4bi uurida palju j\u00e4rvi. Selle t\u00f6\u00f6 vahekokkuv\u00f5te on 1968. aastal ilmunud koguteos \u201cEesti j\u00e4rved\u201d. Raamat \u201eEesti j\u00f5ed\u201d ilmus 2001 aastal. Samanimelised j\u00e4rve- ja j\u00f5eraamatud ilmusid juba uue materjali p\u00f5hjal ka 2019. a.<\/p>\n\n\n\n<p>Suur osa t\u00f6\u00f6de k\u00e4igus kogunenud materjalist on alles hoitud: kas konserveeritud, kuivatatud v\u00f5i prepareeritud kujul. Edaspidi on v\u00f5imalik seda l\u00e4hemalt uurida n\u00e4iteks DNA-anal\u00fc\u00fcsiga v\u00f5i stabiilsete isotoopide sisalduse hindamiseks.<\/p>\n\n\n\n<p>H\u00fcdrobioloogilise uurimist\u00f6\u00f6 k\u00e4igus on kogunenud ka hulk pildimaterjali. Aastatk\u00fcmnete taguste fotode v\u00f5rdlemine t\u00e4nap\u00e4evastega v\u00f5imaldab veekogudega toimunud muutusi m\u00f5nikord paremini hinnata kui hulk tabeleid. Siin on kohane analoogia Alpide liustike fotodega \u2013 \u00fcle-eelmisel sajandil tehtud pildid on parim t\u00f5estus kliimamuutustest. Et veekogud on maastikus \u00fcks meelisobjekt, siis on k\u00f5igil arvutikasutajatel v\u00f5imalus selle kogu parandamiseks ja t\u00e4iendamiseks, v\u00f5ttes \u00fchendust kogu halduriga. Kindlasti oskavad paljud parandada\/t\u00e4psustada pildiga kaasnevat andmestikku (avaneb kui klikkida:&nbsp;<em>vaata l\u00e4hemalt<\/em>). Reeglina on k\u00f5ige ebam\u00e4\u00e4rasemad kaks parameetrit: pildistamise koht ja asimuut, mis on m\u00f5istetav, sest enamik piltidest p\u00e4rineb GPS-eelsest ajastust. Paljudel fotodel vajab t\u00e4psustamist ka pildistamise aeg.<\/p>\n\n\n\n<p>Neid pilte v\u00f5ib piiranguteta kasutada mittetulunduslikel eesm\u00e4rkidel. Muudel juhtudel tuleb v\u00f5tta \u00fchendust kogu halduriga (Henn Timm). Pildimaterjali valmistas ette Henn Timm Maa\u00fclikooli limnoloogiakeskusest (henn.timm@emu.ee). Veebikujunduse tegi Vallo Vahenurm (vallo.vahenurm@emu.ee).<\/p>\n","protected":false},"excerpt":{"rendered":"<p>Esimeseks teaduslikuks uuringuks Eestimaa veekogudest v\u00f5ib pidada K.E.v. Baeri artiklit Peipsi kalanduse kohta 1851 aastast. Eesti j\u00e4rvede ja j\u00f5gede h\u00fcdrobioloogiliste uuringutega alustati XX sajandi alguses Tartu \u00dclikoolis. Aastatel 1920-1940 oli nende t\u00f6\u00f6de eestvedaja prof. Heinrich Riikoja (1891-1988) zooloogia kateedrist. Teise maailmas\u00f5ja j\u00e4rel koondus sisevete uurimist\u00f6\u00f6 1947. aastal loodud Bioloogia Instituudi (hilisema Zooloogia ja Botaanika Instituudi) [&hellip;]<\/p>\n","protected":false},"author":1,"featured_media":0,"parent":0,"menu_order":0,"comment_status":"closed","ping_status":"closed","template":"","meta":{"ocean_post_layout":"full-width","ocean_both_sidebars_style":"","ocean_both_sidebars_content_width":0,"ocean_both_sidebars_sidebars_width":0,"ocean_sidebar":"0","ocean_second_sidebar":"0","ocean_disable_margins":"enable","ocean_add_body_class":"","ocean_shortcode_before_top_bar":"","ocean_shortcode_after_top_bar":"","ocean_shortcode_before_header":"","ocean_shortcode_after_header":"","ocean_has_shortcode":"","ocean_shortcode_after_title":"","ocean_shortcode_before_footer_widgets":"","ocean_shortcode_after_footer_widgets":"","ocean_shortcode_before_footer_bottom":"","ocean_shortcode_after_footer_bottom":"","ocean_display_top_bar":"default","ocean_display_header":"default","ocean_header_style":"","ocean_center_header_left_menu":"0","ocean_custom_header_template":"0","ocean_custom_logo":0,"ocean_custom_retina_logo":0,"ocean_custom_logo_max_width":0,"ocean_custom_logo_tablet_max_width":0,"ocean_custom_logo_mobile_max_width":0,"ocean_custom_logo_max_height":0,"ocean_custom_logo_tablet_max_height":0,"ocean_custom_logo_mobile_max_height":0,"ocean_header_custom_menu":"0","ocean_menu_typo_font_family":"0","ocean_menu_typo_font_subset":"","ocean_menu_typo_font_size":0,"ocean_menu_typo_font_size_tablet":0,"ocean_menu_typo_font_size_mobile":0,"ocean_menu_typo_font_size_unit":"px","ocean_menu_typo_font_weight":"","ocean_menu_typo_font_weight_tablet":"","ocean_menu_typo_font_weight_mobile":"","ocean_menu_typo_transform":"","ocean_menu_typo_transform_tablet":"","ocean_menu_typo_transform_mobile":"","ocean_menu_typo_line_height":0,"ocean_menu_typo_line_height_tablet":0,"ocean_menu_typo_line_height_mobile":0,"ocean_menu_typo_line_height_unit":"","ocean_menu_typo_spacing":0,"ocean_menu_typo_spacing_tablet":0,"ocean_menu_typo_spacing_mobile":0,"ocean_menu_typo_spacing_unit":"","ocean_menu_link_color":"","ocean_menu_link_color_hover":"","ocean_menu_link_color_active":"","ocean_menu_link_background":"","ocean_menu_link_hover_background":"","ocean_menu_link_active_background":"","ocean_menu_social_links_bg":"","ocean_menu_social_hover_links_bg":"","ocean_menu_social_links_color":"","ocean_menu_social_hover_links_color":"","ocean_disable_title":"default","ocean_disable_heading":"default","ocean_post_title":"","ocean_post_subheading":"","ocean_post_title_style":"","ocean_post_title_background_color":"","ocean_post_title_background":0,"ocean_post_title_bg_image_position":"","ocean_post_title_bg_image_attachment":"","ocean_post_title_bg_image_repeat":"","ocean_post_title_bg_image_size":"","ocean_post_title_height":0,"ocean_post_title_bg_overlay":0.5,"ocean_post_title_bg_overlay_color":"","ocean_disable_breadcrumbs":"default","ocean_breadcrumbs_color":"","ocean_breadcrumbs_separator_color":"","ocean_breadcrumbs_links_color":"","ocean_breadcrumbs_links_hover_color":"","ocean_display_footer_widgets":"default","ocean_display_footer_bottom":"default","ocean_custom_footer_template":"0","footnotes":""},"class_list":["post-17","page","type-page","status-publish","hentry","entry"],"_links":{"self":[{"href":"https:\/\/kogud.emu.ee\/ehmc\/wp-json\/wp\/v2\/pages\/17","targetHints":{"allow":["GET"]}}],"collection":[{"href":"https:\/\/kogud.emu.ee\/ehmc\/wp-json\/wp\/v2\/pages"}],"about":[{"href":"https:\/\/kogud.emu.ee\/ehmc\/wp-json\/wp\/v2\/types\/page"}],"author":[{"embeddable":true,"href":"https:\/\/kogud.emu.ee\/ehmc\/wp-json\/wp\/v2\/users\/1"}],"replies":[{"embeddable":true,"href":"https:\/\/kogud.emu.ee\/ehmc\/wp-json\/wp\/v2\/comments?post=17"}],"version-history":[{"count":28,"href":"https:\/\/kogud.emu.ee\/ehmc\/wp-json\/wp\/v2\/pages\/17\/revisions"}],"predecessor-version":[{"id":24798,"href":"https:\/\/kogud.emu.ee\/ehmc\/wp-json\/wp\/v2\/pages\/17\/revisions\/24798"}],"wp:attachment":[{"href":"https:\/\/kogud.emu.ee\/ehmc\/wp-json\/wp\/v2\/media?parent=17"}],"curies":[{"name":"wp","href":"https:\/\/api.w.org\/{rel}","templated":true}]}}